{"id":5435,"date":"2025-02-12T13:48:13","date_gmt":"2025-02-12T12:48:13","guid":{"rendered":"https:\/\/depot-de-marque.com\/?page_id=5435"},"modified":"2025-03-11T11:41:35","modified_gmt":"2025-03-11T10:41:35","slug":"training","status":"publish","type":"page","link":"https:\/\/depot-de-marque.com\/en\/formation\/","title":{"rendered":"Incubator training"},"content":{"rendered":"<h1>Training<\/h1>\n<h1><span style=\"color: var(--tcb-skin-color-0);\">Intellectual Property<\/span><\/h1>\n<p>Training with quizzes and practical workshops for fun, interactive learning.<\/p>\n<p><span style=\"\"><a href=\"https:\/\/depot-de-marque.com\/wp-content\/uploads\/2025\/02\/photo-des-2.jpg\" target=\"_blank\"><img decoding=\"async\" alt=\"\" data-id=\"5449\" title=\"photo-des-2\" src=\"https:\/\/depot-de-marque.com\/wp-content\/uploads\/2025\/02\/photo-des-2.jpg.webp\" style=\"aspect-ratio: auto 503 \/ 695;\" data-width=\"364\" data-height=\"503\" data-init-width=\"503\" data-init-height=\"695\" width=\"364\" height=\"503\" loading=\"lazy\" data-link-wrap=\"true\" ml-d=\"0\" mt-d=\"-15.091000000000008\" center-h-d=\"false\" ml-m=\"-87.995\" mt-m=\"0\"><\/a><\/span><\/p>\n<h2 style=\"text-align: center;\">They trust us for their training<\/h2>\n<p><span><img decoding=\"async\" alt=\"\" data-id=\"5437\" title=\"maya logo\" src=\"https:\/\/depot-de-marque.com\/wp-content\/uploads\/2025\/02\/logo-maya.jpg.webp\" style=\"aspect-ratio: auto 183 \/ 255;\" ml-m=\"0\" ml-t=\"0\" width=\"140\" height=\"195\" data-width=\"140\" data-height=\"195\" data-init-width=\"183\" data-init-height=\"255\" loading=\"lazy\" data-link-wrap=\"true\"><\/span><span><img decoding=\"async\" alt=\"\" data-id=\"5439\" title=\"logo_Auxime\" src=\"https:\/\/depot-de-marque.com\/wp-content\/uploads\/2025\/02\/logo_Auxime.png\" style=\"aspect-ratio: auto 400 \/ 145;\" ml-m=\"0\" ml-t=\"0\" width=\"273\" height=\"99\" data-width=\"273\" data-height=\"99\" data-init-width=\"400\" data-init-height=\"145\" loading=\"lazy\" data-link-wrap=\"true\"><\/span><span><img decoding=\"async\" alt=\"\" data-id=\"5438\" title=\"logo-MIX\" src=\"https:\/\/depot-de-marque.com\/wp-content\/uploads\/2025\/02\/logo-MIX.jpg.webp\" style=\"aspect-ratio: auto 364 \/ 360;\" ml-m=\"0\" ml-t=\"0\" width=\"140\" height=\"138\" data-width=\"140\" data-height=\"138\" data-init-width=\"364\" data-init-height=\"360\" loading=\"lazy\" data-link-wrap=\"true\"><\/span><\/p>\n<h2 style=\"text-align: center;\"><span style=\"--tcb-applied-color: var$(--tcb-skin-color-4) !important; color: var(--tcb-skin-color-4) !important;\">Contents of the<\/span><span style=\"--tcb-applied-color: var$(--tcb-skin-color-0) !important; color: var(--tcb-skin-color-0) !important;\">training<\/span><\/h2>\n<h3>The <span style=\"--tcb-applied-color: var$(--tcb-skin-color-0) !important; color: var(--tcb-skin-color-0) !important;\">Intellectual Property<\/span><\/h3>\n<p>Definition, presentation of the various existing titles, usefulness, limits, duration of rights...<\/p>\n<p><!--! Font Awesome Free 6.7.1 by @fontawesome - https:\/\/fontawesome.com License - https:\/\/fontawesome.com\/license\/free (Icons: CC BY 4.0, Fonts: SIL OFL 1.1, Code: MIT License) Copyright 2024 Fonticons, Inc. --><\/p>\n<h3>The <span style=\"--tcb-applied-color: var$(--tcb-skin-color-0) !important; color: var(--tcb-skin-color-0) !important;\">Brands<\/span><\/h3>\n<p style=\"\">The benefits of registration, distinctiveness, availability and prior art searches, trademark form, wording, ownership, registration stages, costs...<\/p>\n<p><!--! Font Awesome Free 6.7.1 by @fontawesome - https:\/\/fontawesome.com License - https:\/\/fontawesome.com\/license\/free (Icons: CC BY 4.0, Fonts: SIL OFL 1.1, Code: MIT License) Copyright 2024 Fonticons, Inc. --><\/p>\n<h3>The <span style=\"--tcb-applied-color: var$(--tcb-skin-color-0) !important; color: var(--tcb-skin-color-0) !important;\">Copyright<\/span><\/h3>\n<p>Conditions of protection, means of protection, transfer of rights contract, exceptions, cases of graphic artists, illustrators, trainers, photographers, designers...<\/p>\n<h3>The <span style=\"--tcb-applied-color: var$(--tcb-skin-color-0) !important; color: var(--tcb-skin-color-0) !important;\">Advocacy<\/span><\/h3>\n<p>Available procedures, risks involved, counterfeiting, internet defense...<\/p>\n<h2 style=\"text-align: center;\"><strong><span style=\"--tcb-applied-color: var$(--tcb-skin-color-0) !important; color: var(--tcb-skin-color-0) !important;\">Terms and conditions <\/span>training<\/strong><\/h2>\n<p>Duration<\/p>\n<p>7 hours<\/p>\n<p><!--! Font Awesome Free 6.7.1 by @fontawesome - https:\/\/fontawesome.com License - https:\/\/fontawesome.com\/license\/free (Icons: CC BY 4.0, Fonts: SIL OFL 1.1, Code: MIT License) Copyright 2024 Fonticons, Inc. --><\/p>\n<p>Available formats<\/p>\n<ul>\n<li style=\"text-align: left;\">One-day face-to-face meeting<\/li>\n<li style=\"text-align: left;\">Distance learning over two half-days<\/li>\n<li style=\"text-align: left;\">Hybrid training according to your preferences<\/li>\n<\/ul>\n<p>Rate<\/p>\n<p>Price: \u20ac1,000 excl. tax, regardless of the number of trainees (excluding travel expenses where applicable).<\/p>\n<h2 style=\"text-align: center;\"><strong><span style=\"--tcb-applied-color: var$(--tcb-skin-color-0) !important; color: var(--tcb-skin-color-0) !important;\"><\/span>The <span style=\"--tcb-applied-color: var$(--tcb-skin-color-0) !important; color: var(--tcb-skin-color-0) !important;\">Trainers<\/span><\/strong><\/h2>\n<h2>Claire <span style=\"--tcb-applied-color: var$(--tcb-skin-color-0) !important; color: var(--tcb-skin-color-0) !important;\">YAM<\/span><\/h2>\n<p><a href=\"https:\/\/www.linkedin.com\/in\/claire-yam\/\" target=\"_blank\" rel=\"nofollow noopener\"><\/a><\/p>\n<p>A graduate of the \u00c9cole d'Avocats de Paris and qualified as an Industrial Property Attorney, she has over 15 years' experience in trademark law.<\/p>\n<p>Founder of Cabinet Yamark in 2016, she helps entrepreneurs bring to life the brand they care about, while minimizing the risks of exploiting that name.<\/p>\n<h2>Juliette&nbsp;<span style=\"--tcb-applied-color: var$(--tcb-skin-color-0) !important; color: var(--tcb-skin-color-0) !important;\">TALLOBRE<\/span><\/h2>\n<p><a href=\"https:\/\/www.linkedin.com\/in\/juliette-tallobre-37936b44\/\" target=\"_blank\" rel=\"nofollow noopener\"><\/a><\/p>\n<p>A graduate of CEIPI in Strasbourg, Juliette specializes in trademark and copyright law. She has been an Industrial Property Attorney since 2020.<\/p>\n<p>She joined Yamark in 2018 and has a particular appetite for legal consultancy, litigation cases and training.<\/p>\n<h2 style=\"text-align: center;\">Boost your training calendar, help your entrepreneurs protect their intellectual property!<\/h2>","protected":false},"excerpt":{"rendered":"<p>Formation Propri\u00e9t\u00e9 Intellectuelle Formation rythm\u00e9e par des quizz et ateliers pratiques pour apprendre de fa\u00e7on ludique et interactive. Ils nous font confiance pour leurs formations Contenu de laformation La Propri\u00e9t\u00e9 Intellectuelle D\u00e9finition, pr\u00e9sentation des diff\u00e9rents titres existants, utilit\u00e9, limites, dur\u00e9e des droits&#8230; Les Marques Int\u00e9r\u00eat d\u2019un d\u00e9p\u00f4t, distinctivit\u00e9, disponibilit\u00e9 et recherches d\u2019ant\u00e9riorit\u00e9s, forme de la [&hellip;]<\/p>\n","protected":false},"author":1,"featured_media":0,"parent":0,"menu_order":0,"comment_status":"closed","ping_status":"closed","template":"","meta":{"footnotes":""},"class_list":["post-5435","page","type-page","status-publish","hentry","post-wrapper","thrv_wrapper"],"_links":{"self":[{"href":"https:\/\/depot-de-marque.com\/en\/wp-json\/wp\/v2\/pages\/5435","targetHints":{"allow":["GET"]}}],"collection":[{"href":"https:\/\/depot-de-marque.com\/en\/wp-json\/wp\/v2\/pages"}],"about":[{"href":"https:\/\/depot-de-marque.com\/en\/wp-json\/wp\/v2\/types\/page"}],"author":[{"embeddable":true,"href":"https:\/\/depot-de-marque.com\/en\/wp-json\/wp\/v2\/users\/1"}],"replies":[{"embeddable":true,"href":"https:\/\/depot-de-marque.com\/en\/wp-json\/wp\/v2\/comments?post=5435"}],"version-history":[{"count":14,"href":"https:\/\/depot-de-marque.com\/en\/wp-json\/wp\/v2\/pages\/5435\/revisions"}],"predecessor-version":[{"id":5585,"href":"https:\/\/depot-de-marque.com\/en\/wp-json\/wp\/v2\/pages\/5435\/revisions\/5585"}],"wp:attachment":[{"href":"https:\/\/depot-de-marque.com\/en\/wp-json\/wp\/v2\/media?parent=5435"}],"curies":[{"name":"wp","href":"https:\/\/api.w.org\/{rel}","templated":true}]}}