{"id":4609,"date":"2020-11-29T20:52:30","date_gmt":"2020-11-29T19:52:30","guid":{"rendered":"http:\/\/depot-de-marque.com\/?page_id=4609"},"modified":"2025-03-14T15:30:01","modified_gmt":"2025-03-14T14:30:01","slug":"international-trademark-registration","status":"publish","type":"page","link":"https:\/\/depot-de-marque.com\/en\/depot-de-marque-internationale\/","title":{"rendered":"International trademark registration"},"content":{"rendered":"<h1><strong><span style=\"color: rgb(229, 190, 47);\">D\u00e9poser une marque internationale<\/span><\/strong><\/h1>\n<p style=\"text-align: center;\">D\u00e9couvrez le syst\u00e8me de Madrid, permettant d&rsquo;enregistrer sa marque dans plusieurs pays gr\u00e2ce \u00e0 un seul d\u00e9p\u00f4t<\/p>\n<h2 style=\"text-align: center;\">La marque internationale<\/h2>\n<p style=\"text-align: center;\">QU&rsquo;est-ce que c&rsquo;est ?<\/p>\n<h5>D\u00e9p\u00f4t centralis\u00e9 \u00e0 l&rsquo;OMPI<\/h5>\n<p>La marque internationale est un d\u00e9p\u00f4t unique effectu\u00e9 aupr\u00e8s de l&rsquo;INPI, qui transmet la demande \u00e0 l&rsquo;OMPI (Organisation Mondiale de la Propri\u00e9t\u00e9 Intellectuelle, bas\u00e9e \u00e0 Gen\u00e8ve). <a href=\"http:\/\/depot-de-marque.com\/guide-marques\/enregistrer-une-marque-internationale\" target=\"_blank\" style=\"outline: none;\"><\/a><\/p>\n<p><a href=\"http:\/\/depot-de-marque.com\/guide-marques\/enregistrer-une-marque-internationale\" style=\"outline: none;\" target=\"_blank\">En savoir plus sur la marque internationale<\/a><\/p>\n<h5>Nombreux pays membres<\/h5>\n<p>Cette marque permet de viser de nombreux pays membres du syst\u00e8me. La plupart des pays du monde en font partie, \u00e0 l&rsquo;exception principalement de certains pays d&rsquo;Asie et d&rsquo;Am\u00e9rique du sud.<\/p>\n<p><a href=\"https:\/\/www.wipo.int\/export\/sites\/www\/treaties\/fr\/documents\/pdf\/madrid_marks.pdf\" target=\"_blank\" style=\"outline: none;\" rel=\"noopener\">Voir les &nbsp;pays membres<\/a><\/p>\n<h5>Tarifs avantageux<\/h5>\n<p>Le d\u00e9p\u00f4t centralis\u00e9 permet de payer une taxe de base, puis une taxe individuelle par pays. Le montant de la taxe individuelle varie en fonction des pays et des classes vis\u00e9es dans le d\u00e9p\u00f4t. Le fait de d\u00e9poser une marque internationale est tr\u00e8s \u00e9conomique par rapport \u00e0 des d\u00e9p\u00f4ts nationaux effectu\u00e9s dans chacun des pays vis\u00e9s.<\/p>\n<p><a href=\"http:\/\/depot-de-marque.com\/contact\/\" style=\"outline: none;\">Demander un devis<\/a><\/p>\n<h5>Enregistrements locaux<\/h5>\n<p>Une fois la marque d\u00e9pos\u00e9e, chaque Etat vis\u00e9 par la marque va proc\u00e9der \u00e0 son propre examen, et accorder l&rsquo;enregistrement selon ses crit\u00e8res locaux. Une marque internationale peut donc \u00eatre accept\u00e9e dans certains pays, mais pas dans d&rsquo;autres (par exemple \u00e0 cause d&rsquo;un probl\u00e8me de disponibilit\u00e9 dans un pays).<\/p>\n<h3 style=\"text-align: center;\">Vous souhaitez d\u00e9poser une marque internationale ?<\/h3>\n<p style=\"text-align: center;\">Contactez-nous !<\/p>\n<h2 style=\"text-align: center;\">Nos Tarifs<\/h2>\n<p><a href=\"#\"><span><span>Instance 1<\/span><\/span><\/a><\/p>\n<p>HONORAIRES<\/p>\n<p style=\"\">Tarif valable pour 1 \u00e0 3 classes<\/p>\n<p style=\"\">550 \u20ac HT<\/p>\n<p>taxes ompi<\/p>\n<p style=\"\">TAXE DE BASE<\/p>\n<p style=\"\">(1 \u00e0 3 classes avec une base FR)<\/p>\n<p style=\"\">780 \u20ac<\/p>\n<p style=\"\">TAXES INDIVIDUELLES<\/p>\n<p style=\"\">Variables en fonction des pays et du nombre de classes<\/p>\n<h3 style=\"text-align: center;\">DEMANDEZ VOTRE DEVIS PERSONNALISE<\/h3>\n<h3 style=\"text-align: center;\">C&rsquo;est juste en dessous !<\/h3>\n<script type=\"text\/javascript\">\n\/* <![CDATA[ *\/\nvar gform;gform||(document.addEventListener(\"gform_main_scripts_loaded\",function(){gform.scriptsLoaded=!0}),document.addEventListener(\"gform\/theme\/scripts_loaded\",function(){gform.themeScriptsLoaded=!0}),window.addEventListener(\"DOMContentLoaded\",function(){gform.domLoaded=!0}),gform={domLoaded:!1,scriptsLoaded:!1,themeScriptsLoaded:!1,isFormEditor:()=>\"function\"==typeof InitializeEditor,callIfLoaded:function(o){return!(!gform.domLoaded||!gform.scriptsLoaded||!gform.themeScriptsLoaded&&!gform.isFormEditor()||(gform.isFormEditor()&&console.warn(\"The use of gform.initializeOnLoaded() is deprecated in the form editor context and will be removed in Gravity Forms 3.1.\"),o(),0))},initializeOnLoaded:function(o){gform.callIfLoaded(o)||(document.addEventListener(\"gform_main_scripts_loaded\",()=>{gform.scriptsLoaded=!0,gform.callIfLoaded(o)}),document.addEventListener(\"gform\/theme\/scripts_loaded\",()=>{gform.themeScriptsLoaded=!0,gform.callIfLoaded(o)}),window.addEventListener(\"DOMContentLoaded\",()=>{gform.domLoaded=!0,gform.callIfLoaded(o)}))},hooks:{action:{},filter:{}},addAction:function(o,r,e,t){gform.addHook(\"action\",o,r,e,t)},addFilter:function(o,r,e,t){gform.addHook(\"filter\",o,r,e,t)},doAction:function(o){gform.doHook(\"action\",o,arguments)},applyFilters:function(o){return gform.doHook(\"filter\",o,arguments)},removeAction:function(o,r){gform.removeHook(\"action\",o,r)},removeFilter:function(o,r,e){gform.removeHook(\"filter\",o,r,e)},addHook:function(o,r,e,t,n){null==gform.hooks[o][r]&&(gform.hooks[o][r]=[]);var d=gform.hooks[o][r];null==n&&(n=r+\"_\"+d.length),gform.hooks[o][r].push({tag:n,callable:e,priority:t=null==t?10:t})},doHook:function(r,o,e){var t;if(e=Array.prototype.slice.call(e,1),null!=gform.hooks[r][o]&&((o=gform.hooks[r][o]).sort(function(o,r){return o.priority-r.priority}),o.forEach(function(o){\"function\"!=typeof(t=o.callable)&&(t=window[t]),\"action\"==r?t.apply(null,e):e[0]=t.apply(null,e)})),\"filter\"==r)return e[0]},removeHook:function(o,r,t,n){var e;null!=gform.hooks[o][r]&&(e=(e=gform.hooks[o][r]).filter(function(o,r,e){return!!(null!=n&&n!=o.tag||null!=t&&t!=o.priority)}),gform.hooks[o][r]=e)}});\n\/* ]]> *\/\n<\/script>\n\n                <div class='gf_browser_gecko gform_wrapper gform_legacy_markup_wrapper gform-theme--no-framework' data-form-theme='legacy' data-form-index='0' id='gform_wrapper_25' ><style>#gform_wrapper_25[data-form-index=\"0\"].gform-theme,[data-parent-form=\"25_0\"]{--gf-color-primary: #204ce5;--gf-color-primary-rgb: 32, 76, 229;--gf-color-primary-contrast: #fff;--gf-color-primary-contrast-rgb: 255, 255, 255;--gf-color-primary-darker: #001AB3;--gf-color-primary-lighter: #527EFF;--gf-color-secondary: #fff;--gf-color-secondary-rgb: 255, 255, 255;--gf-color-secondary-contrast: #112337;--gf-color-secondary-contrast-rgb: 17, 35, 55;--gf-color-secondary-darker: #F5F5F5;--gf-color-secondary-lighter: #FFFFFF;--gf-color-out-ctrl-light: rgba(17, 35, 55, 0.1);--gf-color-out-ctrl-light-rgb: 17, 35, 55;--gf-color-out-ctrl-light-darker: rgba(104, 110, 119, 0.35);--gf-color-out-ctrl-light-lighter: #F5F5F5;--gf-color-out-ctrl-dark: #585e6a;--gf-color-out-ctrl-dark-rgb: 88, 94, 106;--gf-color-out-ctrl-dark-darker: #112337;--gf-color-out-ctrl-dark-lighter: rgba(17, 35, 55, 0.65);--gf-color-in-ctrl: #fff;--gf-color-in-ctrl-rgb: 255, 255, 255;--gf-color-in-ctrl-contrast: #112337;--gf-color-in-ctrl-contrast-rgb: 17, 35, 55;--gf-color-in-ctrl-darker: #F5F5F5;--gf-color-in-ctrl-lighter: #FFFFFF;--gf-color-in-ctrl-primary: #204ce5;--gf-color-in-ctrl-primary-rgb: 32, 76, 229;--gf-color-in-ctrl-primary-contrast: #fff;--gf-color-in-ctrl-primary-contrast-rgb: 255, 255, 255;--gf-color-in-ctrl-primary-darker: #001AB3;--gf-color-in-ctrl-primary-lighter: #527EFF;--gf-color-in-ctrl-light: rgba(17, 35, 55, 0.1);--gf-color-in-ctrl-light-rgb: 17, 35, 55;--gf-color-in-ctrl-light-darker: rgba(104, 110, 119, 0.35);--gf-color-in-ctrl-light-lighter: #F5F5F5;--gf-color-in-ctrl-dark: #585e6a;--gf-color-in-ctrl-dark-rgb: 88, 94, 106;--gf-color-in-ctrl-dark-darker: #112337;--gf-color-in-ctrl-dark-lighter: rgba(17, 35, 55, 0.65);--gf-radius: 3px;--gf-font-size-secondary: 14px;--gf-font-size-tertiary: 13px;--gf-icon-ctrl-number: url(\"data:image\/svg+xml,%3Csvg width='8' height='14' viewBox='0 0 8 14' fill='none' xmlns='http:\/\/www.w3.org\/2000\/svg'%3E%3Cpath fill-rule='evenodd' clip-rule='evenodd' d='M4 0C4.26522 5.96046e-08 4.51957 0.105357 4.70711 0.292893L7.70711 3.29289C8.09763 3.68342 8.09763 4.31658 7.70711 4.70711C7.31658 5.09763 6.68342 5.09763 6.29289 4.70711L4 2.41421L1.70711 4.70711C1.31658 5.09763 0.683417 5.09763 0.292893 4.70711C-0.0976311 4.31658 -0.097631 3.68342 0.292893 3.29289L3.29289 0.292893C3.48043 0.105357 3.73478 0 4 0ZM0.292893 9.29289C0.683417 8.90237 1.31658 8.90237 1.70711 9.29289L4 11.5858L6.29289 9.29289C6.68342 8.90237 7.31658 8.90237 7.70711 9.29289C8.09763 9.68342 8.09763 10.3166 7.70711 10.7071L4.70711 13.7071C4.31658 14.0976 3.68342 14.0976 3.29289 13.7071L0.292893 10.7071C-0.0976311 10.3166 -0.0976311 9.68342 0.292893 9.29289Z' fill='rgba(17, 35, 55, 0.65)'\/%3E%3C\/svg%3E\");--gf-icon-ctrl-select: url(\"data:image\/svg+xml,%3Csvg width='10' height='6' viewBox='0 0 10 6' fill='none' xmlns='http:\/\/www.w3.org\/2000\/svg'%3E%3Cpath fill-rule='evenodd' clip-rule='evenodd' d='M0.292893 0.292893C0.683417 -0.097631 1.31658 -0.097631 1.70711 0.292893L5 3.58579L8.29289 0.292893C8.68342 -0.0976311 9.31658 -0.0976311 9.70711 0.292893C10.0976 0.683417 10.0976 1.31658 9.70711 1.70711L5.70711 5.70711C5.31658 6.09763 4.68342 6.09763 4.29289 5.70711L0.292893 1.70711C-0.0976311 1.31658 -0.0976311 0.683418 0.292893 0.292893Z' fill='rgba(17, 35, 55, 0.65)'\/%3E%3C\/svg%3E\");--gf-icon-ctrl-search: url(\"data:image\/svg+xml,%3Csvg width='640' height='640' xmlns='http:\/\/www.w3.org\/2000\/svg'%3E%3Cpath d='M256 128c-70.692 0-128 57.308-128 128 0 70.691 57.308 128 128 128 70.691 0 128-57.309 128-128 0-70.692-57.309-128-128-128zM64 256c0-106.039 85.961-192 192-192s192 85.961 192 192c0 41.466-13.146 79.863-35.498 111.248l154.125 154.125c12.496 12.496 12.496 32.758 0 45.254s-32.758 12.496-45.254 0L367.248 412.502C335.862 434.854 297.467 448 256 448c-106.039 0-192-85.962-192-192z' fill='rgba(17, 35, 55, 0.65)'\/%3E%3C\/svg%3E\");--gf-label-space-y-secondary: var(--gf-label-space-y-md-secondary);--gf-ctrl-border-color: #686e77;--gf-ctrl-size: var(--gf-ctrl-size-md);--gf-ctrl-label-color-primary: #112337;--gf-ctrl-label-color-secondary: #112337;--gf-ctrl-choice-size: var(--gf-ctrl-choice-size-md);--gf-ctrl-checkbox-check-size: var(--gf-ctrl-checkbox-check-size-md);--gf-ctrl-radio-check-size: var(--gf-ctrl-radio-check-size-md);--gf-ctrl-btn-font-size: var(--gf-ctrl-btn-font-size-md);--gf-ctrl-btn-padding-x: var(--gf-ctrl-btn-padding-x-md);--gf-ctrl-btn-size: var(--gf-ctrl-btn-size-md);--gf-ctrl-btn-border-color-secondary: #686e77;--gf-ctrl-file-btn-bg-color-hover: #EBEBEB;--gf-field-img-choice-size: var(--gf-field-img-choice-size-md);--gf-field-img-choice-card-space: var(--gf-field-img-choice-card-space-md);--gf-field-img-choice-check-ind-size: var(--gf-field-img-choice-check-ind-size-md);--gf-field-img-choice-check-ind-icon-size: var(--gf-field-img-choice-check-ind-icon-size-md);--gf-field-pg-steps-number-color: rgba(17, 35, 55, 0.8);}<\/style>\n                        <div class='gform_heading'>\n                            <p class='gform_description'><\/p>\n                        <\/div><form method='post' enctype='multipart\/form-data'  id='gform_25'  action='\/en\/wp-json\/wp\/v2\/pages\/4609' data-formid='25' novalidate>\n                        <div class='gform-body gform_body'><ul id='gform_fields_25' class='gform_fields top_label form_sublabel_below description_below validation_below'><li id=\"field_25_1\" class=\"gfield gfield--type-text gfield_contains_required field_sublabel_below gfield--no-description field_description_below field_validation_below gfield_visibility_visible\"  ><label class='gfield_label gform-field-label' for='input_25_1'>Nom<span class=\"gfield_required\"><span class=\"gfield_required gfield_required_asterisk\">*<\/span><\/span><\/label><div class='ginput_container ginput_container_text'><input name='input_1' id='input_25_1' type='text' value='' class='medium'     aria-required=\"true\" aria-invalid=\"false\"   \/><\/div><\/li><li id=\"field_25_6\" class=\"gfield gfield--type-email gfield_contains_required field_sublabel_below gfield--no-description field_description_below field_validation_below gfield_visibility_visible\"  ><label class='gfield_label gform-field-label' for='input_25_6'>Email<span class=\"gfield_required\"><span class=\"gfield_required gfield_required_asterisk\">*<\/span><\/span><\/label><div class='ginput_container ginput_container_email'>\n                            <input name='input_6' id='input_25_6' type='email' value='' class='medium'    aria-required=\"true\" aria-invalid=\"false\"  \/>\n                        <\/div><\/li><li id=\"field_25_3\" class=\"gfield gfield--type-textarea gfield_contains_required field_sublabel_below gfield--no-description field_description_below field_validation_below gfield_visibility_visible\"  ><label class='gfield_label gform-field-label' for='input_25_3'>Votre activit\u00e9<span class=\"gfield_required\"><span class=\"gfield_required gfield_required_asterisk\">*<\/span><\/span><\/label><div class='ginput_container ginput_container_textarea'><textarea name='input_3' id='input_25_3' class='textarea small'    placeholder='Merci d&#039;indiquer ici les produits et\/ou services pour lesquels vous souhaitez d\u00e9poser votre marque. Si vous connaissez d\u00e9j\u00e0 les classes qui vous int\u00e9ressent, merci de les pr\u00e9ciser.' aria-required=\"true\" aria-invalid=\"false\"   rows='10' cols='50'><\/textarea><\/div><\/li><li id=\"field_25_4\" class=\"gfield gfield--type-textarea field_sublabel_below gfield--no-description field_description_below field_validation_below gfield_visibility_visible\"  ><label class='gfield_label gform-field-label' for='input_25_4'>Pays<\/label><div class='ginput_container ginput_container_textarea'><textarea name='input_4' id='input_25_4' class='textarea small'    placeholder='Merci d&#039;indiquer ici les pays dans lesquels vous souhaitez prot\u00e9ger votre marque.'  aria-invalid=\"false\"   rows='10' cols='50'><\/textarea><\/div><\/li><li id=\"field_25_5\" class=\"gfield gfield--type-checkbox gfield--type-choice gfield_contains_required field_sublabel_below gfield--no-description field_description_below field_validation_below gfield_visibility_visible\"  ><label class='gfield_label gform-field-label screen-reader-text gfield_label_before_complex' ><span class=\"gfield_required\"><span class=\"gfield_required gfield_required_asterisk\">*<\/span><\/span><\/label><div class='ginput_container ginput_container_checkbox'><ul class='gfield_checkbox' id='input_25_5'><li class='gchoice gchoice_25_5_1'>\n\t\t\t\t\t\t\t\t<input class='gfield-choice-input' name='input_5.1' type='checkbox'  value='J&#039;accepte que mes donn\u00e9es personnelles soient exclusivement utilis\u00e9es pour que le Cabinet Yamark me recontacte suite \u00e0 ma demande. Aucune donn\u00e9e ne sera transmise \u00e0 un tiers, dans le respect du secret professionnel.'  id='choice_25_5_1'   \/>\n\t\t\t\t\t\t\t\t<label for='choice_25_5_1' id='label_25_5_1' class='gform-field-label gform-field-label--type-inline'>J'accepte que mes donn\u00e9es personnelles soient exclusivement utilis\u00e9es pour que le Cabinet Yamark me recontacte suite \u00e0 ma demande. Aucune donn\u00e9e ne sera transmise \u00e0 un tiers, dans le respect du secret professionnel.<\/label>\n\t\t\t\t\t\t\t<\/li><\/ul><\/div><\/li><li id=\"field_25_7\" class=\"gfield gfield--type-captcha field_sublabel_below gfield--no-description field_description_below field_validation_below gfield_visibility_visible\"  ><label class='gfield_label gform-field-label' for='input_25_7'>CAPTCHA<\/label><div id='input_25_7' class='ginput_container ginput_recaptcha' data-sitekey='6LcD6hEUAAAAAKKD_41KWpojhsS_qg-OTBQiT_x7'  data-theme='light' data-tabindex='0'  data-badge=''><\/div><\/li><\/ul><\/div>\n        <div class='gform-footer gform_footer top_label'> <input type='submit' id='gform_submit_button_25' class='gform_button button' onclick='gform.submission.handleButtonClick(this);' data-submission-type='submit' value='Envoyer'  \/> \n            <input type='hidden' class='gform_hidden' name='gform_submission_method' data-js='gform_submission_method_25' value='postback' \/>\n            <input type='hidden' class='gform_hidden' name='gform_theme' data-js='gform_theme_25' id='gform_theme_25' value='legacy' \/>\n            <input type='hidden' class='gform_hidden' name='gform_style_settings' data-js='gform_style_settings_25' id='gform_style_settings_25' value='[]' \/>\n            <input type='hidden' class='gform_hidden' name='is_submit_25' value='1' \/>\n            <input type='hidden' class='gform_hidden' name='gform_submit' value='25' \/>\n            \n            <input type='hidden' class='gform_hidden' name='gform_currency' data-currency='EUR' value='GNev0TQtgSEqyv+gDWTeTWgr3Ywj7DM9dSWFo4Dfb0Z7EpR66yUY2vtAoBVg7V498SK5oq+mjzbdU4NAIU8PP61d1BpU99599\/uajKnuieDnK\/c=' \/>\n            <input type='hidden' class='gform_hidden' name='gform_unique_id' value='' \/>\n            <input type='hidden' class='gform_hidden' name='state_25' value='WyJbXSIsIjlkYTM0MzY5Y2FhYzBiYzUwMDhkM2NjYzUzYzMyZDk5Il0=' \/>\n            <input type='hidden' autocomplete='off' class='gform_hidden' name='gform_target_page_number_25' id='gform_target_page_number_25' value='0' \/>\n            <input type='hidden' autocomplete='off' class='gform_hidden' name='gform_source_page_number_25' id='gform_source_page_number_25' value='1' \/>\n            <input type='hidden' name='gform_field_values' value='' \/>\n            \n        <\/div>\n                        <\/form>\n                        <\/div><script type=\"text\/javascript\">\n\/* <![CDATA[ *\/\n gform.initializeOnLoaded( function() {gformInitSpinner( 25, 'https:\/\/depot-de-marque.com\/wp-content\/plugins\/gravityforms\/images\/spinner.svg', true );jQuery('#gform_ajax_frame_25').on('load',function(){var contents = jQuery(this).contents().find('*').html();var is_postback = contents.indexOf('GF_AJAX_POSTBACK') >= 0;if(!is_postback){return;}var form_content = jQuery(this).contents().find('#gform_wrapper_25');var is_confirmation = jQuery(this).contents().find('#gform_confirmation_wrapper_25').length > 0;var is_redirect = contents.indexOf('gformRedirect(){') >= 0;var is_form = form_content.length > 0 && ! is_redirect && ! is_confirmation;var mt = parseInt(jQuery('html').css('margin-top'), 10) + parseInt(jQuery('body').css('margin-top'), 10) + 100;if(is_form){jQuery('#gform_wrapper_25').html(form_content.html());if(form_content.hasClass('gform_validation_error')){jQuery('#gform_wrapper_25').addClass('gform_validation_error');} else {jQuery('#gform_wrapper_25').removeClass('gform_validation_error');}setTimeout( function() { \/* delay the scroll by 50 milliseconds to fix a bug in chrome *\/  }, 50 );if(window['gformInitDatepicker']) {gformInitDatepicker();}if(window['gformInitPriceFields']) {gformInitPriceFields();}var current_page = jQuery('#gform_source_page_number_25').val();gformInitSpinner( 25, 'https:\/\/depot-de-marque.com\/wp-content\/plugins\/gravityforms\/images\/spinner.svg', true );jQuery(document).trigger('gform_page_loaded', [25, current_page]);window['gf_submitting_25'] = false;}else if(!is_redirect){var confirmation_content = jQuery(this).contents().find('.GF_AJAX_POSTBACK').html();if(!confirmation_content){confirmation_content = contents;}jQuery('#gform_wrapper_25').replaceWith(confirmation_content);jQuery(document).trigger('gform_confirmation_loaded', [25]);window['gf_submitting_25'] = false;wp.a11y.speak(jQuery('#gform_confirmation_message_25').text());}else{jQuery('#gform_25').append(contents);if(window['gformRedirect']) {gformRedirect();}}jQuery(document).trigger(\"gform_pre_post_render\", [{ formId: \"25\", currentPage: \"current_page\", abort: function() { this.preventDefault(); } }]);        if (event && event.defaultPrevented) {                return;        }        const gformWrapperDiv = document.getElementById( \"gform_wrapper_25\" );        if ( gformWrapperDiv ) {            const visibilitySpan = document.createElement( \"span\" );            visibilitySpan.id = \"gform_visibility_test_25\";            gformWrapperDiv.insertAdjacentElement( \"afterend\", visibilitySpan );        }        const visibilityTestDiv = document.getElementById( \"gform_visibility_test_25\" );        let postRenderFired = false;        function triggerPostRender() {            if ( postRenderFired ) {                return;            }            postRenderFired = true;            gform.core.triggerPostRenderEvents( 25, current_page );            if ( visibilityTestDiv ) {                visibilityTestDiv.parentNode.removeChild( visibilityTestDiv );            }        }        function debounce( func, wait, immediate ) {            var timeout;            return function() {                var context = this, args = arguments;                var later = function() {                    timeout = null;                    if ( !immediate ) func.apply( context, args );                };                var callNow = immediate && !timeout;                clearTimeout( timeout );                timeout = setTimeout( later, wait );                if ( callNow ) func.apply( context, args );            };        }        const debouncedTriggerPostRender = debounce( function() {            triggerPostRender();        }, 200 );        if ( visibilityTestDiv && visibilityTestDiv.offsetParent === null ) {            const observer = new MutationObserver( ( mutations ) => {                mutations.forEach( ( mutation ) => {                    if ( mutation.type === 'attributes' && visibilityTestDiv.offsetParent !== null ) {                        debouncedTriggerPostRender();                        observer.disconnect();                    }                });            });            observer.observe( document.body, {                attributes: true,                childList: false,                subtree: true,                attributeFilter: [ 'style', 'class' ],            });        } else {            triggerPostRender();        }    } );} ); \n\/* ]]> *\/\n<\/script>\n\n","protected":false},"excerpt":{"rendered":"<p>D\u00e9poser une marque internationale D\u00e9couvrez le syst\u00e8me de Madrid, permettant d&rsquo;enregistrer sa marque dans plusieurs pays gr\u00e2ce \u00e0 un seul d\u00e9p\u00f4t La marque internationale QU&rsquo;est-ce que c&rsquo;est ? D\u00e9p\u00f4t centralis\u00e9 \u00e0 l&rsquo;OMPI La marque internationale est un d\u00e9p\u00f4t unique effectu\u00e9 aupr\u00e8s de l&rsquo;INPI, qui transmet la demande \u00e0 l&rsquo;OMPI (Organisation Mondiale de la Propri\u00e9t\u00e9 Intellectuelle, [&hellip;]<\/p>\n","protected":false},"author":1,"featured_media":0,"parent":0,"menu_order":0,"comment_status":"closed","ping_status":"closed","template":"","meta":{"footnotes":""},"class_list":["post-4609","page","type-page","status-publish","hentry","post-wrapper","thrv_wrapper"],"_links":{"self":[{"href":"https:\/\/depot-de-marque.com\/en\/wp-json\/wp\/v2\/pages\/4609","targetHints":{"allow":["GET"]}}],"collection":[{"href":"https:\/\/depot-de-marque.com\/en\/wp-json\/wp\/v2\/pages"}],"about":[{"href":"https:\/\/depot-de-marque.com\/en\/wp-json\/wp\/v2\/types\/page"}],"author":[{"embeddable":true,"href":"https:\/\/depot-de-marque.com\/en\/wp-json\/wp\/v2\/users\/1"}],"replies":[{"embeddable":true,"href":"https:\/\/depot-de-marque.com\/en\/wp-json\/wp\/v2\/comments?post=4609"}],"version-history":[{"count":1,"href":"https:\/\/depot-de-marque.com\/en\/wp-json\/wp\/v2\/pages\/4609\/revisions"}],"predecessor-version":[{"id":5589,"href":"https:\/\/depot-de-marque.com\/en\/wp-json\/wp\/v2\/pages\/4609\/revisions\/5589"}],"wp:attachment":[{"href":"https:\/\/depot-de-marque.com\/en\/wp-json\/wp\/v2\/media?parent=4609"}],"curies":[{"name":"wp","href":"https:\/\/api.w.org\/{rel}","templated":true}]}}