{"id":4570,"date":"2020-11-28T18:31:47","date_gmt":"2020-11-28T17:31:47","guid":{"rendered":"http:\/\/depot-de-marque.com\/?page_id=4570"},"modified":"2025-06-12T15:24:15","modified_gmt":"2025-06-12T14:24:15","slug":"european-trademark-registration","status":"publish","type":"page","link":"https:\/\/depot-de-marque.com\/en\/depot-de-marque-europeenne\/","title":{"rendered":"European Trademark Registration"},"content":{"rendered":"<h1><strong><span style=\"color: rgb(229, 190, 47);\">Register a trademark in the European Union<\/span><\/strong><\/h1>\n<p style=\"text-align: center;\">Discover our 3 packages, designed to fit all budgets!<\/p>\n<p><a href=\"#\"><span><span>Instance 1<\/span><\/span><\/a><\/p>\n<h5 style=\"\">Basic<\/h5>\n<p style=\"\"><em>Fast, simple and cost-efficient<\/em><\/p>\n<p style=\"\">349\u20ac excl. tax<\/p>\n<p>+ EUIPO taxes *<\/p>\n<ul>\n<li style=\"\"> <span style=\"\">Study of your project<\/span><\/li>\n<li style=\"\"> <span style=\"\">Searching for identical prior art in the 27 countries of the EU<\/span><\/li>\n<li style=\"\"> <span style=\"\">Choice of classes and drafting of the list of goods and services<\/span><\/li>\n<li style=\"\"> <span style=\"\">Registration of the trademark at the EUIPO&nbsp;<\/span><\/li>\n<li style=\"\"> <span style=\"\">Follow-up of the procedure, response to formal notifications<\/span><\/li>\n<li style=\"\"> <span style=\"\">Sending the registration certificate<\/span><\/li>\n<li style=\"\"> <span style=\"\">Priority reminder<\/span><\/li>\n<li style=\"\"> <span style=\"\">Renewal Reminder<\/span><\/li>\n<\/ul>\n<h5 style=\"\">Essential<\/h5>\n<p style=\"\"><em>The right intermediate solution<\/em><\/p>\n<p style=\"\">749 \u20ac ht<\/p>\n<p>+ EUIPO taxes *<\/p>\n<ul>\n<li style=\"\"> <span style=\"\">Study of your project<\/span><\/li>\n<li style=\"\"> <span style=\"\">Identical prior art searches <strong>Extended identical prior search <\/strong>in the 27 EU countries<\/span><\/li>\n<li style=\"\"> <span style=\"\">Choice of classes and drafting of the list of goods and services<\/span><\/li>\n<li style=\"\"> <span style=\"\">Registration of the trademark at the EUIPO<\/span><\/li>\n<li style=\"\"> <span style=\"\">Follow-up of the procedure, response to formal notifications<\/span><\/li>\n<li style=\"\"> <span style=\"\">Sending the registration certificate<\/span><\/li>\n<li style=\"\"> <span style=\"\"><strong>12 months of monitoring<\/strong><\/span><\/li>\n<li style=\"\"> <span style=\"\">Priority reminder<\/span><\/li>\n<li style=\"\"> <span style=\"\">Renewal Reminder<\/span><\/li>\n<\/ul>\n<h5 style=\"\">SECURITY<\/h5>\n<p style=\"\"><em>The most secure solution <\/em><em>for your brand !<\/em><\/p>\n<p style=\"\">1599\u20ac excl. tax<\/p>\n<p>+ EUIPO taxes *<\/p>\n<ul>\n<li style=\"\"> <span style=\"\">Study of your project<\/span><\/li>\n<li style=\"\"> <span style=\"\">Prior art searches in the 27 EU countries<\/span><\/li>\n<li style=\"\"> <span style=\"\"><strong>Search for similarities in the 27 EU countries<\/strong><\/span><\/li>\n<li style=\"\"> <span style=\"\">Choice of classes and drafting of the list of goods and services<\/span><\/li>\n<li style=\"\"> <span style=\"\">Registration of the trademark at the EUIPO<\/span><\/li>\n<li style=\"\"> <span style=\"\">Follow-up of the procedure, response to formal notifications<\/span><\/li>\n<li style=\"\"> <span style=\"\">Sending the registration certificate<\/span><\/li>\n<li style=\"\"> <span style=\"\"><strong>12 months of monitoring<\/strong><\/span><\/li>\n<li style=\"\"> <span style=\"\">Priority reminder<\/span><\/li>\n<li style=\"\"> <span style=\"\">Renewal Reminder<\/span><\/li>\n<\/ul>\n<p style=\"\"><em>* Fees for 1 to 3 classes (additional class Basic formula \u20ac50 excl. tax, Essential formula \u20ac60 excl. tax, Security formula \u20ac70 excl. tax) - EUIPO taxes: \u20ac850 for the 1st class, \u20ac50 for the 2nd and \u20ac150 per additional class.<\/em><\/p>\n<h2>The different types of prior art searches<\/h2>\n<p>We offer 3 types of searches, from the simplest to the most in-depth.<\/p>\n<p>Each of our formulas includes an identical search.<\/p>\n<p>Our Essential package also includes an extended identical search.<\/p>\n<p>Our Security package is the only one to integrate a search for similarities.<\/p>\n<h4>Identical search<\/h4>\n<p style=\"\">This search allows you to make sure that there is no obstacle strictly identical to your project. Please note that most conflicts arise from similar trademarks, not strictly identical ones.<\/p>\n<h4>Extended Identical Search<\/h4>\n<p style=\"\">It allows to find some similar trademarks (e.g. with a different suffix\/prefix), and to study more relevant precedents than a simple identical search. However, it is not the same as a true similarity search, which is much more complete.<\/p>\n<h4>Similarity search<\/h4>\n<p style=\"\">This search allows you to know the whole legal environment of your trademark by studying all the trademarks that present a visual and\/or phonetic similarity with your project. It is this search that provides the most legal security for your application.<\/p>\n<h3 style=\"text-align: center;\">WHAT PACKAGE FOR MY PROJECT?&nbsp;<\/h3>\n<h3 style=\"text-align: center;\">SOME CLUES TO GUIDE YOU<\/h3>\n<h4>Basic<\/h4>\n<p style=\"text-align: left;\">This package is perfect for contractors <strong>on a limited budget <\/strong>who don't want to miss out on their trademark protection.<\/p>\n<p style=\"\">\n<p style=\"\">It is also ideal for those who have time on their hands and do not intend to exploit their brand <strong>before at least 3 months<\/strong>.<\/p>\n<p style=\"\">\n<p style=\"\">Finally, it is very popular with Amazon sellers who want to <strong>register quickly<\/strong> their brand without dwelling on its availability.<\/p>\n<h4>Essential<\/h4>\n<p style=\"\">This formula is a <strong>happy medium<\/strong> between legal security and investment.<\/p>\n<p style=\"\">\n<p style=\"\">It allows to have a <strong>a broader view of the availability of its brand<\/strong>without going so far as to look for similarities.<\/p>\n<p style=\"\">\n<p style=\"\">Thanks to the <strong>12 months of monitoring included<\/strong> In the formula, it is suitable for those who want to keep an eye on their trademark after filing, and make sure that no one steps on their toes.<\/p>\n<h4>Security<\/h4>\n<p style=\"\">This formula is particularly suitable for <strong>cautious entrepreneurs, <\/strong>who wish to ensure the availability of their trademark before filing it <strong>through similarity searches<\/strong>. Thus, they will not risk receiving a third party action during the registration process.<\/p>\n<p style=\"\">\n<p style=\"\">It is also indicated for <strong>entrepreneurs in a hurry<\/strong>This is particularly advisable for companies who wish to use their trademark immediately, without waiting for the end of the opposition period. This is particularly advisable for <strong>projects involving the sale of branded products<\/strong>.<\/p>","protected":false},"excerpt":{"rendered":"<p>D\u00e9poser une marque en Union Europ\u00e9enne D\u00e9couvrez nos 3 formules,pens\u00e9es pour s&rsquo;adapter \u00e0 tous les budgets ! Instance 1 Formule basique Rapide, efficace et \u00e9conomique 349 \u20ac ht + taxes EUIPO * Etude de votre projet Recherche d&rsquo;ant\u00e9riorit\u00e9s \u00e0 l&rsquo;identique dans les 27 pays de l&rsquo;UE Choix des classes et r\u00e9daction sur mesure de la [&hellip;]<\/p>\n","protected":false},"author":1,"featured_media":0,"parent":0,"menu_order":0,"comment_status":"closed","ping_status":"closed","template":"","meta":{"footnotes":""},"class_list":["post-4570","page","type-page","status-publish","hentry","post-wrapper","thrv_wrapper"],"_links":{"self":[{"href":"https:\/\/depot-de-marque.com\/en\/wp-json\/wp\/v2\/pages\/4570","targetHints":{"allow":["GET"]}}],"collection":[{"href":"https:\/\/depot-de-marque.com\/en\/wp-json\/wp\/v2\/pages"}],"about":[{"href":"https:\/\/depot-de-marque.com\/en\/wp-json\/wp\/v2\/types\/page"}],"author":[{"embeddable":true,"href":"https:\/\/depot-de-marque.com\/en\/wp-json\/wp\/v2\/users\/1"}],"replies":[{"embeddable":true,"href":"https:\/\/depot-de-marque.com\/en\/wp-json\/wp\/v2\/comments?post=4570"}],"version-history":[{"count":3,"href":"https:\/\/depot-de-marque.com\/en\/wp-json\/wp\/v2\/pages\/4570\/revisions"}],"predecessor-version":[{"id":5597,"href":"https:\/\/depot-de-marque.com\/en\/wp-json\/wp\/v2\/pages\/4570\/revisions\/5597"}],"wp:attachment":[{"href":"https:\/\/depot-de-marque.com\/en\/wp-json\/wp\/v2\/media?parent=4570"}],"curies":[{"name":"wp","href":"https:\/\/api.w.org\/{rel}","templated":true}]}}