{"id":3401,"date":"2019-07-11T17:37:53","date_gmt":"2019-07-11T15:37:53","guid":{"rendered":"http:\/\/depot-de-marque.com\/?page_id=3401"},"modified":"2023-04-11T16:52:42","modified_gmt":"2023-04-11T15:52:42","slug":"consulting-lawyer-intellectual-property","status":"publish","type":"page","link":"https:\/\/depot-de-marque.com\/en\/consultation-juriste-propriete-intellectuelle\/","title":{"rendered":"Legal consultation"},"content":{"rendered":"<h1 style=\"\">Consultation de 30 minutes avec une juriste sp\u00e9cialis\u00e9e<\/h1>\n<p>Vous avez un projet de marque que vous souhaitez d\u00e9poser seul(e), mais il subsiste quelques zones d&rsquo;ombre ? Par exemple :<\/p>\n<ul>\n<li>vous ne savez pas si vous devez d\u00e9poser votre nom ou votre logo<\/li>\n<li>vous avez connaissance d&rsquo;un droit ant\u00e9rieur et vous avez du mal \u00e0 \u00e9valuer le risque qu&rsquo;il repr\u00e9sente<\/li>\n<li>vous vous demandez quelles classes choisir<\/li>\n<li>vous avez besoin d&rsquo;aide pour r\u00e9diger la liste de vos produits et services<\/li>\n<li>vous avez des questions sur la proc\u00e9dure de d\u00e9p\u00f4t \u00e0 l&rsquo;<a href=\"http:\/\/www.inpi.fr\" target=\"_blank\" style=\"outline: none;\" rel=\"noopener\">INPI<\/a><\/li>\n<li>&#8230;<\/li>\n<\/ul>\n<p>Pendant une demi-heure, nous r\u00e9pondons \u00e0 toutes vos questions, et vous donnons des conseils concrets pour d\u00e9poser votre marque vous-m\u00eame. Et si vous d\u00e9cidez finalement de nous confier la proc\u00e9dure de d\u00e9p\u00f4t, le co\u00fbt de la consultation sera d\u00e9duit de <a href=\"http:\/\/depot-de-marque.com\/deposer-une-marque\" style=\"outline: none;\">votre formule<\/a> !<\/p>\n<p style=\"text-align: center;\">TARIF :<\/p>\n<p style=\"text-align: center;\">85\u20ac HT (102\u20ac TTC)<\/p>\n<h3>Un entretien informel et sans chichi<\/h3>\n<p style=\"\">Cette consultation est une discussion avec vous, dans la bonne humeur, pour nous plonger dans votre projet et vous donner les meilleurs conseils.<\/p>\n<h3>Pas de question laiss\u00e9e sans r\u00e9ponse<\/h3>\n<p style=\"\">Nous vous donnons des conseils et avis clairs sur les questions que vous vous posez afin d&rsquo;enregistrer votre marque dans les meilleures conditions.<\/p>\n<h3>La consultation est gratuite si vous faites appel \u00e0 nos services !<\/h3>\n<p style=\"\">Le prix de la consultation est d\u00e9duit du prix de la formule choisie si vous d\u00e9cidez finalement d&rsquo;avoir recours \u00e0 nos services pour le d\u00e9p\u00f4t de votre marque.<\/p>\n<h1 style=\"\">Nous sommes \u00e0 votre \u00e9coute<\/h1>\n<p style=\"\">Sp\u00e9cialistes du droit des marques, nous r\u00e9pondons \u00e0 toutes vos questions.<\/p>\n<p><span style=\"\"><a href=\"http:\/\/depot-de-marque.com\/wp-content\/uploads\/2022\/09\/claire-min.jpg\" target=\"_blank\" rel=\"noopener\"><img decoding=\"async\" alt=\"Claire Yam\" data-id=\"4926\" width=\"442\" data-init-width=\"656\" height=\"589\" data-init-height=\"875\" title=\"Claire Yam\" loading=\"lazy\" src=\"http:\/\/depot-de-marque.com\/wp-content\/uploads\/2022\/09\/claire-min.jpg\" data-width=\"442\" data-height=\"589\" style=\"\" ml-d=\"-42\" ml-t=\"-1\" ml-m=\"-7\" center-h-d=\"false\" data-link-wrap=\"true\"><\/a><\/span><\/p>\n<h5 style=\"\">Claire YAM<\/h5>\n<p style=\"font-size: 13px !important;\">Conseil en Propri\u00e9t\u00e9 Industrielle<\/p>\n<p style=\"font-size: 13px !important;\">Sp\u00e9cialit\u00e9s : marques, dessins &amp; mod\u00e8les<\/p>\n<p><span style=\"\"><a href=\"http:\/\/depot-de-marque.com\/wp-content\/uploads\/2022\/09\/juliette-min.jpg\" target=\"_blank\" rel=\"noopener\"><img decoding=\"async\" alt=\"Juliette Tallobre\" data-id=\"4927\" width=\"442\" data-init-width=\"656\" height=\"589\" data-init-height=\"875\" title=\"Juliette Tallobre\" loading=\"lazy\" src=\"http:\/\/depot-de-marque.com\/wp-content\/uploads\/2022\/09\/juliette-min.jpg\" data-width=\"442\" data-height=\"589\" style=\"\" ml-d=\"-42\" ml-t=\"-1\" ml-m=\"-7\" center-h-d=\"false\" data-link-wrap=\"true\"><\/a><\/span><\/p>\n<h5 style=\"\">Juliette TALLOBRE<\/h5>\n<p style=\"font-size: 13px !important;\">Conseil en Propri\u00e9t\u00e9 Industrielle<\/p>\n<p style=\"font-size: 13px !important;\">Sp\u00e9cialit\u00e9s : marques, droit d&rsquo;auteur<\/p>\n<p style=\"text-align: center;\">R\u00e9server une consultation de 30mn<\/p>\n<p style=\"text-align: center;\">Attention : votre consultation ne sera valid\u00e9e qu&rsquo;une fois votre paiement effectu\u00e9. Apr\u00e8s avoir choisi la date et l&rsquo;heure de votre choix, n&rsquo;oubliez pas de cliquer sur le bouton de paiement sous le calendrier.<\/p>\n<p><!-- Calendly inline widget begin -->[tcb-script type=\u00a0\u00bbtext\/javascript\u00a0\u00bb src=\u00a0\u00bbhttps:\/\/assets.calendly.com\/assets\/external\/widget.js\u00a0\u00bb async=\u00a0\u00bb\u00a0\u00bb][\/tcb-script]<!-- Calendly inline widget end -->                          [tcb-script src=\u00a0\u00bbhttps:\/\/www.paypal.com\/sdk\/js?client-id=AXVUPaqdAYz_DhRfwa51D3J5RMY7UNafSYgaknHg_LcEz40CeiIp2R-7m2Nc5PWWEOC9ZyGeG_2paSV9&amp;enable-funding=venmo&amp;currency=EUR\u00a0\u00bb data-sdk-integration-source=\u00a0\u00bbbutton-factory\u00a0\u00bb][\/tcb-script]  [tcb-script]    function initPayPalButton() {      paypal.Buttons({        style: {          shape: &lsquo;rect&rsquo;,          color: &lsquo;silver&rsquo;,          layout: &lsquo;vertical&rsquo;,          label: &lsquo;pay&rsquo;,                  },        createOrder: function(data, actions) {          return actions.order.create({            purchase_units: [{\u00ab\u00a0description\u00a0\u00bb:\u00a0\u00bb30mn de consultation juridique en droit des marques\u00a0\u00bb,\u00a0\u00bbamount\u00a0\u00bb:{\u00ab\u00a0currency_code\u00a0\u00bb:\u00a0\u00bbEUR\u00a0\u00bb,\u00a0\u00bbvalue\u00a0\u00bb:102,\u00a0\u00bbbreakdown\u00a0\u00bb:{\u00ab\u00a0item_total\u00a0\u00bb:{\u00ab\u00a0currency_code\u00a0\u00bb:\u00a0\u00bbEUR\u00a0\u00bb,\u00a0\u00bbvalue\u00a0\u00bb:85},\u00a0\u00bbshipping\u00a0\u00bb:{\u00ab\u00a0currency_code\u00a0\u00bb:\u00a0\u00bbEUR\u00a0\u00bb,\u00a0\u00bbvalue\u00a0\u00bb:0},\u00a0\u00bbtax_total\u00a0\u00bb:{\u00ab\u00a0currency_code\u00a0\u00bb:\u00a0\u00bbEUR\u00a0\u00bb,\u00a0\u00bbvalue\u00a0\u00bb:17}}}}]          });        },        onApprove: function(data, actions) {          return actions.order.capture().then(function(orderData) {                        \/\/ Full available details            console.log(&lsquo;Capture result&rsquo;, orderData, JSON.stringify(orderData, null, 2));            \/\/ Show a success message within this page, e.g.            const element = document.getElementById(&lsquo;paypal-button-container&rsquo;);            element.innerHTML = \u00a0\u00bb;            element.innerHTML = &lsquo;&lt;h3&gt;Thank you for your payment!&lt;\/h3&gt;&rsquo;;            \/\/ Or go to another URL:  actions.redirect(&lsquo;thank_you.html&rsquo;);                      });        },        onError: function(err) {          console.log(err);        }      }).render(&lsquo;#paypal-button-container&rsquo;);    }    initPayPalButton();  [\/tcb-script]<\/p>\n","protected":false},"excerpt":{"rendered":"<p>Consultation de 30 minutes avec une juriste sp\u00e9cialis\u00e9e Vous avez un projet de marque que vous souhaitez d\u00e9poser seul(e), mais il subsiste quelques zones d&rsquo;ombre ? Par exemple : vous ne savez pas si vous devez d\u00e9poser votre nom ou votre logo vous avez connaissance d&rsquo;un droit ant\u00e9rieur et vous avez du mal \u00e0 \u00e9valuer [&hellip;]<\/p>\n","protected":false},"author":1,"featured_media":0,"parent":0,"menu_order":0,"comment_status":"closed","ping_status":"closed","template":"","meta":{"footnotes":""},"class_list":["post-3401","page","type-page","status-publish","hentry","post-wrapper","thrv_wrapper"],"_links":{"self":[{"href":"https:\/\/depot-de-marque.com\/en\/wp-json\/wp\/v2\/pages\/3401","targetHints":{"allow":["GET"]}}],"collection":[{"href":"https:\/\/depot-de-marque.com\/en\/wp-json\/wp\/v2\/pages"}],"about":[{"href":"https:\/\/depot-de-marque.com\/en\/wp-json\/wp\/v2\/types\/page"}],"author":[{"embeddable":true,"href":"https:\/\/depot-de-marque.com\/en\/wp-json\/wp\/v2\/users\/1"}],"replies":[{"embeddable":true,"href":"https:\/\/depot-de-marque.com\/en\/wp-json\/wp\/v2\/comments?post=3401"}],"version-history":[{"count":0,"href":"https:\/\/depot-de-marque.com\/en\/wp-json\/wp\/v2\/pages\/3401\/revisions"}],"wp:attachment":[{"href":"https:\/\/depot-de-marque.com\/en\/wp-json\/wp\/v2\/media?parent=3401"}],"curies":[{"name":"wp","href":"https:\/\/api.w.org\/{rel}","templated":true}]}}