{"id":3263,"date":"2019-03-04T16:33:24","date_gmt":"2019-03-04T14:33:24","guid":{"rendered":"http:\/\/depot-de-marque.com\/?page_id=3263"},"modified":"2020-11-28T20:32:30","modified_gmt":"2020-11-28T19:32:30","slug":"brexit-trademark-registration-in-the-united-kingdom","status":"publish","type":"page","link":"https:\/\/depot-de-marque.com\/en\/brexit-depot-de-marque-au-royaume-uni\/","title":{"rendered":"Brexit - trademark registration in the United Kingdom"},"content":{"rendered":"<h1><strong><span style=\"color: rgb(229, 190, 47);\">Register your trademark in the United Kingdom<\/span><\/strong><\/h1>\n<p>What about the Brexit ?<\/p>\n<h2 style=\"text-align: center;\">Brexit's consequences on your trademark rights<\/h2>\n<p><span><a href=\"http:\/\/depot-de-marque.com\/wp-content\/uploads\/2019\/03\/pexels-photo-1536619.jpeg\" target=\"_blank\" rel=\"noopener noreferrer\"><img decoding=\"async\" alt=\"brexit straight maintenance england\" data-id=\"3307\" width=\"238\" data-init-width=\"640\" height=\"158\" data-init-height=\"426\" title=\"brexit european brand great britain\" loading=\"lazy\" src=\"\/\/depot-de-marque.com\/wp-content\/uploads\/2019\/03\/pexels-photo-1536619.jpeg\" data-width=\"238\" data-height=\"158\" style=\"\" data-link-wrap=\"true\"><\/a><\/span><\/p>\n<h3 style=\"\">The Brexit, not for me !<\/h3>\n<p><em>You are the owner of a European trademark (or an international trademark covering the EU) registered on December 31, 2020.<\/em><\/p>\n<p>If your brand is <strong>REGISTERED <\/strong>before December 31, 2020 (i.e. the procedure is fully completed and the EUIPO has issued the registration certificate), you do not have to do anything.<\/p>\n<p>Registered trademarks should be automatically \"cloned\" on the UK register, without any formality on your part, and at no extra cost. They will get a specific number for the UK and will need to be renewed separately in the UK when they expire.<\/p>\n<p><span><a href=\"http:\/\/depot-de-marque.com\/wp-content\/uploads\/2019\/02\/BREXIT-marques-europ\u00e9ennes.jpg\" target=\"_blank\" rel=\"noopener noreferrer\"><img decoding=\"async\" alt=\"BREXIT European brands\" data-id=\"3249\" width=\"238\" data-init-width=\"640\" height=\"158\" data-init-height=\"427\" title=\"BREXIT European brands\" loading=\"lazy\" src=\"\/\/depot-de-marque.com\/wp-content\/uploads\/2019\/02\/BREXIT-marques-europ\u00e9ennes.jpg\" data-width=\"238\" data-height=\"158\" style=\"\" data-link-wrap=\"true\"><\/a><\/span><\/p>\n<h3 style=\"\">In between<\/h3>\n<p><em>You are the owner of a European trademark (or an international trademark for the EU) under examination on December 31, 2020.<\/em><\/p>\n<p>Holders of European (or international trade marks targeting the EU) not yet registered on 31 December 2020 will not benefit from automatic cloning of their trade mark into a UK trade mark.<\/p>\n<p>These owners should have 9 months to apply for a UK national trade mark that will allow them to benefit from the filing date of their earlier mark. We are still waiting for the details of this procedure. The normal UK filing fees will have to be paid.<\/p>\n<p><span><a href=\"http:\/\/depot-de-marque.com\/wp-content\/uploads\/2019\/03\/plongeon.jpg\" target=\"_blank\" rel=\"noopener noreferrer\"><img decoding=\"async\" alt=\"trademark registration in the United Kingdom\" data-id=\"3310\" width=\"238\" data-init-width=\"640\" height=\"158\" data-init-height=\"426\" title=\"brexit new filing United Kingdom\" loading=\"lazy\" src=\"\/\/depot-de-marque.com\/wp-content\/uploads\/2019\/03\/plongeon.jpg\" data-width=\"238\" data-height=\"158\" style=\"\" data-link-wrap=\"true\"><\/a><\/span><\/p>\n<h3 style=\"\">Let's apply post-Brexit !<\/h3>\n<p><em>You are not a trademark owner in Europe or in the UK.<\/em><\/p>\n<p>Those who have never applied for a European or international trademark before 31 December 2020 will have to make a normal national application before the UK Office.<\/p>\n<p>Our firm is competent to represent you before the British office. So don't hesitate any longer!<\/p>\n<h2 style=\"text-align: center;\" id=\"tve-jump-17610555627\">OUR RATES<\/h2>\n<p style=\"text-align: center;\">We offer the following rates for a trademark application in the UK :&nbsp;<\/p>\n<ul>\n<li style=\"text-align: left;\">Fees (including an identical search for anteriorities): 250 \u20ac HT<\/li>\n<li style=\"text-align: left;\">UKIPO official taxes : 230\u20ac for the 1st class, 60\u20ac per supplementary class<\/li>\n<\/ul>\n<p style=\"text-align: center;\">Do not hesitate to contact us for any information.<\/p>","protected":false},"excerpt":{"rendered":"<p>D\u00e9poser une marque au Royaume-Uni Quelle est votre situation face au Brexit ? Les incidences du Brexit sur vos marques Le Brexit, tr\u00e8s peu pour moi ! Vous \u00eates titulaire d&rsquo;une marque europ\u00e9enne (ou d&rsquo;une marque internationale visant l&rsquo;UE) enregistr\u00e9e au 31 d\u00e9cembre 2020. Si votre marque est ENREGISTREE avant le 31 d\u00e9cembre 2020 (c&rsquo;est [&hellip;]<\/p>\n","protected":false},"author":1,"featured_media":0,"parent":0,"menu_order":0,"comment_status":"closed","ping_status":"closed","template":"","meta":{"footnotes":""},"class_list":["post-3263","page","type-page","status-publish","hentry","post-wrapper","thrv_wrapper"],"_links":{"self":[{"href":"https:\/\/depot-de-marque.com\/en\/wp-json\/wp\/v2\/pages\/3263","targetHints":{"allow":["GET"]}}],"collection":[{"href":"https:\/\/depot-de-marque.com\/en\/wp-json\/wp\/v2\/pages"}],"about":[{"href":"https:\/\/depot-de-marque.com\/en\/wp-json\/wp\/v2\/types\/page"}],"author":[{"embeddable":true,"href":"https:\/\/depot-de-marque.com\/en\/wp-json\/wp\/v2\/users\/1"}],"replies":[{"embeddable":true,"href":"https:\/\/depot-de-marque.com\/en\/wp-json\/wp\/v2\/comments?post=3263"}],"version-history":[{"count":0,"href":"https:\/\/depot-de-marque.com\/en\/wp-json\/wp\/v2\/pages\/3263\/revisions"}],"wp:attachment":[{"href":"https:\/\/depot-de-marque.com\/en\/wp-json\/wp\/v2\/media?parent=3263"}],"curies":[{"name":"wp","href":"https:\/\/api.w.org\/{rel}","templated":true}]}}