{"id":3010,"date":"2018-09-03T07:56:46","date_gmt":"2018-09-03T05:56:46","guid":{"rendered":"http:\/\/depot-de-marque.com\/?page_id=3010"},"modified":"2020-12-03T06:15:55","modified_gmt":"2020-12-03T05:15:55","slug":"geographical-brand-names","status":"publish","type":"page","link":"https:\/\/depot-de-marque.com\/en\/guide-marques\/marque-noms-geographiques\/","title":{"rendered":"The brand and geographical names"},"content":{"rendered":"<p><a href=\"http:\/\/depot-de-marque.com\/wp-content\/uploads\/2018\/09\/marque-deposee-appellation-orgine.jpg\"><img loading=\"lazy\" decoding=\"async\" src=\"http:\/\/depot-de-marque.com\/wp-content\/uploads\/2018\/09\/marque-deposee-appellation-orgine-300x175.jpg\" alt=\"pzut-on-deposit-brand-name-geography\" width=\"300\" height=\"175\" \/><\/a><\/p>\n<h1>Can you use geographical names (the name of a country, region or city) in your trademark?<\/h1>\n<p>If it is possible to use geographical names as a trademark, care should be taken. Indeed, this practice is highly regulated and presents significant risks. A trademark that is misleading or does not comply with the rules on protected designations could be cancelled.<\/p>\n<h2>The possibility of registering geographical names as trademarks<\/h2>\n<p>Article L. 711-1 a) of the French Intellectual Property Code (CPI) provides that a trademark may include: \"names in all forms such as: words, combinations of words, surnames and <strong>geographical names<\/strong>...aliases, pseudonyms, etc. \u00bb. The geographical name can therefore be registered as a trademark.<\/p>\n<p>However, the following article (L. 711-2 CPI) specifies that the trademark must not be used to designate its geographical origin. Indeed, the mark must be arbitrary. If it indicates its own origin, it will be perceived as descriptive. The trademark \"COUTELLERIE DE SAVOIE\" could not be registered because the name SAVOIE must remain available to all traders operating in the branch and region in question. Conversely, the trademark \"CHICAGO\", registered for clothing, was registered because it was considered arbitrary.<\/p>\n<h2>The conditions relating to \"appellations\"<\/h2>\n<p>There are today <a href=\"http:\/\/agriculture.gouv.fr\/comprendre-les-signes-de-qualite-europeens-aop-igp-stg\" target=\"_blank\" rel=\"noopener\">several types of protected designations\u00a0<\/a>:<\/p>\n<p><img loading=\"lazy\" decoding=\"async\" src=\"http:\/\/depot-de-marque.com\/wp-content\/uploads\/2018\/09\/logo_aop.png\" alt=\"marque-aop\" width=\"132\" height=\"132\" \/><\/p>\n<ul>\n<li>The designations of origin (AOC in France, PDO in Europe) concern products whose particular quality is largely due to the geographical environment in which they are obtained. For an AO, the entire production process takes place in a given geographical area.<\/li>\n<\/ul>\n<p>E.g.: green lentils from Le Puy, Bresse chicken, fourme d'Ambert...<\/p>\n<p><img loading=\"lazy\" decoding=\"async\" src=\"http:\/\/depot-de-marque.com\/wp-content\/uploads\/2018\/09\/logo-IGP-300x300.png\" alt=\"\" width=\"126\" height=\"123\" \/><\/p>\n<ul>\n<li>Indications of source (IP in France, PGI in Europe) designate the name of a region or town that is reputed for certain products. In this case, only part of the production takes place in the area concerned.<\/li>\n<\/ul>\n<p>E.g.: Dijon mustard, Gu\u00e9rande salt, Charolais beef from Bourbonnais<\/p>\n<p><a href=\"http:\/\/depot-de-marque.com\/wp-content\/uploads\/2018\/09\/STG_image_full.png\"><img loading=\"lazy\" decoding=\"async\" src=\"http:\/\/depot-de-marque.com\/wp-content\/uploads\/2018\/09\/STG_image_full-300x300.png\" alt=\"\" width=\"168\" height=\"167\" \/><\/a><\/p>\n<ul>\n<li>Traditional Specialities Guaranteed (TSGs), which do not refer to a provenance, but rather to the method of production of a product.<\/li>\n<\/ul>\n<p>Ex: bouchot mussels, mozzarella, Serrano ham...<\/p>\n<p>A protected name cannot be registered as a trademark, because it is by definition generic: anyone who is entitled to it can use it. The use of an AO or IP is subject to authorization. Attempts to circumvent it are doomed to failure.<\/p>\n<p>But it is possible to integrate an AO into a complex trademark, if the designated product is entitled to it. For example, the trademark GOLD COLLECTION CHAMPAGNE can validly use the AO Champagne, since it concerns Champagne wines.<\/p>\n<h2>The case of the deceptive mark<\/h2>\n<p>Article L. 711-3 c) ICC provides that the trademark must not be such as to mislead the public as to the origin of the goods. Thus, the mark \"BEL'MORTEAU\" was considered deceptive to designate sausages that do not come from Morteau.<\/p>\n<p>Similarly, table wines, made from various blends, may not contain geographical names even if they are not protected. Indeed, in the wine sector, consumers tend to associate the geographical name with an AO, even though these wines do not have a specific geographical origin.<\/p>\n<p>The Consumer Code also penalizes certain practices, in particular the use of a trademark, name, sign or misleading indication likely to lead people to believe, when the products are foreign, that they have been manufactured in France.<\/p>\n<p>If it is permitted to choose a geographical name in its trademark, the rules set out above must be respected. It should be recalled, however, that geographical names not covered by AOs may be included in a mark - but are subject to administrative control. Indeed, local authorities have the right to prohibit the use of the name of their municipality as a trademark, in particular by invoking their reputation (Art. L. 711-4 (h) IPC).<\/p>","protected":false},"excerpt":{"rendered":"<p>Peut-on utiliser des noms g\u00e9ographiques (le nom d\u2019un pays, d\u2019une r\u00e9gion ou d\u2019une ville) dans sa marque ? S\u2019il est possible d\u2019utiliser des noms g\u00e9ographiques \u00e0 titre de marque, il convient d\u2019\u00eatre prudent. En effet, cette pratique est tr\u00e8s encadr\u00e9e et pr\u00e9sente des risques importants. Une marque trompeuse ou ne respectant pas les r\u00e8gles relatives [&hellip;]<\/p>\n","protected":false},"author":1,"featured_media":0,"parent":11,"menu_order":0,"comment_status":"closed","ping_status":"closed","template":"","meta":{"footnotes":""},"class_list":["post-3010","page","type-page","status-publish","hentry","post-wrapper","thrv_wrapper"],"_links":{"self":[{"href":"https:\/\/depot-de-marque.com\/en\/wp-json\/wp\/v2\/pages\/3010","targetHints":{"allow":["GET"]}}],"collection":[{"href":"https:\/\/depot-de-marque.com\/en\/wp-json\/wp\/v2\/pages"}],"about":[{"href":"https:\/\/depot-de-marque.com\/en\/wp-json\/wp\/v2\/types\/page"}],"author":[{"embeddable":true,"href":"https:\/\/depot-de-marque.com\/en\/wp-json\/wp\/v2\/users\/1"}],"replies":[{"embeddable":true,"href":"https:\/\/depot-de-marque.com\/en\/wp-json\/wp\/v2\/comments?post=3010"}],"version-history":[{"count":0,"href":"https:\/\/depot-de-marque.com\/en\/wp-json\/wp\/v2\/pages\/3010\/revisions"}],"up":[{"embeddable":true,"href":"https:\/\/depot-de-marque.com\/en\/wp-json\/wp\/v2\/pages\/11"}],"wp:attachment":[{"href":"https:\/\/depot-de-marque.com\/en\/wp-json\/wp\/v2\/media?parent=3010"}],"curies":[{"name":"wp","href":"https:\/\/api.w.org\/{rel}","templated":true}]}}