{"id":1984,"date":"2017-05-23T13:12:06","date_gmt":"2017-05-23T13:12:06","guid":{"rendered":"http:\/\/depot-de-marque.com\/?page_id=1984"},"modified":"2023-03-15T17:13:53","modified_gmt":"2023-03-15T16:13:53","slug":"legal-notice","status":"publish","type":"page","link":"https:\/\/depot-de-marque.com\/en\/mentions-legales\/","title":{"rendered":"Legal Notice"},"content":{"rendered":"<h1 style=\"text-align: center;\">Legal Notice<\/h1>\n<p>In accordance with the provisions of law no. 2004-575 of 21 June 2004 on confidence in the digital economy, users of the depot-de-marque.com website are informed of the identity of the various parties involved in its creation and monitoring.<\/p>\n<p><strong>Site edition\u00a0<\/strong><\/p>\n<p>The depot-de-marque.com site is published by the company YAMARK SARL, with a share capital of 10,000 euros, registered in the Lyon Trade and Companies Register under number 818 216 301 and whose head office is located at 33 rue de la R\u00e9publique, 69002 Lyon.<\/p>\n<p><strong>Publication manager\u00a0<\/strong><\/p>\n<p>Mrs Claire YAM, in her capacity as manager.<\/p>\n<p><strong>Hosting\u00a0<\/strong><\/p>\n<p>The website depot-de-marque.com is hosted by the company SiteGround Spain S.L.: C\/ Serrano 1, 5\u00ba 28001 Madrid, Spain. Tel: +34 919 014 115.<\/p>\n<p><strong>Website design<\/strong><\/p>\n<p>Yamark<\/p>\n<p><strong>Contact us\u00a0<\/strong><\/p>\n<ul>\n<li>By email : <a class=\"mailto\" href=\"mailto:contact@yamark.eu\">contact@yamark.eu<\/a><\/li>\n<\/ul>","protected":false},"excerpt":{"rendered":"<p>Mentions l\u00e9gales Conform\u00e9ment aux dispositions de la loi n\u00b0 2004-575 du 21 juin 2004 pour la confiance en l&rsquo;\u00e9conomie num\u00e9rique, il est pr\u00e9cis\u00e9 aux utilisateurs du site\u00a0depot-de-marque.com l&rsquo;identit\u00e9 des diff\u00e9rents intervenants dans le cadre de sa r\u00e9alisation et de son suivi. Edition du site\u00a0 Le site depot-de-marque.com est \u00e9dit\u00e9 par la soci\u00e9t\u00e9 YAMARK SARL, au [&hellip;]<\/p>\n","protected":false},"author":1,"featured_media":0,"parent":0,"menu_order":0,"comment_status":"closed","ping_status":"closed","template":"","meta":{"footnotes":""},"class_list":["post-1984","page","type-page","status-publish","hentry","post-wrapper","thrv_wrapper"],"_links":{"self":[{"href":"https:\/\/depot-de-marque.com\/en\/wp-json\/wp\/v2\/pages\/1984","targetHints":{"allow":["GET"]}}],"collection":[{"href":"https:\/\/depot-de-marque.com\/en\/wp-json\/wp\/v2\/pages"}],"about":[{"href":"https:\/\/depot-de-marque.com\/en\/wp-json\/wp\/v2\/types\/page"}],"author":[{"embeddable":true,"href":"https:\/\/depot-de-marque.com\/en\/wp-json\/wp\/v2\/users\/1"}],"replies":[{"embeddable":true,"href":"https:\/\/depot-de-marque.com\/en\/wp-json\/wp\/v2\/comments?post=1984"}],"version-history":[{"count":0,"href":"https:\/\/depot-de-marque.com\/en\/wp-json\/wp\/v2\/pages\/1984\/revisions"}],"wp:attachment":[{"href":"https:\/\/depot-de-marque.com\/en\/wp-json\/wp\/v2\/media?parent=1984"}],"curies":[{"name":"wp","href":"https:\/\/api.w.org\/{rel}","templated":true}]}}