{"id":1900,"date":"2017-05-22T12:37:33","date_gmt":"2017-05-22T12:37:33","guid":{"rendered":"http:\/\/depot-de-marque.com\/?page_id=1900"},"modified":"2018-04-07T10:05:17","modified_gmt":"2018-04-07T10:05:17","slug":"deposit-rates","status":"publish","type":"page","link":"https:\/\/depot-de-marque.com\/en\/tarifs-depot\/","title":{"rendered":"All our prices"},"content":{"rendered":"<p>[fusion_builder_container hundred_percent=\u00a0\u00bbno\u00a0\u00bb equal_height_columns=\u00a0\u00bbno\u00a0\u00bb hide_on_mobile=\u00a0\u00bbno\u00a0\u00bb background_color=\u00a0\u00bb#f5f5f5&Prime; background_position=\u00a0\u00bbleft top\u00a0\u00bb background_repeat=\u00a0\u00bbno-repeat\u00a0\u00bb fade=\u00a0\u00bbno\u00a0\u00bb background_parallax=\u00a0\u00bbnone\u00a0\u00bb enable_mobile=\u00a0\u00bbno\u00a0\u00bb parallax_speed=\u00a0\u00bb0.3&Prime; video_aspect_ratio=\u00a0\u00bb16:9&Prime; video_loop=\u00a0\u00bbyes\u00a0\u00bb video_mute=\u00a0\u00bbyes\u00a0\u00bb border_size=\u00a0\u00bb0px\u00a0\u00bb border_style=\u00a0\u00bbsolid\u00a0\u00bb padding_top=\u00a0\u00bb0&Prime; padding_bottom=\u00a0\u00bb80&Prime;][fusion_builder_row][fusion_builder_column type=\u00a0\u00bb1_1&Prime; layout=\u00a0\u00bb1_1&Prime; spacing=\u00a0\u00bbyes\u00a0\u00bb center_content=\u00a0\u00bbno\u00a0\u00bb hover_type=\u00a0\u00bbnone\u00a0\u00bb link=\u00a0\u00bb\u00a0\u00bb min_height=\u00a0\u00bb\u00a0\u00bb hide_on_mobile=\u00a0\u00bbno\u00a0\u00bb class=\u00a0\u00bb\u00a0\u00bb id=\u00a0\u00bb\u00a0\u00bb background_color=\u00a0\u00bb\u00a0\u00bb background_image=\u00a0\u00bb\u00a0\u00bb background_position=\u00a0\u00bbleft top\u00a0\u00bb undefined=\u00a0\u00bb\u00a0\u00bb background_repeat=\u00a0\u00bbno-repeat\u00a0\u00bb border_size=\u00a0\u00bb0&Prime; border_color=\u00a0\u00bb\u00a0\u00bb border_style=\u00a0\u00bbsolid\u00a0\u00bb border_position=\u00a0\u00bball\u00a0\u00bb padding_top=\u00a0\u00bb0px\u00a0\u00bb padding_right=\u00a0\u00bb15%\u00a0\u00bb padding_bottom=\u00a0\u00bb0px\u00a0\u00bb padding_left=\u00a0\u00bb15%\u00a0\u00bb margin_top=\u00a0\u00bb\u00a0\u00bb margin_bottom=\u00a0\u00bb\u00a0\u00bb animation_type=\u00a0\u00bb\u00a0\u00bb animation_direction=\u00a0\u00bbleft\u00a0\u00bb animation_speed=\u00a0\u00bb0.1&Prime; animation_offset=\u00a0\u00bb\u00a0\u00bb last=\u00a0\u00bbno\u00a0\u00bb][fusion_separator style_type=\u00a0\u00bbnone\u00a0\u00bb top_margin=\u00a0\u00bb30&Prime; alignment=\u00a0\u00bbcenter\u00a0\u00bb \/][fusion_text]<\/p>\n<h2 style=\"font-weight: 300; text-align: center;\">Tous nos tarifs<\/h2>\n<p>[\/fusion_text][fusion_separator style_type=\u00a0\u00bbsingle solid\u00a0\u00bb top_margin=\u00a0\u00bb0&Prime; bottom_margin=\u00a0\u00bb30&Prime; sep_color=\u00a0\u00bb#fed03d\u00a0\u00bb width=\u00a0\u00bb206px\u00a0\u00bb alignment=\u00a0\u00bbcenter\u00a0\u00bb \/][fusion_separator style_type=\u00a0\u00bbnone\u00a0\u00bb top_margin=\u00a0\u00bb30&Prime; alignment=\u00a0\u00bbcenter\u00a0\u00bb \/][fusion_table]<\/p>\n<div class=\"table-1\">\n<table width=\"100%\">\n<thead>\n<tr>\n<th align=\"left\">PRESTATION<\/th>\n<th align=\"left\">HONORAIRES H.T. (1 \u00e0 3 classes)<\/th>\n<th align=\"left\">TAXES (1 \u00e0 3 classes)<\/th>\n<\/tr>\n<\/thead>\n<tbody>\n<tr>\n<td align=\"left\"><a href=\"\/deposer-une-marque\">Forfait Basique France<\/a><\/td>\n<td align=\"left\">199 \u20ac<\/td>\n<td align=\"left\">210 \u20ac<\/td>\n<\/tr>\n<tr>\n<td align=\"left\"><a href=\"\/deposer-une-marque\">Forfait Essentiel France<\/a><\/td>\n<td align=\"left\">299\u00a0\u20ac<\/td>\n<td align=\"left\">210 \u20ac<\/td>\n<\/tr>\n<tr>\n<td align=\"left\"><a href=\"\/deposer-une-marque\">Forfait S\u00e9curit\u00e9 France<\/a><\/td>\n<td align=\"left\">499 \u20ac<\/td>\n<td align=\"left\">260 \u20ac<\/td>\n<\/tr>\n<tr>\n<td align=\"left\"><a href=\"\/deposer-une-marque\">Forfait Basique Europe<\/a><\/td>\n<td align=\"left\">299 \u20ac<\/td>\n<td align=\"left\">850-1050 \u20ac<\/td>\n<\/tr>\n<tr>\n<td align=\"left\"><a href=\"\/deposer-une-marque\">Forfait Essentiel Europe<\/a><\/td>\n<td align=\"left\">399 \u20ac<\/td>\n<td align=\"left\">850-1050 \u20ac<\/td>\n<\/tr>\n<tr>\n<td align=\"left\"><a href=\"\/deposer-une-marque\">D\u00e9p\u00f4t de marque internationale<\/a><\/td>\n<td align=\"left\">300 \u20ac<\/td>\n<td align=\"left\">sur devis<\/td>\n<\/tr>\n<tr>\n<td align=\"left\"><a href=\"\/deposer-une-marque\">D\u00e9p\u00f4t de marque nationale \u00e9trang\u00e8re<\/a><\/td>\n<td align=\"left\">sur devis<\/td>\n<td align=\"left\">sur devis<\/td>\n<\/tr>\n<tr>\n<td align=\"left\">Surveillance de marque en France<\/td>\n<td align=\"left\">30 \u20ac\/mois &#8211; 1 classe<\/td>\n<td align=\"left\">&#8211;<\/td>\n<\/tr>\n<tr>\n<td align=\"left\">Surveillance de marque en UE<\/td>\n<td align=\"left\">50 \u20ac\/mois &#8211; 1 classe<\/td>\n<td align=\"left\">&#8211;<\/td>\n<\/tr>\n<tr>\n<td align=\"left\">Renouvellement de marque fran\u00e7aise<\/td>\n<td align=\"left\">150 \u20ac<\/td>\n<td align=\"left\">250 \u20ac<\/td>\n<\/tr>\n<tr>\n<td align=\"left\">Renouvellement de marque europ\u00e9enne<\/td>\n<td align=\"left\">300 \u20ac<\/td>\n<td align=\"left\">850-1050 \u20ac<\/td>\n<\/tr>\n<tr>\n<td align=\"left\">Renouvellement de marque internationale<\/td>\n<td align=\"left\">300 \u20ac<\/td>\n<td align=\"left\">sur devis<\/td>\n<\/tr>\n<tr>\n<td align=\"left\">Renouvellement de marque nationale \u00e9trang\u00e8re<\/td>\n<td align=\"left\">sur devis<\/td>\n<td align=\"left\">sur devis<\/td>\n<\/tr>\n<tr>\n<td align=\"left\">R\u00e9daction d&rsquo;un contrat de cession de marque<\/td>\n<td align=\"left\">100 \u20ac<\/td>\n<td align=\"left\">&#8211;<\/td>\n<\/tr>\n<tr>\n<td align=\"left\">R\u00e9daction d&rsquo;un contrat de licence de marque<\/td>\n<td align=\"left\">\u00e0 partir de 350 \u20ac<\/td>\n<td align=\"left\">&#8211;<\/td>\n<\/tr>\n<tr>\n<td align=\"left\">France &#8211; Inscription de cession ou de licence<\/td>\n<td align=\"left\">100 \u20ac<\/td>\n<td align=\"left\">27 \u20ac<\/td>\n<\/tr>\n<tr>\n<td align=\"left\">UE &#8211; Inscription de cession ou de licence<\/td>\n<td align=\"left\">100 \u20ac<\/td>\n<td align=\"left\">200 \u20ac<\/td>\n<\/tr>\n<tr>\n<td align=\"left\">Pr\u00e9paration et envoi d&rsquo;une mise en demeure<\/td>\n<td align=\"left\">150 \u20ac (+frais d&rsquo;envoi)<\/td>\n<td align=\"left\">&#8211;<\/td>\n<\/tr>\n<tr>\n<td align=\"left\">Pr\u00e9paration et d\u00e9p\u00f4t d&rsquo;une opposition en France<\/td>\n<td align=\"left\">450 \u20ac (minimum)<\/td>\n<td align=\"left\">325 \u20ac<\/td>\n<\/tr>\n<tr>\n<td align=\"left\">Pr\u00e9paration et d\u00e9p\u00f4t d&rsquo;une opposition en UE (fran\u00e7ais)<\/td>\n<td align=\"left\">450 \u20ac\u00a0(minimum)<\/td>\n<td align=\"left\">320 \u20ac<\/td>\n<\/tr>\n<tr>\n<td align=\"left\">Pr\u00e9paration et d\u00e9p\u00f4t d&rsquo;une opposition en UE (anglais)<\/td>\n<td align=\"left\">600 \u20ac (minimum)<\/td>\n<td align=\"left\">320 \u20ac<\/td>\n<\/tr>\n<tr>\n<td align=\"left\">R\u00e9daction de mentions l\u00e9gales de site internet<\/td>\n<td align=\"left\">50 \u20ac<\/td>\n<td align=\"left\">&#8211;<\/td>\n<\/tr>\n<tr>\n<td align=\"left\">R\u00e9daction de CGV\/CGU de site vitrine<\/td>\n<td align=\"left\">300 \u20ac\u00a0(minimum)<\/td>\n<td align=\"left\">&#8211;<\/td>\n<\/tr>\n<tr>\n<td align=\"left\">R\u00e9daction de CGV\/CGU de site marchand<\/td>\n<td align=\"left\">500 \u20ac\u00a0(minimum)<\/td>\n<td align=\"left\">&#8211;<\/td>\n<\/tr>\n<tr>\n<td align=\"left\">R\u00e9daction de CGV\/CGU de site marchand avec activit\u00e9 soumise \u00e0 r\u00e9glementation<\/td>\n<td align=\"left\">Sur devis<\/td>\n<td align=\"left\">&#8211;<\/td>\n<\/tr>\n<tr>\n<td align=\"left\">Formation<\/td>\n<td align=\"left\">2000 \u20ac\/j<\/td>\n<td align=\"left\">&#8211;<\/td>\n<\/tr>\n<tr>\n<td align=\"left\">Autres demandes (taux horaire)<\/td>\n<td align=\"left\">150 \u20ac\/h<\/td>\n<td align=\"left\">&#8211;<\/td>\n<\/tr>\n<\/tbody>\n<\/table>\n<\/div>\n<p>[\/fusion_table][\/fusion_builder_column][\/fusion_builder_row][\/fusion_builder_container]<\/p>\n","protected":false},"excerpt":{"rendered":"<p>[fusion_builder_container hundred_percent=\u00a0\u00bbno\u00a0\u00bb equal_height_columns=\u00a0\u00bbno\u00a0\u00bb hide_on_mobile=\u00a0\u00bbno\u00a0\u00bb background_color=\u00a0\u00bb#f5f5f5&Prime; background_position=\u00a0\u00bbleft top\u00a0\u00bb background_repeat=\u00a0\u00bbno-repeat\u00a0\u00bb fade=\u00a0\u00bbno\u00a0\u00bb background_parallax=\u00a0\u00bbnone\u00a0\u00bb enable_mobile=\u00a0\u00bbno\u00a0\u00bb parallax_speed=\u00a0\u00bb0.3&Prime; video_aspect_ratio=\u00a0\u00bb16:9&Prime; video_loop=\u00a0\u00bbyes\u00a0\u00bb video_mute=\u00a0\u00bbyes\u00a0\u00bb border_size=\u00a0\u00bb0px\u00a0\u00bb border_style=\u00a0\u00bbsolid\u00a0\u00bb padding_top=\u00a0\u00bb0&Prime; padding_bottom=\u00a0\u00bb80&Prime;][fusion_builder_row][fusion_builder_column type=\u00a0\u00bb1_1&Prime; layout=\u00a0\u00bb1_1&Prime; spacing=\u00a0\u00bbyes\u00a0\u00bb center_content=\u00a0\u00bbno\u00a0\u00bb hover_type=\u00a0\u00bbnone\u00a0\u00bb link=\u00a0\u00bb\u00a0\u00bb min_height=\u00a0\u00bb\u00a0\u00bb hide_on_mobile=\u00a0\u00bbno\u00a0\u00bb class=\u00a0\u00bb\u00a0\u00bb id=\u00a0\u00bb\u00a0\u00bb background_color=\u00a0\u00bb\u00a0\u00bb background_image=\u00a0\u00bb\u00a0\u00bb background_position=\u00a0\u00bbleft top\u00a0\u00bb undefined=\u00a0\u00bb\u00a0\u00bb background_repeat=\u00a0\u00bbno-repeat\u00a0\u00bb border_size=\u00a0\u00bb0&Prime; border_color=\u00a0\u00bb\u00a0\u00bb border_style=\u00a0\u00bbsolid\u00a0\u00bb border_position=\u00a0\u00bball\u00a0\u00bb padding_top=\u00a0\u00bb0px\u00a0\u00bb padding_right=\u00a0\u00bb15%\u00a0\u00bb padding_bottom=\u00a0\u00bb0px\u00a0\u00bb padding_left=\u00a0\u00bb15%\u00a0\u00bb margin_top=\u00a0\u00bb\u00a0\u00bb margin_bottom=\u00a0\u00bb\u00a0\u00bb animation_type=\u00a0\u00bb\u00a0\u00bb animation_direction=\u00a0\u00bbleft\u00a0\u00bb animation_speed=\u00a0\u00bb0.1&Prime; animation_offset=\u00a0\u00bb\u00a0\u00bb last=\u00a0\u00bbno\u00a0\u00bb][fusion_separator style_type=\u00a0\u00bbnone\u00a0\u00bb top_margin=\u00a0\u00bb30&Prime; alignment=\u00a0\u00bbcenter\u00a0\u00bb \/][fusion_text] Tous [&hellip;]<\/p>\n","protected":false},"author":1,"featured_media":0,"parent":0,"menu_order":0,"comment_status":"closed","ping_status":"closed","template":"100-width.php","meta":{"footnotes":""},"class_list":["post-1900","page","type-page","status-publish","hentry","post-wrapper","thrv_wrapper"],"_links":{"self":[{"href":"https:\/\/depot-de-marque.com\/en\/wp-json\/wp\/v2\/pages\/1900","targetHints":{"allow":["GET"]}}],"collection":[{"href":"https:\/\/depot-de-marque.com\/en\/wp-json\/wp\/v2\/pages"}],"about":[{"href":"https:\/\/depot-de-marque.com\/en\/wp-json\/wp\/v2\/types\/page"}],"author":[{"embeddable":true,"href":"https:\/\/depot-de-marque.com\/en\/wp-json\/wp\/v2\/users\/1"}],"replies":[{"embeddable":true,"href":"https:\/\/depot-de-marque.com\/en\/wp-json\/wp\/v2\/comments?post=1900"}],"version-history":[{"count":0,"href":"https:\/\/depot-de-marque.com\/en\/wp-json\/wp\/v2\/pages\/1900\/revisions"}],"wp:attachment":[{"href":"https:\/\/depot-de-marque.com\/en\/wp-json\/wp\/v2\/media?parent=1900"}],"curies":[{"name":"wp","href":"https:\/\/api.w.org\/{rel}","templated":true}]}}