{"id":1854,"date":"2017-05-14T13:40:29","date_gmt":"2017-05-14T13:40:29","guid":{"rendered":"http:\/\/depot-de-marque.com\/?page_id=1854"},"modified":"2023-09-28T15:27:39","modified_gmt":"2023-09-28T14:27:39","slug":"customer-reviews","status":"publish","type":"page","link":"https:\/\/depot-de-marque.com\/en\/avis-clients\/","title":{"rendered":"Customer reviews"},"content":{"rendered":"<h1><strong><span style=\"color: rgb(229, 190, 47);\">Client's words.<\/span><\/strong><\/h1>\n<p>Find out the real reviews of our real clients !<\/p>\n<p>\u201d<\/p>\n<h2>They talk about us...<\/h2>\n<p style=\"text-align: left;\">Emilie B.<\/p>\n<p>Cap Nova<\/p>\n<p>\u00a0\"We called on D\u00e9p\u00f4tDeMarque.com for a trademark dispute. Our expectations were understood, and our interests were defended with great professionalism and impeccable responsiveness. If we had to do it all over again, we'd get help from the very beginning! Today, our brand is our greatest pride and our best communication tool. Thank you so much! \"\u00a0<\/p>\n<p><span style=\"\"><a href=\"https:\/\/www.capnova.fr\/\" target=\"_blank\" rel=\"noopener\"><img decoding=\"async\" alt=\"\" data-id=\"1235\" width=\"151\" height=\"151\" title=\"capnova\" src=\"\/\/depot-de-marque.com\/wp-content\/uploads\/2015\/12\/capnova.png\" style=\"aspect-ratio: auto 162 \/ 162;\" ml-t=\"0\" mt-t=\"-4\" data-width=\"151\" data-height=\"151\" data-init-width=\"162\" data-init-height=\"162\" loading=\"lazy\" data-link-wrap=\"true\"><\/a><\/span><\/p>\n<p style=\"text-align: left;\">Joffrey B.<\/p>\n<p>Les Veilleurs du Net<\/p>\n<p>\u00a0\"My partner and I are very satisfied with the quality of advice and professionalism of D\u00e9p\u00f4tDeMarque.com. It is extremely comfortable and reassuring to benefit from a deposit made by a professional firm. \"\u00a0<\/p>\n<p><span style=\"\"><a href=\"https:\/\/www.lesveilleursdunet.com\/\" target=\"_blank\" rel=\"noopener\"><img decoding=\"async\" alt=\"\" data-id=\"1239\" width=\"151\" height=\"151\" title=\"logo-watchers of the-news-1\" src=\"\/\/depot-de-marque.com\/wp-content\/uploads\/2015\/12\/logo-les-veilleurs-du-net-1.png\" style=\"aspect-ratio: auto 200 \/ 89;\" ml-t=\"0\" mt-t=\"-4\" data-width=\"151\" data-height=\"151\" data-init-width=\"200\" data-init-height=\"89\" loading=\"lazy\" data-link-wrap=\"true\"><\/a><\/span><\/p>\n<p style=\"text-align: left;\">Virginia C.<\/p>\n<p>Penderiologue<\/p>\n<p>\u00a0\"Calling on Claire is to offer yourself serenity! Claire is very professional and has this ability (rare in her field) to translate complicated things in a very simple way!<\/p>\n<p>To be accompanied by her or him is to be sure of making the right choice with complete confidence. When you're starting up a business, you often think you can tackle it on your own, just with the help of the INPI. We think that a professional is too expensive... In my case, I regret not having met Claire sooner, because I would have saved money and time by offering her services... I could see that afterwards! \"\u00a0<\/p>\n<p><span style=\"\"><a href=\"https:\/\/www.pendriologue.com\/\" target=\"_blank\" rel=\"noopener\"><img decoding=\"async\" alt=\"\" data-id=\"1241\" width=\"151\" height=\"151\" title=\"wardrobe\" src=\"\/\/depot-de-marque.com\/wp-content\/uploads\/2015\/12\/penderiologie.png\" style=\"aspect-ratio: auto 1119 \/ 530;\" ml-t=\"0\" mt-t=\"-4\" data-width=\"151\" data-height=\"151\" data-init-width=\"1119\" data-init-height=\"530\" loading=\"lazy\" data-link-wrap=\"true\"><\/a><\/span><\/p>\n<p style=\"text-align: left;\">Lanto A.<\/p>\n<p>Kidiwi<\/p>\n<p>\u00a0\"We'd been wanting to register our brand for a long time, present on the market for several years. But we had so many doubts and questions. But we had so many doubts and questions, all of which Claire was able to clear up from the very first contact, in a very educational and patient way. Even though we'd never met, we felt confident and reassured by her professionalism and responsiveness. Well done! We recommend 100%! \"\u00a0<\/p>\n<p><span style=\"\"><a href=\"http:\/\/depot-de-marque.com\/wp-content\/uploads\/2020\/11\/Kidiwi_logo-1.jpg\" target=\"_blank\" rel=\"noopener\"><img decoding=\"async\" alt=\"\" data-id=\"4495\" width=\"151\" height=\"151\" title=\"logoA3\" src=\"http:\/\/depot-de-marque.com\/wp-content\/uploads\/2020\/11\/Kidiwi_logo-1.jpg\" style=\"aspect-ratio: auto 134 \/ 81;\" ml-t=\"0\" mt-t=\"-4\" data-width=\"151\" data-height=\"151\" data-init-width=\"134\" data-init-height=\"81\" loading=\"lazy\" data-link-wrap=\"true\"><\/a><\/span><\/p>\n<p style=\"text-align: left;\">Irene J.<\/p>\n<p>I love my voice<\/p>\n<p>\u00a0\"I was very satisfied with the advice and the service. I would definitely recommend Yamark for its professionalism. \"\u00a0<\/p>\n<p><span style=\"\"><a href=\"https:\/\/jaimemavoix.fr\/\" target=\"_blank\" rel=\"noopener\"><img decoding=\"async\" alt=\"\" data-id=\"4500\" width=\"151\" height=\"151\" title=\"LOGO-Love-My-Voice\" src=\"\/\/depot-de-marque.com\/wp-content\/uploads\/2020\/11\/LOGO-VD-Jaime-ma-voix-avec-IJ.jpg\" style=\"aspect-ratio: auto 188 \/ 112;\" ml-t=\"0\" mt-t=\"-4\" data-width=\"151\" data-height=\"151\" data-init-width=\"188\" data-init-height=\"112\" loading=\"lazy\" data-link-wrap=\"true\"><\/a><\/span><\/p>\n<p style=\"text-align: left;\">Anthony G.<\/p>\n<p>Mybrocante<\/p>\n<p>\u00a0\"Clear advice and very good follow-up. \"\u00a0<\/p>\n<p style=\"text-align: left;\">Fran\u00e7ois N.<\/p>\n<p>Ubiquitic<\/p>\n<p>\u00a0\"A clear offer, a fast and efficient service with a real listening ear and relevant advice. Claire Yam has enabled me to avoid some of the pitfalls of trademark registration and to go further than I expected. I recommend depot-de-marque.com without reservation.\"<\/p>\n<p style=\"text-align: left;\">Charlette G.<\/p>\n<p>Us &amp; Paname<\/p>\n<p>\u00a0\"Fast, efficient and pleasant, perfect service, I recommend! \"\u00a0<\/p>\n<p><span style=\"\"><a href=\"http:\/\/depot-de-marque.com\/wp-content\/uploads\/2020\/11\/nousetpaname-logo.jpg\" target=\"_blank\" rel=\"noopener\"><img decoding=\"async\" alt=\"\" data-id=\"4506\" width=\"151\" height=\"151\" title=\"nousetpaname-logo\" src=\"\/\/depot-de-marque.com\/wp-content\/uploads\/2020\/11\/nousetpaname-logo.jpg\" style=\"aspect-ratio: auto 313 \/ 39;\" ml-t=\"0\" mt-t=\"-4\" data-width=\"151\" data-height=\"151\" data-init-width=\"313\" data-init-height=\"39\" loading=\"lazy\" data-link-wrap=\"true\"><\/a><\/span><\/p>\n<p style=\"text-align: left;\">Benjamin B.<\/p>\n<p>Baroudeur<\/p>\n<p>\u00a0\"After a few unsuccessful trademark registrations on our own, we decided to call on a professional. Having a tailor-made wording reflecting our activity while being eligible to the INPI criteria allowed us to envisage the future of our activity with serenity.\"<\/p>\n<p><span style=\"\"><img decoding=\"async\" alt=\"\" data-id=\"1238\" width=\"152\" height=\"39\" title=\"logo_baroudeur\" src=\"\/\/depot-de-marque.com\/wp-content\/uploads\/2015\/12\/logo_baroudeur.png\" style=\"aspect-ratio: auto 192 \/ 49;\" ml-t=\"0\" mt-t=\"-4\" data-width=\"152\" data-height=\"39\" data-init-width=\"192\" data-init-height=\"49\" loading=\"lazy\" data-link-wrap=\"true\"><\/span><\/p>\n<p style=\"text-align: left;\">Jeremy T.<\/p>\n<p>Trouve Ton Transport<\/p>\n<p>\u00a0\"After an unsuccessful attempt to register a trademark with the INPI and the loss of more than 200 euros, I called DepotDeMarque.com to benefit from personalized support and advice, which allowed me to completely unload this mission and register my trademark in the best conditions. Very satisfied.\"<\/p>\n<p><span style=\"\"><a href=\"https:\/\/www.trouvetontransport.com\/\" target=\"_blank\" rel=\"noopener\"><img decoding=\"async\" alt=\"\" data-id=\"1243\" width=\"151\" height=\"151\" title=\"TTT_logo_blue_black\" src=\"\/\/depot-de-marque.com\/wp-content\/uploads\/2015\/12\/TTT_logo_bleu_noir-e1605723273698.png\" style=\"aspect-ratio: auto 173 \/ 73;\" ml-t=\"0\" mt-t=\"-4\" data-width=\"151\" data-height=\"151\" data-init-width=\"173\" data-init-height=\"73\" loading=\"lazy\" data-link-wrap=\"true\"><\/a><\/span><\/p>\n<p style=\"text-align: left;\">Charline K.<\/p>\n<p>Tie-Up<\/p>\n<p>\u00a0\"D\u00e9p\u00f4tDeMarque.com intervened to secure the name of our HR consulting company. Beyond the action with the INPI, we particularly appreciated the consulting dimension of our interlocutor. Professional, she was able to put us in a relationship of trust very quickly thanks to her mastery of her activity. Today, we recommend her with pleasure!<\/p>\n<p>\u00ab\u00a0<\/p>\n<p><span style=\"\"><a href=\"https:\/\/tie-up.fr\/\" target=\"_blank\" rel=\"noopener\"><img decoding=\"async\" alt=\"\" data-id=\"1872\" width=\"151\" height=\"151\" title=\"tieup2\" src=\"\/\/depot-de-marque.com\/wp-content\/uploads\/2017\/05\/tieup2.png\" style=\"aspect-ratio: auto 250 \/ 220;\" ml-t=\"0\" mt-t=\"-4\" data-width=\"151\" data-height=\"151\" data-init-width=\"250\" data-init-height=\"220\" loading=\"lazy\" data-link-wrap=\"true\"><\/a><\/span><\/p>\n<p style=\"text-align: left;\">Baudouin N.<\/p>\n<p>Via Terroirs<\/p>\n<p>\u00a0\"A trusting collaboration with Yamark. The firm filed our new trademark quickly, with relevant advice on wording, classes to register and similar trademarks. A long-term relationship that starts with the protection of our intellectual property. \"\u00a0<\/p>\n<p><span style=\"\"><a href=\"https:\/\/www.viaterroirs.com\/\" target=\"_blank\" rel=\"noopener\"><img decoding=\"async\" alt=\"\" data-id=\"1867\" width=\"151\" height=\"151\" title=\"via terroirs\" src=\"\/\/depot-de-marque.com\/wp-content\/uploads\/2017\/05\/via-terroirs.png\" style=\"aspect-ratio: auto 229 \/ 300;\" ml-t=\"0\" mt-t=\"-4\" data-width=\"151\" data-height=\"151\" data-init-width=\"229\" data-init-height=\"300\" loading=\"lazy\" data-link-wrap=\"true\"><\/a><\/span><\/p>\n<p style=\"text-align: left;\">Cedric C.<\/p>\n<p>Beegift<\/p>\n<p>\u00a0\"Great, thanks!\"<\/p>\n<p style=\"text-align: left;\">Sandrine G.<\/p>\n<p>D\u00e9libio<\/p>\n<p>\u00a0\"A special thank you to Claire, who was able to respond very quickly to our request without knowing us beforehand, advising us sometimes very late at night and explaining the material in layman's terms. We highly recommend her! \"\u00a0<\/p>\n<p><span style=\"\"><a href=\"http:\/\/depot-de-marque.com\/wp-content\/uploads\/2020\/11\/logo-delibio.jpg\" target=\"_blank\" rel=\"noopener\"><img decoding=\"async\" alt=\"\" data-id=\"4498\" width=\"151\" height=\"151\" title=\"logo-delibio\" src=\"\/\/depot-de-marque.com\/wp-content\/uploads\/2020\/11\/logo-delibio.jpg\" style=\"aspect-ratio: auto 175 \/ 88;\" ml-t=\"0\" mt-t=\"-4\" data-width=\"151\" data-height=\"151\" data-init-width=\"175\" data-init-height=\"88\" loading=\"lazy\" data-link-wrap=\"true\"><\/a><\/span><\/p>\n<p style=\"text-align: left;\">Christine V.<\/p>\n<p>Prospectiv'h Consulting<\/p>\n<p>\u00a0\"Thank you for your availability and the quality of your interventions. \"\u00a0<\/p>\n<p><span style=\"\"><a href=\"https:\/\/prospectivh.fr\/\" target=\"_blank\" rel=\"noopener\"><img decoding=\"async\" alt=\"\" data-id=\"4499\" width=\"151\" height=\"151\" title=\"prospectivh-conseil-logo\" src=\"\/\/depot-de-marque.com\/wp-content\/uploads\/2020\/11\/prospectivh-transparent.jpg\" style=\"aspect-ratio: auto 182 \/ 70;\" ml-t=\"0\" mt-t=\"-4\" data-width=\"151\" data-height=\"151\" data-init-width=\"182\" data-init-height=\"70\" loading=\"lazy\" data-link-wrap=\"true\"><\/a><\/span><\/p>\n<p style=\"text-align: left;\">Laure B.<\/p>\n<p>A Spark<\/p>\n<p>\u00a0\"Claire Yam was able to advise me very well, took the time to explain the different possibilities to me, made me a most complete study and drafted a wording that perfectly took into account my activities by adapting the terminology to what is done at the INPI (which I wouldn't have been able to do myself not having this knowledge). I had already registered a trademark for an association on my own, but for my business I wanted it to be well done. I realize that I would have missed out on a lot if I'd done it myself. What's more, I got on really well with Claire, who takes time for her customers. And it's so nice to have cheerful people who love their job as well as doing it well! \"\u00a0<\/p>\n<p style=\"text-align: left;\">Sandrine R.<\/p>\n<p>Chlorofeel Coworking<\/p>\n<p>\u00a0\"I particularly recommend the services of d\u00e9p\u00f4t-de-marque.com. Valuable advice that enabled us to avoid certain risks, professional registration of our trademark to ensure optimum protection, and delegation of administrative procedures for the present and for years to come. And all this at a very affordable price for a start-up like ours! \"\u00a0<\/p>\n<p><span style=\"\"><a href=\"https:\/\/chlorofeel-coworking.fr\/\" target=\"_blank\" rel=\"noopener\"><img decoding=\"async\" alt=\"\" data-id=\"4507\" width=\"151\" height=\"151\" title=\"CHLOROFEEL_logo\" src=\"\/\/depot-de-marque.com\/wp-content\/uploads\/2020\/11\/cropped-20170621_CHLOROFEEL_logo_feel-your-job-01-e1510931819978.png\" style=\"aspect-ratio: auto 101 \/ 50;\" ml-t=\"0\" mt-t=\"-4\" data-width=\"151\" data-height=\"151\" data-init-width=\"101\" data-init-height=\"50\" loading=\"lazy\" data-link-wrap=\"true\"><\/a><\/span><\/p>","protected":false},"excerpt":{"rendered":"<p>Paroles de Clients. D\u00e9couvrez les vrais avis de nos vrais clients ! \u201d Ils parlent de nous&#8230; Emilie B. Cap Nova \u00a0\u00bb Nous avons fait appel \u00e0 D\u00e9p\u00f4tDeMarque.com pour un litige de marque. Nos attentes ont \u00e9t\u00e9 comprises, et nos int\u00e9r\u00eats ont \u00e9t\u00e9 d\u00e9fendus avec un grand professionnalisme et une r\u00e9activit\u00e9 irr\u00e9prochable. Si c\u2019\u00e9tait \u00e0 [&hellip;]<\/p>\n","protected":false},"author":1,"featured_media":0,"parent":0,"menu_order":0,"comment_status":"closed","ping_status":"closed","template":"","meta":{"footnotes":""},"class_list":["post-1854","page","type-page","status-publish","hentry","post-wrapper","thrv_wrapper"],"_links":{"self":[{"href":"https:\/\/depot-de-marque.com\/en\/wp-json\/wp\/v2\/pages\/1854","targetHints":{"allow":["GET"]}}],"collection":[{"href":"https:\/\/depot-de-marque.com\/en\/wp-json\/wp\/v2\/pages"}],"about":[{"href":"https:\/\/depot-de-marque.com\/en\/wp-json\/wp\/v2\/types\/page"}],"author":[{"embeddable":true,"href":"https:\/\/depot-de-marque.com\/en\/wp-json\/wp\/v2\/users\/1"}],"replies":[{"embeddable":true,"href":"https:\/\/depot-de-marque.com\/en\/wp-json\/wp\/v2\/comments?post=1854"}],"version-history":[{"count":0,"href":"https:\/\/depot-de-marque.com\/en\/wp-json\/wp\/v2\/pages\/1854\/revisions"}],"wp:attachment":[{"href":"https:\/\/depot-de-marque.com\/en\/wp-json\/wp\/v2\/media?parent=1854"}],"curies":[{"name":"wp","href":"https:\/\/api.w.org\/{rel}","templated":true}]}}