{"id":1725,"date":"2016-08-30T17:34:50","date_gmt":"2016-08-30T17:34:50","guid":{"rendered":"http:\/\/depot-de-marque.com\/?page_id=1725"},"modified":"2020-12-02T18:23:56","modified_gmt":"2020-12-02T17:23:56","slug":"finding-the-right-brand","status":"publish","type":"page","link":"https:\/\/depot-de-marque.com\/en\/guide-marques\/trouver-une-bonne-marque\/","title":{"rendered":"Find a good brand"},"content":{"rendered":"<h1><a href=\"http:\/\/depot-de-marque.com\/wp-content\/uploads\/2016\/08\/GM_trouver-marque.jpg\"><img loading=\"lazy\" decoding=\"async\" src=\"http:\/\/depot-de-marque.com\/wp-content\/uploads\/2016\/08\/GM_trouver-marque-300x199.jpg\" alt=\"find a strong brand\" width=\"300\" height=\"199\" \/><\/a><\/h1>\n<h1>Find a good brand<\/h1>\n<h2>What is a good brand?<\/h2>\n<p>From a strictly legal point of view, this is <a href=\"http:\/\/depot-de-marque.com\/en\/brand-guide\/distinctive-and-descriptive\/\" data-cke-saved-href=\"http:\/\/depot-de-marque.com\/guide-marques\/distinctivite-et-descriptivite\">a distinguishing mark<\/a> and available. But it is also a brand that you like, and that is commercially beneficial to your company.<\/p>\n<p>Finding a good brand name is not an easy thing, because you have to combine all these aspects. It often happens that the brand you like is not available, or that the one you like least is available.<\/p>\n<h2>How to find a good brand?<\/h2>\n<p>Given the number of entrepreneurs who are forced to abandon their brand project because they encounter too many obstacles, and who tear their hair out looking for a new name, we have decided to give a few lines of research:<\/p>\n<h3>Words in common parlance unrelated to the service<\/h3>\n<p>Ex: Amazon, Canon, Caterpillar, Le Temps des Cerises, Diesel...<\/p>\n<p>These words have all been taken from the dictionary, and yet are perfectly distinctive because they have no connection with the products and\/or services marketed by their owner. The dictionary therefore offers a particularly interesting range of choices.<\/p>\n<h3>The family name, mythological names<\/h3>\n<p>Ex : E.Leclerc, Bouygues, Bacchus...<\/p>\n<p>However, beware of common mythological names, which have already been the subject of multiple trademark registrations. The best thing is to dig deep enough into mythology to find something \"new\".<\/p>\n<h3>The translation of a descriptive product term into a little-known language<\/h3>\n<p>E.g.: the Nabaztag connected rabbit (word meaning \"hare\" in Armenian)<\/p>\n<p>Be careful though, the term in question must really not be understandable to the target audience. So think about the countries in which you would like to register your trademark later on!<\/p>\n<h3>Neologisms, word-creation sites, anagrams<\/h3>\n<p>It takes patience, but by playing with the letters, you can end up with a name you like!<\/p>\n<h3>Acronyms<\/h3>\n<p>Ex: IBM (International Business Machines corporation), BMW (Bayerische Motoren Werke), HP (Hewlett Packard), KFC (Kentucky Fried Chicken)...<\/p>\n<p>The only problem with acronyms is that they are short and therefore more difficult to defend. Indeed, if someone comes into your field of activity by changing a letter to your acronym, there is no guarantee that you will be able to act against him. In the case of a long trademark, the fact that there is only one letter of difference generally makes it possible to successfully oppose a later trademark.<\/p>\n<p>If you wish to get help, you can also use a communication or naming agency, which looks for ideas of names for you from a lexical field and a universe that you will have defined together.<\/p>","protected":false},"excerpt":{"rendered":"<p>Trouver une bonne marque Qu\u2019est-ce qu\u2019une bonne marque ? D\u2019un point de vue strictement juridique, c\u2019est une marque distinctive et disponible. Mais c\u2019est aussi une marque que vous aimez, et qui soit commercialement b\u00e9n\u00e9fique pour votre soci\u00e9t\u00e9. Trouver un bon nom de marque n\u2019est pas une chose facile, car il faut combiner tous ces aspects. [&hellip;]<\/p>\n","protected":false},"author":1,"featured_media":0,"parent":11,"menu_order":13,"comment_status":"closed","ping_status":"closed","template":"","meta":{"footnotes":"","tve_updated_post":"<div class=\"thrv_wrapper tve_wp_shortcode\"><div class=\"tve_shortcode_raw\" style=\"display: none\">___TVE_SHORTCODE_RAW__&lt;h1&gt;&lt;a href=\"http:\/\/depot-de-marque.com\/wp-content\/uploads\/2016\/08\/GM_trouver-marque.jpg\"&gt;&lt;img class=\"size-medium wp-image-1728 aligncenter\" src=\"http:\/\/depot-de-marque.com\/wp-content\/uploads\/2016\/08\/GM_trouver-marque-300x199.jpg\" alt=\"trouver une marque forte\" width=\"300\" height=\"199\" \/&gt;&lt;\/a&gt;&lt;\/h1&gt;&lt;h1&gt;Trouver une bonne marque&lt;\/h1&gt;&lt;h2 class=\"ckeditor\"&gt;Qu\u2019est-ce qu\u2019une bonne marque ?&lt;\/h2&gt;&lt;p class=\"ckeditor\"&gt;D\u2019un point de vue strictement juridique, c\u2019est &lt;a href=\"http:\/\/depot-de-marque.com\/guide-marques\/distinctivite-et-descriptivite\" data-cke-saved-href=\"http:\/\/depot-de-marque.com\/guide-marques\/distinctivite-et-descriptivite\"&gt;une marque distinctive&lt;\/a&gt; et disponible. Mais c\u2019est aussi une marque que vous aimez, et qui soit commercialement b\u00e9n\u00e9fique pour votre soci\u00e9t\u00e9.&lt;\/p&gt;&lt;p&gt;Trouver un bon nom de marque n\u2019est pas une chose facile, car il faut combiner tous ces aspects. Or, il arrive souvent que la marque qui vous plait ne soit pas disponible, ou qu\u2019au contraire celle qui vous plait le moins le soit.&lt;\/p&gt;&lt;h2 class=\"ckeditor\"&gt;Comment trouver une bonne marque ?&lt;\/h2&gt;&lt;p&gt;Etant donn\u00e9 le nombre d\u2019entrepreneurs qui sont oblig\u00e9s d\u2019abandonner leur projet de marque car ils rencontrent des obstacles trop importants, et qui s\u2019arrachent les cheveux en cherchant un nouveau nom, nous avons d\u00e9cid\u00e9 de donner quelques pistes de recherche :&lt;\/p&gt;&lt;h3 class=\"ckeditor\"&gt;Les mots du langage courant sans aucun rapport avec le service&lt;\/h3&gt;&lt;p&gt;Ex: Amazon, Canon, Caterpillar, Le Temps des Cerises, Diesel\u2026&lt;\/p&gt;&lt;p&gt;Ces mots ont tous \u00e9t\u00e9 pris dans le dictionnaire, et sont pourtant parfaitement distinctifs parce qu\u2019ils n\u2019ont aucun lien avec les produits et\/ou services commercialis\u00e9s par leur titulaire. Le dictionnaire offre donc un \u00e9ventail de choix particuli\u00e8rement int\u00e9ressant.&lt;\/p&gt;&lt;h3 class=\"ckeditor\"&gt;Le nom de famille, les noms mythologiques&lt;\/h3&gt;&lt;p&gt;Ex : E.Leclerc, Bouygues, Bacchus\u2026&lt;\/p&gt;&lt;p&gt;Attention tout de m\u00eame aux &nbsp;noms mythologiques assez courants, qui ont d\u00e9j\u00e0 fait l\u2019objet de multiples d\u00e9p\u00f4t de marques. Le mieux est de creuser assez profond\u00e9ment dans la mythologie pour trouver quelque chose de \u00ab nouveau \u00bb&lt;\/p&gt;&lt;h3 class=\"ckeditor\"&gt;La traduction d\u2019un terme descriptif du produit dans une langue peu connue&lt;\/h3&gt;&lt;p&gt;Ex : le lapin connect\u00e9 Nabaztag (mot qui signifie \u00ab li\u00e8vre \u00bb en arm\u00e9nien)&lt;\/p&gt;&lt;p&gt;Attention quand m\u00eame, il faut que le terme en question ne soit vraiment pas compr\u00e9hensible par le public cible. Pensez donc d\u2019ores et d\u00e9j\u00e0 aux pays dans lesquels vous souhaiteriez d\u00e9poser votre marque par la suite !&lt;\/p&gt;&lt;h3 class=\"ckeditor\"&gt;Les n\u00e9ologismes, les sites de cr\u00e9ation de mots, les anagrammes&lt;\/h3&gt;&lt;p&gt;Il faut de la patience, mais \u00e0 force de jouer avec les lettres, on peut finir par tomber sur un nom qui nous plaise !&lt;\/p&gt;&lt;h3 class=\"ckeditor\"&gt;Les acronymes&lt;\/h3&gt;&lt;p&gt;Ex: IBM (International Business Machines corporation), BMW (Bayerische Motoren Werke), HP (Hewlett Packard), KFC (Kentucky Fried Chicken)\u2026&lt;\/p&gt;&lt;p&gt;Seul probl\u00e8me des acronymes : les marques sont courtes et donc plus difficilement d\u00e9fendables. En effet, si quelqu\u2019un vient sur votre domaine d\u2019activit\u00e9 en changeant une lettre \u00e0 votre acronyme, il n\u2019est pas garanti que vous pourrez agir contre lui. Sur une marque longue, le fait qu\u2019il y ait une seule lettre de diff\u00e9rence permet en g\u00e9n\u00e9ral de s\u2019opposer avec succ\u00e8s \u00e0 une marque post\u00e9rieure.&lt;\/p&gt;&lt;p&gt;Si vous souhaitez vous faire aider, vous pouvez \u00e9galement avoir recours \u00e0 une agence de communication ou de naming, qui cherche des id\u00e9es de nom pour vous \u00e0 partir d\u2019un champ lexical et d\u2019un univers que vous aurez d\u00e9fini ensemble&lt;\/p&gt;__TVE_SHORTCODE_RAW___<\/div><\/div><div class=\"thrv_wrapper thrv-button thrv-button-v2 tcb-local-vars-root\" data-css=\"tve-u-176247b7107\">\n\t<div class=\"thrive-colors-palette-config\" style=\"display: none !important\">__CONFIG_colors_palette__{\"active_palette\":0,\"config\":{\"colors\":{\"62516\":{\"name\":\"Main Accent\",\"parent\":-1}},\"gradients\":[]},\"palettes\":[{\"name\":\"Default Palette\",\"value\":{\"colors\":{\"62516\":{\"val\":\"var(--tcb-skin-color-0)\"}},\"gradients\":[]}}]}__CONFIG_colors_palette__<\/div>\n\t<a href=\"http:\/\/depot-de-marque.com\/guide-marques\/\" class=\"tcb-button-link tcb-plain-text\">\n\t\t<span class=\"tcb-button-texts\"><span class=\"tcb-button-text thrv-inline-text\">Retour au menu<\/span><\/span>\n\t<\/a>\n<\/div>","tve_custom_css":"@media (min-width: 300px){[data-css=\"tve-u-176247b7107\"] .tcb-button-link { letter-spacing: 2px; background-image: linear-gradient(var(--tcb-local-color-62516, rgb(19, 114, 211)), var(--tcb-local-color-62516, rgb(19, 114, 211))); --tve-applied-background-image:linear-gradient(var$(--tcb-local-color-62516, rgb(19, 114, 211)), var$(--tcb-local-color-62516, rgb(19, 114, 211))); background-size: auto; background-attachment: scroll; border-radius: 5px; overflow: hidden; padding: 18px; background-position: 50% 50%; background-repeat: no-repeat; }[data-css=\"tve-u-176247b7107\"] .tcb-button-link span { color: rgb(255, 255, 255); --tcb-applied-color:#fff; }[data-css=\"tve-u-176247b7107\"] { --tcb-local-color-62516:var(--tcb-skin-color-0) !important; }}","tve_user_custom_css":"","tve_globals":{"e":"1","font_cls":[]},"tcb2_ready":1,"tcb_editor_enabled":1,"tve_landing_page":"","_tve_header":"0","_tve_footer":"0"},"class_list":["post-1725","page","type-page","status-publish","hentry","post-wrapper","thrv_wrapper"],"_links":{"self":[{"href":"https:\/\/depot-de-marque.com\/en\/wp-json\/wp\/v2\/pages\/1725","targetHints":{"allow":["GET"]}}],"collection":[{"href":"https:\/\/depot-de-marque.com\/en\/wp-json\/wp\/v2\/pages"}],"about":[{"href":"https:\/\/depot-de-marque.com\/en\/wp-json\/wp\/v2\/types\/page"}],"author":[{"embeddable":true,"href":"https:\/\/depot-de-marque.com\/en\/wp-json\/wp\/v2\/users\/1"}],"replies":[{"embeddable":true,"href":"https:\/\/depot-de-marque.com\/en\/wp-json\/wp\/v2\/comments?post=1725"}],"version-history":[{"count":0,"href":"https:\/\/depot-de-marque.com\/en\/wp-json\/wp\/v2\/pages\/1725\/revisions"}],"up":[{"embeddable":true,"href":"https:\/\/depot-de-marque.com\/en\/wp-json\/wp\/v2\/pages\/11"}],"wp:attachment":[{"href":"https:\/\/depot-de-marque.com\/en\/wp-json\/wp\/v2\/media?parent=1725"}],"curies":[{"name":"wp","href":"https:\/\/api.w.org\/{rel}","templated":true}]}}