{"id":1721,"date":"2016-08-30T17:33:11","date_gmt":"2016-08-30T17:33:11","guid":{"rendered":"http:\/\/depot-de-marque.com\/?page_id=1721"},"modified":"2023-01-03T13:44:29","modified_gmt":"2023-01-03T12:44:29","slug":"classes-of-goods-and-services","status":"publish","type":"page","link":"https:\/\/depot-de-marque.com\/en\/guide-marques\/les-classes-de-produits-et-services\/","title":{"rendered":"Classes of goods and services"},"content":{"rendered":"<p><a href=\"http:\/\/depot-de-marque.com\/wp-content\/uploads\/2016\/08\/GM_classification.jpg\"><img loading=\"lazy\" decoding=\"async\" src=\"http:\/\/depot-de-marque.com\/wp-content\/uploads\/2016\/08\/GM_classification-300x199.jpg\" alt=\"goods and services classes\" width=\"300\" height=\"199\" \/><\/a><\/p>\n<h1><strong>Classes of goods and services<\/strong><\/h1>\n<p>Once the mark has been found, and the prior art search has been carried out, a wording should be drafted. Indeed, in application of the principle of speciality, the trademark is protected only for the goods or services mentioned in <strong>its wording<\/strong>.<\/p>\n<p>In order to achieve maximum protection, it is necessary that the wording be realistic and <strong>adapted <\/strong>to the mark: it must be neither too wide nor too narrow. To do this, you must be familiar with the <strong>Nice Classification<\/strong>which organizes products and services into 45 different categories. A good knowledge of the system makes it possible to make legally secure deposits at a lower cost.<\/p>\n<h2><strong>The wording: the brand identity card<\/strong><\/h2>\n<p>When filing a trademark application, the proprietor must indicate the list of goods and\/or services for which he wishes protection. This list will constitute the \"wording\" of the trademark. The drafting of the wording is a crucial step for the applicant, as it will condition the future life of his trademark.<\/p>\n<ul>\n<li><strong>Too narrow a wording may thus prevent further development of the trademark.<\/strong> All the more so since the depositor is prohibited from adding new products and services once the deposit has been made.<\/li>\n<\/ul>\n<p><em>For example, a trademark is registered for clothing (class 25). As this one sells well, the owner decides to launch a range of bags (class 18) under the same name a few years later: he will then have to register a new trademark to protect this exploitation, which was not initially envisaged. <\/em><\/p>\n<ul>\n<li><strong>Overly broad wording also has drawbacks<\/strong>The risk is high cost, the possibility of rejection by the Trademark Office and, above all, the risk of having one's trademark attacked by competitors.<\/li>\n<\/ul>\n<p><em>Let's compare 2 trademarks: Trademark A has been registered in 3 classes (270\u20ac of INPI fees), while Trademark B has been registered in 10 classes (550\u20ac of fees). Trademark A has not received any opposition, because its activity is well defined. Trademark B has received 2 oppositions from competitors who think that it is trying to create a risk of confusion in order to appropriate their customers. It will have to negotiate coexistence agreements and probably reduce its wording. It will incur costs to defend itself. After 5 years, Trademark A will have no difficulty in proving its serious use in the registered classes, whereas Trademark B will have difficulty in exploiting its mark in all the targeted classes. It therefore risks a revocation action for non-use in the classes where the mark is not used.<\/em><\/p>\n<p>In addition, the offices are becoming increasingly demanding on the <strong>wording wording<\/strong>. Thus, since 2012, the Court of Justice of the European Union (CJEU) considers that an imprecise wording does not make it possible to assess the scope of the protection sought. This results in an obligation for applicants to <strong>write brand names with clarity and precision<\/strong> so as to avoid any ambiguity as to the scope of the mark.<\/p>\n<p><em>An applicant who would use the headings of the classes of goods and services in its wording, could receive a decision of irregularity from the Office. Failure to comply within the time limit mentioned, the application would then be subject to a partial refusal of registration.<\/em><\/p>\n<p>It is therefore essential to draft its wording carefully. Indeed, unclear wording may lead to significant costs, limited protection and a significant legal risk vis-\u00e0-vis third parties.<\/p>\n<h2><strong>The Nice Classification: classes as a practical tool to prepare its wording<\/strong><\/h2>\n<p>To register a French, European or international trademark, it is necessary to refer to <strong>the Nice classification. <\/strong>In order to facilitate the work of trademark registration offices, a large number of countries apply this international classification system, which organizes the various goods and services into 45 categories (the \"classes\").<\/p>\n<p><strong>The products<\/strong> are divided into classes 1 to 34. For example:<\/p>\n<ul>\n<li>Class 9: Software, computers, telephones, USB keys, scientific apparatus<\/li>\n<li>Class 14: Jewelry, watches...<\/li>\n<li>Class 16: books, magazines, postcards, pens...<\/li>\n<li>Class 25: Clothing, footwear...<\/li>\n<\/ul>\n<p>Classes 35 to 45 refer to <strong>services. <\/strong>Examples :<\/p>\n<ul>\n<li>Class 35: Advertising; management of commercial affairs; human resources<\/li>\n<li>Class 39: Transport; travel arrangements<\/li>\n<li>Class 41 training; entertainment; sporting and cultural activities<\/li>\n<\/ul>\n<p>For each class, the Nice Classification provides a non-exhaustive list of the elements that make it up. A short description of each class is proposed on the <a href=\"http:\/\/bases-marques.inpi.fr\/Typo3_INPI_Marques\/listeClasseNice?limite=false&amp;amp;allClasse=true\" target=\"_blank\" rel=\"noopener\">INPI website<\/a>. More detailed information can be found on the <a href=\"https:\/\/www.wipo.int\/classifications\/nice\/fr\/\" target=\"_blank\" rel=\"noopener\">website of the World Intellectual Property Office<\/a> (WIPO).<\/p>\n<p><strong>This classification was established under the Nice Agreement in 1957.<\/strong>...he is often criticized for not being very current. However, it is constantly being revised to keep it up to date, in particular by incorporating new products and services that were not previously considered (the internet and mobile phones did not exist in the 1950s!). The <strong>12<sup>th<\/sup> edition<\/strong> came into effect on January 1, 2023.<\/p>\n<p>As this evolution is not very regular, there are <strong>target classes<\/strong> (such as Class 33, which includes only alcoholic beverages), while others could be described as \"catch-all\" (Class 45 includes a wide range of services, from legal advice to horoscopes, child care and funeral services).<\/p>\n<p>In addition, it may also happen that a product or service is not expressly named, either because of its specificity or because of its novelty: in this case it will be <strong>categorize it according to its type, nature or destination<\/strong>. For example, a piece of art made of wood will go into Class 20, if it is made of metal it will go into Class 6, if it is made of glass it will go into Class 21... This is a complex step, as some Offices may reject the application for registration when they consider that the good or service concerned does not belong to the correct class.<\/p>\n<h2><strong>3 steps to make your brand wording\u00a0<\/strong><\/h2>\n<h3>1\u00b0 Define the products and\/or services<\/h3>\n<p>The first step is to <strong>assess its needs\u00a0<\/strong>The products and services that will be offered must be defined first and foremost. <strong>to the public. <\/strong><\/p>\n<p>We must also be prepared to extend its scope. Therefore, the conditions of the <strong>further growth<\/strong> of the brand.<\/p>\n<p><em>For example, if you make shoes today, you may decide to offer other products (such as bags) in a few years.<\/em><\/p>\n<p>But you shouldn't think too broadly either: <strong>be realistic<\/strong>. You may be tempted to claim a wide range of products and\/or services, but this has higher costs. In addition, if you do not use your trademark for all the goods and services requested, it will not be defensible against competitors.<\/p>\n<h3>2\u00b0 Identify the corresponding classes<\/h3>\n<p>In the second step, you will need to <strong>identify the corresponding classes <\/strong>to your needs, i.e. to match the list established in the previous step with the Nice classification. This step has an impact on the <strong>royalty amount<\/strong> which you will have to pay to the registry office:<\/p>\n<ul>\n<li><em>In France, the registration of a trademark in 1 class costs 190 \u20ac. Each additional class is 40 \u20ac.\u00a0<\/em><\/li>\n<li><em>In Europe, the 1st class costs 850 \u20ac and the 2<sup>th<\/sup> is offered at a reduced price (50 \u20ac). From the 3<sup>th<\/sup> class, the costs are higher (150 \u20ac \/ additional class). <\/em><\/li>\n<\/ul>\n<h3>3\u00b0 Write the wording<\/h3>\n<p>Finally, the last step is <strong>the editorial staff<\/strong> Strictly speaking, the wording. The wording must be <strong>sufficiently specific<\/strong>to meet the requirements of the ECJ. However, it must also contain the formulas customary in the matter, so as not to delay the procedure unnecessarily. Indeed, a trade mark which is not worded in a proper manner is likely to receive a notification from the examiner requesting clarifications or modifications of the wording. This can considerably delay the registration of your mark.<\/p>\n<p>But, as we'll point out in another article, <a href=\"http:\/\/depot-de-marque.com\/en\/no-to-pre-digested-brand-labels\/\">it is absolutely necessary to avoid the pre-written wordings proposed by the INPI<\/a>. These will not protect you effectively!<\/p>\n<p>As the choice of classes and the drafting of wording are often strategic and complex steps, it is strongly advised to use a <a href=\"http:\/\/depot-de-marque.com\/en\/register-a-trademark\/\">Intellectual Property Counsel<\/a>He is accustomed to the rules of classification and is familiar with editorial practices.<\/p>\n<p>Update: January 3, 2023<\/p>","protected":false},"excerpt":{"rendered":"<p>Les classes de produits et services Une fois la marque trouv\u00e9e, et la recherche d\u2019ant\u00e9riorit\u00e9s effectu\u00e9e, il convient de r\u00e9diger un libell\u00e9. En effet, en application du principe de sp\u00e9cialit\u00e9, la marque n&rsquo;est prot\u00e9g\u00e9e que pour les produits ou services mentionn\u00e9s dans son libell\u00e9. Afin de b\u00e9n\u00e9ficier d\u2019une protection maximale, il est n\u00e9cessaire que le [&hellip;]<\/p>\n","protected":false},"author":1,"featured_media":0,"parent":11,"menu_order":12,"comment_status":"closed","ping_status":"closed","template":"","meta":{"footnotes":"","tve_updated_post":"<div class=\"thrv_wrapper tve_wp_shortcode\"><div class=\"tve_shortcode_raw\" style=\"display: none\">___TVE_SHORTCODE_RAW__&lt;p&gt;&lt;a href=\"http:\/\/depot-de-marque.com\/wp-content\/uploads\/2016\/08\/GM_classification.jpg\"&gt;&lt;img class=\"size-medium wp-image-1723 aligncenter\" src=\"http:\/\/depot-de-marque.com\/wp-content\/uploads\/2016\/08\/GM_classification-300x199.jpg\" alt=\"classes produits et services\" width=\"300\" height=\"199\" \/&gt;&lt;\/a&gt;&lt;\/p&gt;&lt;h1&gt;&lt;strong&gt;Les classes de produits et services&lt;\/strong&gt;&lt;\/h1&gt;&lt;p&gt;Une fois la marque trouv\u00e9e, et la recherche d\u2019ant\u00e9riorit\u00e9s effectu\u00e9e, il convient de r\u00e9diger un libell\u00e9. En effet, en application du principe de sp\u00e9cialit\u00e9, la marque n'est prot\u00e9g\u00e9e que pour les produits ou services mentionn\u00e9s dans &lt;strong&gt;son libell\u00e9&lt;\/strong&gt;.&lt;\/p&gt;&lt;p&gt;Afin de b\u00e9n\u00e9ficier d\u2019une protection maximale, il est n\u00e9cessaire que le libell\u00e9 soit r\u00e9aliste et &lt;strong&gt;adapt\u00e9 &lt;\/strong&gt;\u00e0 la marque&nbsp;: il ne doit \u00eatre ni trop large, ni trop \u00e9troit. Pour ce faire, il faut se familiariser avec la &lt;strong&gt;Classification de Nice&lt;\/strong&gt;, qui organise les produits et services dans 45 cat\u00e9gories diff\u00e9rentes. Une bonne connaissance du syst\u00e8me permet de faire de faire des d\u00e9p\u00f4ts juridiquement s\u00fbrs et \u00e0 un co\u00fbt moindre.&lt;\/p&gt;&lt;h2&gt;&lt;strong&gt;Le libell\u00e9&nbsp;: la carte d\u2019identit\u00e9 de la marque&lt;\/strong&gt;&lt;\/h2&gt;&lt;p&gt;Lors d\u2019un d\u00e9p\u00f4t de marque, le titulaire doit indiquer la liste des produits et\/ou services pour lesquels il souhaite une protection. Cette liste constituera le \u00ab&nbsp;libell\u00e9&nbsp;\u00bb de la marque. La r\u00e9daction du libell\u00e9 est une \u00e9tape cruciale pour le d\u00e9posant, car cela va conditionner la vie future de sa marque.&lt;\/p&gt;&lt;ul&gt;&lt;li&gt;&lt;strong&gt;Un libell\u00e9 trop \u00e9troit risque ainsi d\u2019emp\u00eacher un d\u00e9veloppement futur de la marque.&lt;\/strong&gt; D\u2019autant plus qu\u2019il est interdit au d\u00e9posant d\u2019ajouter de nouveaux produits et services une fois le d\u00e9p\u00f4t effectu\u00e9.&lt;\/li&gt;&lt;\/ul&gt;&lt;p&gt;&lt;em&gt;Par exemple, une marque est d\u00e9pos\u00e9e pour les v\u00eatements (classe 25). Comme celle-ci se vend bien, le titulaire d\u00e9cide de lancer une gamme de sacs (classe 18) sous le m\u00eame nom quelques ann\u00e9es plus tard&nbsp;: il devra alors d\u00e9poser une nouvelle marque pour prot\u00e9ger cette exploitation, qui n\u2019avait pas \u00e9t\u00e9 envisag\u00e9e au d\u00e9part. &lt;\/em&gt;&lt;\/p&gt;&lt;ul&gt;&lt;li&gt;&lt;strong&gt;Un libell\u00e9 trop large pr\u00e9sente \u00e9galement des inconv\u00e9nients&lt;\/strong&gt;: un co\u00fbt \u00e9lev\u00e9, une possibilit\u00e9 de rejet de la part de l\u2019office d\u2019enregistrement des marques, et surtout le risque de voir sa marque attaqu\u00e9e par des concurrents.&lt;\/li&gt;&lt;\/ul&gt;&lt;p&gt;&lt;em&gt;Comparons 2 marques&nbsp;: la marque A a \u00e9t\u00e9 d\u00e9pos\u00e9e dans 3 classes&nbsp;(210\u20ac de taxes INPI), alors que la marque B a \u00e9t\u00e9 d\u00e9pos\u00e9e dans 10 classes&nbsp;(504\u20ac de taxes). La marque A n\u2019a pas re\u00e7u d\u2019opposition, car son activit\u00e9 est bien d\u00e9finie. La marque B re\u00e7oit 2 oppositions de concurrents qui pensent qu\u2019elle essaie de cr\u00e9er un risque de confusion pour s\u2019approprier leur client\u00e8le. Elle devra n\u00e9gocier des accords de coexistence et sans doute r\u00e9duire son libell\u00e9. Apr\u00e8s 5 ans, la marque A n\u2019aura pas de difficult\u00e9 \u00e0 prouver son usage s\u00e9rieux dans les classes d\u00e9pos\u00e9es, alors que la marque B aura du mal \u00e0 exploiter sa marque dans toutes les classes vis\u00e9es. Elle risque donc une action en d\u00e9ch\u00e9ance pour non-usage dans les classes o\u00f9 la marque n\u2019est pas exploit\u00e9e.&lt;\/em&gt;&lt;\/p&gt;&lt;p&gt;Par ailleurs, les offices se montrent de plus en plus exigeants sur la &lt;strong&gt;r\u00e9daction du libell\u00e9&lt;\/strong&gt;. Ainsi, la Cour de justice de l\u2019Union Europ\u00e9enne (CJUE) consid\u00e8re depuis 2012 qu\u2019un libell\u00e9 impr\u00e9cis ne permet pas d\u2019appr\u00e9cier l\u2019\u00e9tendue de la protection demand\u00e9e. Il en ressort une obligation faite aux d\u00e9posants de &lt;strong&gt;r\u00e9diger les libell\u00e9s de marque avec clart\u00e9 et pr\u00e9cision&lt;\/strong&gt; de sorte \u00e0 \u00e9viter toute ambigu\u00eft\u00e9 quant \u00e0 la port\u00e9e de la marque.&lt;\/p&gt;&lt;p&gt;&lt;em&gt;Un d\u00e9posant qui reprendrait dans son libell\u00e9 les intitul\u00e9s des classes de produits et services, pourrait recevoir une d\u00e9cision d\u2019irr\u00e9gularit\u00e9 de la part de l\u2019Office. A d\u00e9faut de mise en conformit\u00e9 dans le d\u00e9lai mentionn\u00e9, le d\u00e9p\u00f4t ferait alors l\u2019objet d\u2019un rejet partiel d\u2019enregistrement.&lt;\/em&gt;&lt;\/p&gt;&lt;p&gt;Il est donc fondamental de bien r\u00e9diger son libell\u00e9. En effet, un libell\u00e9 peu clair risque d\u2019entra\u00eener des co\u00fbts importants, une protection restreinte, ainsi qu\u2019un risque juridique non n\u00e9gligeable vis-\u00e0-vis des tiers.&lt;\/p&gt;&lt;h2&gt;&lt;strong&gt;La classification de Nice&nbsp;: l\u2019outil pratique pour pr\u00e9parer son libell\u00e9&lt;\/strong&gt;&lt;\/h2&gt;&lt;p&gt;Pour d\u00e9poser une marque fran\u00e7aise, europ\u00e9enne ou internationale, il est n\u00e9cessaire de se r\u00e9f\u00e9rer \u00e0 &lt;strong&gt;la classification de Nice. &lt;\/strong&gt;Afin de faciliter le travail des offices charg\u00e9s de l\u2019enregistrement des marques, de tr\u00e8s nombreux pays appliquent ce syst\u00e8me international de classification, qui organise les diff\u00e9rents produits et services en 45 cat\u00e9gories (les \u00ab&nbsp;classes&nbsp;\u00bb).&lt;\/p&gt;&lt;p&gt;&lt;strong&gt;Les produits&lt;\/strong&gt; sont r\u00e9partis dans les classes 1 \u00e0 34. Exemples&nbsp;:&lt;\/p&gt;&lt;ul&gt;&lt;li&gt;Classe 9&nbsp;: logiciels, ordinateurs, t\u00e9l\u00e9phones, clefs USB, appareils scientifiques\u2026&lt;\/li&gt;&lt;li&gt;Classe 14&nbsp;: bijoux, montres\u2026&lt;\/li&gt;&lt;li&gt;Classe 16&nbsp;: livres, revues, cartes postales, stylos\u2026&lt;\/li&gt;&lt;li&gt;Classe 25&nbsp;: v\u00eatements, chaussures\u2026&lt;\/li&gt;&lt;\/ul&gt;&lt;p&gt;Les classes 35 \u00e0 45 renvoient quant \u00e0 elles \u00e0 des &lt;strong&gt;services. &lt;\/strong&gt;Exemples&nbsp;:&lt;\/p&gt;&lt;ul&gt;&lt;li&gt;Classe 35&nbsp;: publicit\u00e9 ; gestion des affaires commerciales&nbsp;; ressources humaines\u2026&lt;\/li&gt;&lt;li&gt;Classe 39 : transport ; organisation de voyages\u2026&lt;\/li&gt;&lt;li&gt;Classe 41&nbsp;formation ; divertissement ; activit\u00e9s sportives et culturelles\u2026&lt;\/li&gt;&lt;\/ul&gt;&lt;p&gt;Pour chaque classe, la classification de Nice propose une liste non-exhaustive des \u00e9l\u00e9ments qui la composent. Un court descriptif de chaque classe est propos\u00e9 sur le &lt;a href=\"http:\/\/bases-marques.inpi.fr\/Typo3_INPI_Marques\/listeClasseNice?limite=false&amp;amp;amp;allClasse=true\"&gt;site de l\u2019INPI&lt;\/a&gt;. Des informations plus d\u00e9taill\u00e9es se trouvent sur le &lt;a href=\"http:\/\/www.wipo.int\/classifications\/nice\/nclpub\/en\/fr\/20180101\/hierarchy\/?menulang=fr\"&gt;site de l\u2019Office Mondial de la Propri\u00e9t\u00e9 Intellectuelle&lt;\/a&gt; (OMPI).&lt;\/p&gt;&lt;p&gt;&lt;strong&gt;Cette classification ayant \u00e9t\u00e9 institu\u00e9e en vertu de l\u2019Arrangement de Nice en 1957&lt;\/strong&gt;, on lui reproche souvent de ne pas \u00eatre tr\u00e8s actuelle. Elle fait toutefois l'objet d'une r\u00e9vision constante, afin de rester \u00e0 jour, en int\u00e9grant notamment de nouveaux produits et services qui n\u2019avaient pas \u00e9t\u00e9 envisag\u00e9s auparavant (rappelons qu\u2019internet et les t\u00e9l\u00e9phones portables n\u2019existaient pas dans les ann\u00e9es 1950!). La &lt;strong&gt;11&lt;sup&gt;\u00e8me&lt;\/sup&gt; \u00e9dition&lt;\/strong&gt; est ainsi entr\u00e9e en vigueur en janvier 2017.&lt;\/p&gt;&lt;p&gt;Cette \u00e9volution n\u2019ayant pas \u00e9t\u00e9 tr\u00e8s r\u00e9guli\u00e8re, il existe des &lt;strong&gt;classes cibl\u00e9es&lt;\/strong&gt;&nbsp;(comme la classe 33 qui ne comprend que les boissons alcoolis\u00e9es), alors que d\u2019autres pourraient \u00eatre qualifi\u00e9es de \u00ab&nbsp;fourre-tout&nbsp;\u00bb&nbsp;(la classe 45 comporte toute une gamme de services tr\u00e8s vari\u00e9s&nbsp;: du conseil juridique \u00e0 l\u2019\u00e9tablissement d\u2019horoscopes, en passant par la garde d\u2019enfants).&lt;\/p&gt;&lt;p&gt;En outre, il peut \u00e9galement arriver qu\u2019un produit ou un service ne soit pas express\u00e9ment nomm\u00e9, soit en raison de sa sp\u00e9cificit\u00e9 ou en raison de sa nouveaut\u00e9&nbsp;: dans ce cas, il s\u2019agira de &lt;strong&gt;le faire entrer dans une cat\u00e9gorie en fonction de son type, de sa nature ou de sa destination&lt;\/strong&gt;. Par exemple, un objet d\u2019art en bois ira en classe 20, s\u2019il est en m\u00e9tal il ira en classe 6, s\u2019il est en verre en classe 21\u2026 C\u2019est une \u00e9tape complexe, car certains offices peuvent rejeter la demande d\u2019enregistrement lorsqu\u2019ils estiment que le produit ou service concern\u00e9 n\u2019appartient pas \u00e0 la bonne classe.&lt;\/p&gt;&lt;h2&gt;&lt;strong&gt;Comment r\u00e9diger son libell\u00e9 de marque&nbsp;? &lt;\/strong&gt;&lt;\/h2&gt;&lt;p&gt;La premi\u00e8re \u00e9tape consiste \u00e0 &lt;strong&gt;identifier ses besoins&nbsp;&lt;\/strong&gt;: il faut avant tout d\u00e9finir les produits et services qui vont \u00eatre propos\u00e9s &lt;strong&gt;au public. &lt;\/strong&gt;&lt;\/p&gt;&lt;p&gt;Il faut \u00e9galement se m\u00e9nager la possibilit\u00e9 d\u2019\u00e9tendre son champ d\u2019action. Il convient donc d\u2019envisager les conditions du &lt;strong&gt;d\u00e9veloppement futur&lt;\/strong&gt; de la marque.&lt;\/p&gt;&lt;p&gt;&lt;em&gt;Par exemple, si vous fabriquez des chaussures aujourd\u2019hui, il est possible que vous d\u00e9cidiez de proposer d\u2019autres produits (comme des sacs) dans quelques ann\u00e9es.&lt;\/em&gt;&lt;\/p&gt;&lt;p&gt;Mais il ne faut pas non plus voir trop large&nbsp;: &lt;strong&gt;soyez r\u00e9aliste&lt;\/strong&gt;. Vous pourriez \u00eatre tent\u00e9 de revendiquer une vaste gamme de produits et\/ou services, mais cela pr\u00e9sente des co\u00fbts plus \u00e9lev\u00e9s. En outre, si vous n\u2019utilisez pas votre marque pour tous les produits et services demand\u00e9s, elle ne pourra pas \u00eatre d\u00e9fendue face \u00e0 des concurrents.&lt;\/p&gt;&lt;p&gt;Lors de la deuxi\u00e8me \u00e9tape, vous devrez &lt;strong&gt;identifier les classes correspondant &lt;\/strong&gt;\u00e0 vos besoins, c\u2019est-\u00e0-dire faire correspondre la liste \u00e9tablie dans l\u2019\u00e9tape pr\u00e9c\u00e9dente avec la classification de Nice. Cette \u00e9tape a un impact sur le &lt;strong&gt;montant des redevances&lt;\/strong&gt; que vous devrez payer \u00e0 l\u2019office d\u2019enregistrement&nbsp;:&lt;\/p&gt;&lt;ul&gt;&lt;li&gt;&lt;em&gt;En France, le d\u00e9p\u00f4t peut inclure jusqu\u2019\u00e0 &lt;strong&gt;3 classes&lt;\/strong&gt;, sans frais suppl\u00e9mentaires. &lt;\/em&gt;&lt;\/li&gt;&lt;li&gt;&lt;em&gt;En Europe, la taxe de d\u00e9p\u00f4t ne permet de viser qu\u2019&lt;strong&gt;une seule classe &lt;\/strong&gt;(850 \u20ac), et la 2&lt;sup&gt;\u00e8me&lt;\/sup&gt; est propos\u00e9e \u00e0 un prix r\u00e9duit (50 \u20ac). A partir de la 3&lt;sup&gt;\u00e8me&lt;\/sup&gt; classe, les co\u00fbts sont plus \u00e9lev\u00e9s (150 \u20ac). &lt;\/em&gt;&lt;\/li&gt;&lt;\/ul&gt;&lt;p&gt;Enfin, la derni\u00e8re \u00e9tape est &lt;strong&gt;la r\u00e9daction&lt;\/strong&gt; \u00e0 proprement parler du libell\u00e9. Celui-ci doit \u00eatre &lt;strong&gt;suffisamment pr\u00e9cis&lt;\/strong&gt;, pour r\u00e9pondre aux exigences pos\u00e9es par la CJUE. Mais il faut \u00e9galement qu\u2019il comporte les formules usuelles dans la mati\u00e8re, pour ne pas retarder inutilement la proc\u00e9dure. En effet, une marque dont le libell\u00e9 n\u2019est pas r\u00e9dig\u00e9 dans les r\u00e8gles de l\u2019art a de fortes chances de recevoir une notification de l\u2019examinateur demandant des pr\u00e9cisions ou des modifications du libell\u00e9. Cela peut retarder consid\u00e9rablement l\u2019enregistrement de votre marque.&lt;\/p&gt;&lt;p&gt;Le choix des classes et la r\u00e9daction de libell\u00e9 constituant souvent des \u00e9tapes strat\u00e9giques et complexes, il est fortement conseill\u00e9 de faire appel \u00e0 un &lt;a href=\"http:\/\/depot-de-marque.com\/deposer-une-marque\"&gt;Conseil en Propri\u00e9t\u00e9 Intellectuelle&lt;\/a&gt;, habitu\u00e9 des r\u00e8gles de classification et rompu aux usages r\u00e9dactionnels.&lt;\/p&gt;__TVE_SHORTCODE_RAW___<\/div><\/div><div class=\"thrv_wrapper thrv-button thrv-button-v2 tcb-local-vars-root\" data-css=\"tve-u-176247dfe41\">\n<div class=\"thrive-colors-palette-config\" style=\"display: none !important\">__CONFIG_colors_palette__{\"active_palette\":0,\"config\":{\"colors\":{\"62516\":{\"name\":\"Main Accent\",\"parent\":-1}},\"gradients\":[]},\"palettes\":[{\"name\":\"Default Palette\",\"value\":{\"colors\":{\"62516\":{\"val\":\"var(--tcb-skin-color-0)\"}},\"gradients\":[]}}]}__CONFIG_colors_palette__<\/div>\n<a href=\"http:\/\/depot-de-marque.com\/guide-marques\/\" class=\"tcb-button-link tcb-plain-text\">\n<span class=\"tcb-button-texts\"><span class=\"tcb-button-text thrv-inline-text\">Retour au menu<\/span><\/span>\n<\/a>\n<\/div>","tve_custom_css":"@media (min-width: 300px){[data-css=\"tve-u-176247dfe41\"] .tcb-button-link { letter-spacing: 2px; background-image: linear-gradient(var(--tcb-local-color-62516, rgb(19, 114, 211)), var(--tcb-local-color-62516, rgb(19, 114, 211))); --tve-applied-background-image:linear-gradient(var$(--tcb-local-color-62516, rgb(19, 114, 211)), var$(--tcb-local-color-62516, rgb(19, 114, 211))); background-size: auto; background-attachment: scroll; border-radius: 5px; overflow: hidden; padding: 18px; background-position: 50% 50%; background-repeat: no-repeat; }[data-css=\"tve-u-176247dfe41\"] .tcb-button-link span { color: rgb(255, 255, 255); --tcb-applied-color:#fff; }[data-css=\"tve-u-176247dfe41\"] { --tcb-local-color-62516:var(--tcb-skin-color-0)  !important; }}","tve_user_custom_css":"","tve_globals":{"e":"1","font_cls":[]},"tcb2_ready":1,"tcb_editor_enabled":0,"tve_landing_page":"","_tve_header":"0","_tve_footer":"0"},"class_list":["post-1721","page","type-page","status-publish","hentry","post-wrapper","thrv_wrapper"],"_links":{"self":[{"href":"https:\/\/depot-de-marque.com\/en\/wp-json\/wp\/v2\/pages\/1721","targetHints":{"allow":["GET"]}}],"collection":[{"href":"https:\/\/depot-de-marque.com\/en\/wp-json\/wp\/v2\/pages"}],"about":[{"href":"https:\/\/depot-de-marque.com\/en\/wp-json\/wp\/v2\/types\/page"}],"author":[{"embeddable":true,"href":"https:\/\/depot-de-marque.com\/en\/wp-json\/wp\/v2\/users\/1"}],"replies":[{"embeddable":true,"href":"https:\/\/depot-de-marque.com\/en\/wp-json\/wp\/v2\/comments?post=1721"}],"version-history":[{"count":0,"href":"https:\/\/depot-de-marque.com\/en\/wp-json\/wp\/v2\/pages\/1721\/revisions"}],"up":[{"embeddable":true,"href":"https:\/\/depot-de-marque.com\/en\/wp-json\/wp\/v2\/pages\/11"}],"wp:attachment":[{"href":"https:\/\/depot-de-marque.com\/en\/wp-json\/wp\/v2\/media?parent=1721"}],"curies":[{"name":"wp","href":"https:\/\/api.w.org\/{rel}","templated":true}]}}