{"id":1695,"date":"2016-08-30T17:13:05","date_gmt":"2016-08-30T17:13:05","guid":{"rendered":"http:\/\/depot-de-marque.com\/?page_id=1695"},"modified":"2020-12-02T17:54:24","modified_gmt":"2020-12-02T16:54:24","slug":"figurative-and-semi-figurative-word-marks-different-types-of-marks","status":"publish","type":"page","link":"https:\/\/depot-de-marque.com\/en\/guide-marques\/marques-verbales-figuratives-et-semi-figuratives-les-differentes-formes-de-marques\/","title":{"rendered":"Word, figurative and semi-figurative trademarks: the different forms of trademarks that can be registered"},"content":{"rendered":"<p><a href=\"http:\/\/depot-de-marque.com\/wp-content\/uploads\/2016\/08\/GM_formes-marques.jpg\"><img loading=\"lazy\" decoding=\"async\" src=\"http:\/\/depot-de-marque.com\/wp-content\/uploads\/2016\/08\/GM_formes-marques-300x199.jpg\" alt=\"semi-figurative figurative word mark\" width=\"300\" height=\"199\" \/><\/a><\/p>\n<h1>The different forms of trademarks that can be registered<\/h1>\n<p>There are different forms of trademarks, which should be identified before any registration project. There are specific rules governing <a href=\"http:\/\/depot-de-marque.com\/en\/\" data-cke-saved-href=\"http:\/\/depot-de-marque.com\">the registration of a trademark<\/a> and the choice between a verbal, figurative or semi-figurative form must be carefully considered.<\/p>\n<h2>The forms of \"traditional\" brands<\/h2>\n<p>There are many different forms of trademarks allowed. They can be sonorous, two and three-dimensional. Colours or even holograms can constitute a mark. However, almost all registered trademarks are registered in verbal, figurative or semi-figurative form:<\/p>\n<p>\u00a0<\/p>\n<table border=\"1\" width=\"80%\">\n<thead>\n<tr>\n<th style=\"text-align: center;\" align=\"left\"><strong>Word mark<\/strong><\/th>\n<th style=\"text-align: center;\" align=\"left\"><strong>Semi-figurative mark<\/strong><\/th>\n<th style=\"text-align: center;\" align=\"left\"><strong>Figurative mark<\/strong><\/th>\n<\/tr>\n<\/thead>\n<tbody>\n<tr>\n<td style=\"text-align: center;\" align=\"left\">CHROME<\/td>\n<td align=\"left\">\u00a0<a href=\"http:\/\/depot-de-marque.com\/wp-content\/uploads\/2016\/08\/chrome_sf.png\"><img loading=\"lazy\" decoding=\"async\" src=\"http:\/\/depot-de-marque.com\/wp-content\/uploads\/2016\/08\/chrome_sf.png\" alt=\"semi-figurative mark forms\" width=\"150\" height=\"100\" \/><\/a><\/td>\n<td align=\"left\">\u00a0<img loading=\"lazy\" decoding=\"async\" src=\"http:\/\/depot-de-marque.com\/wp-content\/uploads\/2016\/08\/chrome_f.png\" alt=\"figurative trademark forms\" width=\"150\" height=\"100\" \/><\/td>\n<\/tr>\n<tr>\n<td style=\"text-align: center;\" align=\"left\">TOTAL<\/td>\n<td align=\"left\">\u00a0<a href=\"http:\/\/depot-de-marque.com\/wp-content\/uploads\/2016\/08\/total_sf.png\"><img loading=\"lazy\" decoding=\"async\" src=\"http:\/\/depot-de-marque.com\/wp-content\/uploads\/2016\/08\/total_sf.png\" alt=\"total semi-figurative mark\" width=\"150\" height=\"100\" \/><\/a><\/td>\n<td align=\"left\">\u00a0<a href=\"http:\/\/depot-de-marque.com\/wp-content\/uploads\/2016\/08\/total_f.png\"><img loading=\"lazy\" decoding=\"async\" src=\"http:\/\/depot-de-marque.com\/wp-content\/uploads\/2016\/08\/total_f.png\" alt=\"total figurative mark\" width=\"150\" height=\"100\" \/><\/a><\/td>\n<\/tr>\n<tr>\n<td style=\"text-align: center;\" align=\"left\">STARBUCKS<\/td>\n<td align=\"left\">\u00a0<a href=\"http:\/\/depot-de-marque.com\/wp-content\/uploads\/2016\/08\/starbucks_sf.png\"><img loading=\"lazy\" decoding=\"async\" src=\"http:\/\/depot-de-marque.com\/wp-content\/uploads\/2016\/08\/starbucks_sf.png\" alt=\"semi-figurative mark forms\" width=\"150\" height=\"100\" \/><\/a><\/td>\n<td align=\"left\">\u00a0<a href=\"http:\/\/depot-de-marque.com\/wp-content\/uploads\/2016\/08\/starbucks_f.png\"><img loading=\"lazy\" decoding=\"async\" src=\"http:\/\/depot-de-marque.com\/wp-content\/uploads\/2016\/08\/starbucks_f.png\" alt=\"figurative trademark forms\" width=\"150\" height=\"100\" \/><\/a><\/td>\n<\/tr>\n<\/tbody>\n<\/table>\n<h3>\u00a0<\/h3>\n<h3>Traditional forms of trademarks: the word mark<\/h3>\n<p>The word mark is only composed of one or more characters (numbers and\/or letters). It can be a word, a set of words or even a simple number. Once the word mark is registered, the name will be protected regardless of the graphic form used for its exploitation.<\/p>\n<p>It is often preferable to file a word mark as a priority, rather than a figurative or semi-figurative mark. By protecting only the terms of the trademark and not its graphic form, it is thus possible to use it in the form of one's choice. The latter can evolve at will, without infringing on the protection of the name. If, on the other hand, the trademark is registered in figurative or semi-figurative form, it must in principle be used in the form in which it was registered. This means that substantial changes in the graphic form may require a new application.<\/p>\n<p>Unless you have the necessary means to file all three forms of trademark, it is therefore better to <a href=\"http:\/\/depot-de-marque.com\/en\/deposit-rates\/\" data-cke-saved-href=\"http:\/\/depot-de-marque.com\/tarifs-depot\">give preference to the registration of a word mark<\/a>.<\/p>\n<h3>Forms of traditional trademarks: the figurative trademark<\/h3>\n<p>It consists exclusively of graphic elements: there are no verbal elements in a figurative mark.<\/p>\n<p>A figurative trademark can then take the form of a logo, a drawing, a hologram or even a certain shade of color. With regard to the latter form, it must be described by means of an internationally recognized code, for example <a href=\"http:\/\/www.aperodesign.ca\/quest-ce-quune-couleur-pantone-ou-pms\/\" data-cke-saved-href=\"http:\/\/www.aperodesign.ca\/quest-ce-quune-couleur-pantone-ou-pms\/\" data-cke-saved- target=\"_blank\" rel=\"noopener\">the \"Pantone\" code<\/a>. As an example, Orange and Decathlon have a title to the colour shade of their brand, without any other associated form.<\/p>\n<p>Thus, the figurative mark confers a right only to the sign as filed.<\/p>\n<h3>Traditional brand forms: the semi-figurative brand<\/h3>\n<p>The semi-figurative mark consists of two types of elements: a verbal element and a figurative element. It can be a logo accompanied by a name, but also a term with a particular calligraphy or graphic design.<\/p>\n<p>This form of trademark is useful when the verbal element is not or only slightly distinctive. The association of the name with a figurative element will in principle make the mark distinctive enough to be accepted at the time of filing. Again, the semi-figurative mark must be used as filed. It is therefore preferable not to make any changes during the life of the trademark (whether on the name or on the graphic form).<\/p>\n<h2>New forms of brands<\/h2>\n<p>For several years now, new forms of trademarks have been registered at the offices. These trademarks have met with varying degrees of success with the examiners. As of December 11, 2019, the obligation to represent the trademark graphically has been abolished. This will make it easier to file certain applications, such as sound and video applications. Others could finally be accepted, such as smells and tastes.<\/p>\n<h3>Sound and video marks<\/h3>\n<p>Until now, these marks have posed the problem of their graphic representation. Music, for example, could easily be represented by a staff, but what about sounds? In particular, the sound spectrum was used to show variations in sound, but was not precise enough for the average consumer. As for videos, we loaded a series of successive images that more or less represented the complete video. This is the \"motion mark\".<\/p>\n<p>Nowadays, with the disappearance of the graphic representation, it is enough to download one's digital file, which makes the scope of protection much clearer. However, there will remain a technical difficulty at the INPI in the early stages, since these files will not be accessible on trademark databases. How can I find out about them? Time will tell.<\/p>\n<h3>Tastes and smells<\/h3>\n<p>These have always been very difficult, if not impossible, to represent graphically. However, the abandonment of the obligation to graphically represent them will not make it easier to record them in the immediate future. Indeed, the new text requires that the trademark be perceptible in an objective manner. However, what could be more subjective than tastes and smells? We are therefore not likely to see this type of trademark proliferate any time soon.<\/p>","protected":false},"excerpt":{"rendered":"<p>Les diff\u00e9rentes formes de marques d\u00e9posables Il existe diff\u00e9rentes formes de marques, qu\u2019il convient d\u2019identifier avant tout projet d\u2019enregistrement. Des r\u00e8gles pr\u00e9cises r\u00e9gissent le d\u00e9p\u00f4t d\u2019une marque et le choix entre une forme verbale, figurative ou semi-figurative doit \u00eatre m\u00fbrement r\u00e9fl\u00e9chi. Les formes de marques \u00ab\u00a0traditionnelles\u00a0\u00bb Les formes de marques admises sont tr\u00e8s nombreuses. Elles [&hellip;]<\/p>\n","protected":false},"author":1,"featured_media":0,"parent":11,"menu_order":9,"comment_status":"closed","ping_status":"closed","template":"","meta":{"footnotes":""},"class_list":["post-1695","page","type-page","status-publish","hentry","post-wrapper","thrv_wrapper"],"_links":{"self":[{"href":"https:\/\/depot-de-marque.com\/en\/wp-json\/wp\/v2\/pages\/1695","targetHints":{"allow":["GET"]}}],"collection":[{"href":"https:\/\/depot-de-marque.com\/en\/wp-json\/wp\/v2\/pages"}],"about":[{"href":"https:\/\/depot-de-marque.com\/en\/wp-json\/wp\/v2\/types\/page"}],"author":[{"embeddable":true,"href":"https:\/\/depot-de-marque.com\/en\/wp-json\/wp\/v2\/users\/1"}],"replies":[{"embeddable":true,"href":"https:\/\/depot-de-marque.com\/en\/wp-json\/wp\/v2\/comments?post=1695"}],"version-history":[{"count":1,"href":"https:\/\/depot-de-marque.com\/en\/wp-json\/wp\/v2\/pages\/1695\/revisions"}],"predecessor-version":[{"id":5618,"href":"https:\/\/depot-de-marque.com\/en\/wp-json\/wp\/v2\/pages\/1695\/revisions\/5618"}],"up":[{"embeddable":true,"href":"https:\/\/depot-de-marque.com\/en\/wp-json\/wp\/v2\/pages\/11"}],"wp:attachment":[{"href":"https:\/\/depot-de-marque.com\/en\/wp-json\/wp\/v2\/media?parent=1695"}],"curies":[{"name":"wp","href":"https:\/\/api.w.org\/{rel}","templated":true}]}}