{"id":1678,"date":"2016-08-24T17:03:53","date_gmt":"2016-08-24T17:03:53","guid":{"rendered":"http:\/\/depot-de-marque.com\/?page_id=1678"},"modified":"2018-06-11T13:46:51","modified_gmt":"2018-06-11T11:46:51","slug":"the-risks-of-not-registering-your-trademark","status":"publish","type":"page","link":"https:\/\/depot-de-marque.com\/en\/guide-marques\/ne-pas-deposer-sa-marque-quels-risques\/","title":{"rendered":"What are the risks of not registering your trademark?"},"content":{"rendered":"<p>[fusion_builder_container hundred_percent=\u00a0\u00bbno\u00a0\u00bb equal_height_columns=\u00a0\u00bbno\u00a0\u00bb menu_anchor=\u00a0\u00bb\u00a0\u00bb hide_on_mobile=\u00a0\u00bbsmall-visibility,medium-visibility,large-visibility\u00a0\u00bb class=\u00a0\u00bb\u00a0\u00bb id=\u00a0\u00bb\u00a0\u00bb background_color=\u00a0\u00bb\u00a0\u00bb background_image=\u00a0\u00bb\u00a0\u00bb background_position=\u00a0\u00bbcenter center\u00a0\u00bb background_repeat=\u00a0\u00bbno-repeat\u00a0\u00bb fade=\u00a0\u00bbno\u00a0\u00bb background_parallax=\u00a0\u00bbnone\u00a0\u00bb enable_mobile=\u00a0\u00bbno\u00a0\u00bb parallax_speed=\u00a0\u00bb0.3&Prime; video_mp4=\u00a0\u00bb\u00a0\u00bb video_webm=\u00a0\u00bb\u00a0\u00bb video_ogv=\u00a0\u00bb\u00a0\u00bb video_url=\u00a0\u00bb\u00a0\u00bb video_aspect_ratio=\u00a0\u00bb16:9&Prime; video_loop=\u00a0\u00bbyes\u00a0\u00bb video_mute=\u00a0\u00bbyes\u00a0\u00bb video_preview_image=\u00a0\u00bb\u00a0\u00bb border_size=\u00a0\u00bb\u00a0\u00bb border_color=\u00a0\u00bb\u00a0\u00bb border_style=\u00a0\u00bbsolid\u00a0\u00bb margin_top=\u00a0\u00bb\u00a0\u00bb margin_bottom=\u00a0\u00bb\u00a0\u00bb padding_top=\u00a0\u00bb\u00a0\u00bb padding_right=\u00a0\u00bb\u00a0\u00bb padding_bottom=\u00a0\u00bb\u00a0\u00bb padding_left=\u00a0\u00bb\u00a0\u00bb][fusion_builder_row][fusion_builder_column type=\u00a0\u00bb1_1&Prime; layout=\u00a0\u00bb1_1&Prime; spacing=\u00a0\u00bb\u00a0\u00bb center_content=\u00a0\u00bbno\u00a0\u00bb hover_type=\u00a0\u00bbnone\u00a0\u00bb link=\u00a0\u00bb\u00a0\u00bb min_height=\u00a0\u00bb\u00a0\u00bb hide_on_mobile=\u00a0\u00bbsmall-visibility,medium-visibility,large-visibility\u00a0\u00bb class=\u00a0\u00bb\u00a0\u00bb id=\u00a0\u00bb\u00a0\u00bb background_color=\u00a0\u00bb\u00a0\u00bb background_image=\u00a0\u00bb\u00a0\u00bb background_position=\u00a0\u00bbleft top\u00a0\u00bb background_repeat=\u00a0\u00bbno-repeat\u00a0\u00bb border_size=\u00a0\u00bb0&Prime; border_color=\u00a0\u00bb\u00a0\u00bb border_style=\u00a0\u00bbsolid\u00a0\u00bb border_position=\u00a0\u00bball\u00a0\u00bb padding_top=\u00a0\u00bb\u00a0\u00bb padding_right=\u00a0\u00bb\u00a0\u00bb padding_bottom=\u00a0\u00bb\u00a0\u00bb padding_left=\u00a0\u00bb\u00a0\u00bb dimension_margin=\u00a0\u00bb\u00a0\u00bb animation_type=\u00a0\u00bb\u00a0\u00bb animation_direction=\u00a0\u00bbleft\u00a0\u00bb animation_speed=\u00a0\u00bb0.3&Prime; animation_offset=\u00a0\u00bb\u00a0\u00bb last=\u00a0\u00bbno\u00a0\u00bb][fusion_imageframe image_id=\u00a0\u00bb1615&Prime; style_type=\u00a0\u00bbnone\u00a0\u00bb stylecolor=\u00a0\u00bb\u00a0\u00bb hover_type=\u00a0\u00bbnone\u00a0\u00bb bordersize=\u00a0\u00bb\u00a0\u00bb bordercolor=\u00a0\u00bb\u00a0\u00bb borderradius=\u00a0\u00bb\u00a0\u00bb align=\u00a0\u00bbcenter\u00a0\u00bb lightbox=\u00a0\u00bbno\u00a0\u00bb gallery_id=\u00a0\u00bb\u00a0\u00bb lightbox_image=\u00a0\u00bb\u00a0\u00bb alt=\u00a0\u00bb\u00a0\u00bb link=\u00a0\u00bb\u00a0\u00bb linktarget=\u00a0\u00bb_self\u00a0\u00bb hide_on_mobile=\u00a0\u00bbsmall-visibility,medium-visibility,large-visibility\u00a0\u00bb class=\u00a0\u00bb\u00a0\u00bb id=\u00a0\u00bb\u00a0\u00bb animation_type=\u00a0\u00bb\u00a0\u00bb animation_direction=\u00a0\u00bbleft\u00a0\u00bb animation_speed=\u00a0\u00bb0.3&Prime; animation_offset=\u00a0\u00bb\u00a0\u00bb]http:\/\/depot-de-marque.com\/wp-content\/uploads\/2017\/05\/GM_risque-depot-marque.jpg[\/fusion_imageframe][fusion_separator style_type=\u00a0\u00bbnone\u00a0\u00bb hide_on_mobile=\u00a0\u00bbsmall-visibility,medium-visibility,large-visibility\u00a0\u00bb class=\u00a0\u00bb\u00a0\u00bb id=\u00a0\u00bb\u00a0\u00bb sep_color=\u00a0\u00bb\u00a0\u00bb top_margin=\u00a0\u00bb50&Prime; bottom_margin=\u00a0\u00bb\u00a0\u00bb border_size=\u00a0\u00bb\u00a0\u00bb icon=\u00a0\u00bb\u00a0\u00bb icon_circle=\u00a0\u00bb\u00a0\u00bb icon_circle_color=\u00a0\u00bb\u00a0\u00bb width=\u00a0\u00bb\u00a0\u00bb alignment=\u00a0\u00bbcenter\u00a0\u00bb \/][fusion_code]W2xhc3R1cGRhdGVd[\/fusion_code][fusion_separator style_type=\u00a0\u00bbnone\u00a0\u00bb hide_on_mobile=\u00a0\u00bbsmall-visibility,medium-visibility,large-visibility\u00a0\u00bb class=\u00a0\u00bb\u00a0\u00bb id=\u00a0\u00bb\u00a0\u00bb sep_color=\u00a0\u00bb\u00a0\u00bb top_margin=\u00a0\u00bb30&Prime; bottom_margin=\u00a0\u00bb\u00a0\u00bb border_size=\u00a0\u00bb\u00a0\u00bb icon=\u00a0\u00bb\u00a0\u00bb icon_circle=\u00a0\u00bb\u00a0\u00bb icon_circle_color=\u00a0\u00bb\u00a0\u00bb width=\u00a0\u00bb\u00a0\u00bb alignment=\u00a0\u00bbcenter\u00a0\u00bb \/][fusion_text]<\/p>\n<h1>Ne pas d\u00e9poser sa marque : quels risques ?<\/h1>\n<p>Certains pr\u00e9f\u00e8rent ne pas d\u00e9poser leur marque, pour des raisons diverses : pas de budget, pas le temps de s\u2019en occuper, pas de volont\u00e9 de la d\u00e9fendre, pas de concurrence connue sur ce nom\u2026 Ce choix peut \u00eatre risqu\u00e9 !<\/p>\n<h2 class=\"ckeditor\">Les risques imm\u00e9diats<\/h2>\n<h3 class=\"ckeditor\">Contrefa\u00e7on<\/h3>\n<p>En r\u00e8gle g\u00e9n\u00e9rale, les personnes qui ne d\u00e9posent pas leur marque ne r\u00e9alisent pas non plus <a href=\"http:\/\/depot-de-marque.com\/guide-marques\/disponibilite-et-recherches-danteriorites-dune-marque\" data-cke-saved-href=\"http:\/\/depot-de-marque.com\/guide-marques\/disponibilite-et-recherches-danteriorites-dune-marque\">de recherches d\u2019ant\u00e9riorit\u00e9s sur le nom<\/a> qu\u2019ils souhaitent utiliser. Or, ne pas conna\u00eetre l\u2019environnement juridique d\u2019un nom peut \u00eatre fatal : en effet, ce dernier peut contrefaire les droits ant\u00e9rieurs d\u2019un tiers, m\u00eame sans le savoir. De fait, la qualification de contrefa\u00e7on ne s\u2019embarasse pas de la preuve d\u2019une intention par le contrefacteur : il suffit de d\u00e9montrer qu\u2019une marque identique ou proche de la sienne est utilis\u00e9e dans le m\u00eame secteur d\u2019activit\u00e9 ou un secteur connexe, peu importe que l\u2019utilisateur de la marque en ait eu conscience ou non.<\/p>\n<p>Ainsi, une action en contrefa\u00e7on peut \u00eatre intent\u00e9e contre l\u2019utilisateur d\u2019une marque, m\u00eame s\u2019il l\u2019utilisait de bonne foi. Il convient donc d\u2019\u00eatre tr\u00e8s prudent \u00e0 ce sujet. L\u2019usage d\u2019une marque sans d\u00e9p\u00f4t ne dispense pas de proc\u00e9der \u00e0 des recherches d\u2019ant\u00e9riorit\u00e9s. Et quitte \u00e0 les r\u00e9aliser, alors autant en profiter pour d\u00e9poser la marque et s\u00e9curiser ses droits !<\/p>\n<h3 class=\"ckeditor\">Absence de droits<\/h3>\n<p>A l\u2019instar de l\u2019occupant sans titre d\u2019un immeuble, une personne qui exploite une marque sans en obtenir la propri\u00e9t\u00e9 par l\u2019enregistrement ne dispose d\u2019aucun droit sur ce nom. L\u2019absence de droits implique que l\u2019on ne peut pas emp\u00eacher un tiers d\u2019utiliser le m\u00eame nom ou un nom proche dans le m\u00eame domaine d\u2019activit\u00e9 ou un domaine connexe (sauf concurrence d\u00e9loyale), et que l\u2019on ne peut pas non plus utiliser les actions qui sont r\u00e9serv\u00e9es aux titulaires de marques : opposition devant les offices de marques, action en contrefa\u00e7on, proc\u00e9dures de r\u00e9cup\u00e9ration de noms de domaine&#8230;<\/p>\n<p>Ne pas d\u00e9poser de marque signifie se limiter \u00e0 l\u2019extr\u00eame en terme de d\u00e9fense du nom. Il devient quasiment impossible d\u2019emp\u00eacher les tiers d\u2019utiliser le m\u00eame nom ou un nom proche, ce qui peut poser de graves probl\u00e8mes commerciaux (d\u00e9tournement de client\u00e8le, confusion pour le consommateur\u2026).<\/p>\n<h2 class=\"ckeditor\">Les risques sur le long terme<\/h2>\n<h3 class=\"ckeditor\">Usurpation<\/h3>\n<p>En France, celui qui d\u00e9pose le premier est en g\u00e9n\u00e9ral celui qui a raison. Etant donn\u00e9 que le simple usage d\u2019une marque ne conf\u00e8re aucun droit sur ce nom, en principe une personne qui d\u00e9pose une marque alors qu\u2019elle est en train d\u2019\u00eatre utilis\u00e9e par un tiers, sans avoir \u00e9t\u00e9 d\u00e9pos\u00e9e, peut valablement devenir titulaire de cette marque. Or, le principal droit conf\u00e9r\u00e9 au titulaire est d\u2019emp\u00eacher l\u2019usage illicite d\u2019une marque par un concurrent. En cons\u00e9quence, le titulaire peut donc, en principe, emp\u00eacher la personne qui utilise la marque depuis d\u00e9j\u00e0 quelques temps de poursuivre son usage. Un comble, n\u2019est-ce pas ?<\/p>\n<p>Il est donc tr\u00e8s important de d\u00e9poser sa marque afin de s\u00e9curiser ses droits et \u00e9viter qu\u2019un tiers ne puisse vous emp\u00eacher de l\u2019utiliser, alors m\u00eame que vous l\u2019exploitez depuis parfois longtemps.<\/p>\n<h3 class=\"ckeditor\">Impossibilit\u00e9 de valoriser le nom<\/h3>\n<p>Une marque ne peut prendre de valeur marchande que si elle a fait l\u2019objet d\u2019un enregistrement. Ainsi, le titulaire obtient un titre de propri\u00e9t\u00e9, qui devient un actif de son patrimoine ou de celui de sa soci\u00e9t\u00e9, et peut le c\u00e9der ou le donner en licence. Par ailleurs, une bonne exploitation de la marque peut accro\u00eetre sa notori\u00e9t\u00e9, et par cons\u00e9quent sa valeur. En cas de cession de la soci\u00e9t\u00e9 et\/ou de la marque, cette derni\u00e8re peut \u00eatre \u00e9valu\u00e9e \u00e0 des sommes parfois tr\u00e8s \u00e9lev\u00e9es. Or, si la marque n\u2019est pas d\u00e9pos\u00e9e, il est impossible de profiter de cette valorisation.<\/p>\n<p>A noter \u00e9galement que l\u2019absence de marque lors d\u2019une cession de soci\u00e9t\u00e9 est souvent tr\u00e8s mal vue des investisseurs, qui s\u2019interrogent alors, \u00e0 juste titre, sur la s\u00e9curit\u00e9 juridique globale de l\u2019entreprise.<\/p>\n<h2 class=\"ckeditor\">Limiter les risques<\/h2>\n<p>On l\u2019a dit, le simple usage d\u2019une marque, aussi large soit-il, ne suffit pas en France \u00e0 r\u00e9clamer des droits sur ce nom. N\u00e9anmoins, il existe d\u2019autres droits qui peuvent permettre d\u2019\u00e9chapper au risque d\u2019usurpation. Par ailleurs, d\u2019autres actions que l\u2019action en contrefa\u00e7on peuvent \u00eatre mises en oeuvre pour lutter contre la copie de sa marque par des tiers.<\/p>\n<h3 class=\"ckeditor\">Autres droits ant\u00e9rieurs<\/h3>\n<p>La d\u00e9nomination sociale et le nom de domaine, s\u2019ils sont exploit\u00e9s, peuvent servir \u00e0 emp\u00eacher l\u2019usurpation de sa marque non d\u00e9pos\u00e9e. En effet, ils constituent tous deux des ant\u00e9riorit\u00e9s opposables \u00e0 l\u2019enregistrement d\u2019une marque post\u00e9rieure dans le m\u00eame domaine d\u2019activit\u00e9 ou un domaine connexe. Par extension, ils peuvent aussi \u00eatre revendiqu\u00e9s pour emp\u00eacher l\u2019usage d\u2019une telle marque, qui cr\u00e9erait un pr\u00e9judice pour le titulaire de la d\u00e9nomination sociale ou du nom de domaine.<\/p>\n<h3 class=\"ckeditor\">Autres actions<\/h3>\n<h4 class=\"ckeditor\">L\u2019action en concurrence d\u00e9loyale<\/h4>\n<p>Elle permet d\u2019emp\u00eacher un concurrent d\u2019utiliser une marque identique ou proche d\u2019une marque exploit\u00e9e et non d\u00e9pos\u00e9e. Elle se base toutefois sur la responsabilit\u00e9 de droit commun <a href=\"https:\/\/www.legifrance.gouv.fr\/affichCodeArticle.do;jsessionid=D93E9DC9593954E21816FCBA0360D947.tpdila07v_1?idArticle=LEGIARTI000006438819&amp;cidTexte=LEGITEXT000006070721&amp;dateTexte=20160921\" data-cke-saved-href=\"https:\/\/www.legifrance.gouv.fr\/affichCodeArticle.do;jsessionid=D93E9DC9593954E21816FCBA0360D947.tpdila07v_1?idArticle=LEGIARTI000006438819&amp;cidTexte=LEGITEXT000006070721&amp;dateTexte=20160921\" data-cke-saved- target=\"_blank\" rel=\"noopener\">(art 1382 du code civil)<\/a>. A ce titre, il faut d\u00e9montrer une faute (et donc une intention) de la part du concurrent, un pr\u00e9judice subi (ce qui n\u2019est pas toujours facile \u00e0 prouver) et un lien de causalit\u00e9 entre les deux. Cette action est plus difficile \u00e0 introduire qu\u2019une action en contrefa\u00e7on, qui n\u2019a ni besoin de faute, ni de pr\u00e9judice pour \u00eatre valablement intent\u00e9e.<\/p>\n<h4 class=\"ckeditor\">Le d\u00e9p\u00f4t de mauvaise foi<\/h4>\n<p>Une marque peut \u00eatre annul\u00e9e si elle a \u00e9t\u00e9 d\u00e9pos\u00e9e de mauvaise foi. La preuve de cette mauvaise foi est \u00e0 apporter par celui qui la revendique, ce qui n\u2019est pas toujours simple. Dans le cas de concurrents directs, c\u2019est un peu plus facile car l\u2019adversaire a de grandes chances d\u2019avoir connaissance de la marque en cause, et a profit\u00e9 du fait qu\u2019elle n\u2019\u00e9tait pas d\u00e9pos\u00e9e pour le faire en son nom. Mais s\u2019il n\u2019y a aucun lien entre les adversaires dans le litige, il peut \u00eatre tr\u00e8s compliqu\u00e9 de faire annuler une marque sur cette base.<\/p>\n<p>En \u00e9tant titulaire d\u2019une marque, il est possible d\u2019agir en annulation simplement sur la base de l\u2019existence de son droit ant\u00e9rieur, sans avoir \u00e0 d\u00e9montrer la mauvaise foi du d\u00e9posant, ce qui facilite grandement la proc\u00e9dure et augmente consid\u00e9rablement les chances de succ\u00e8s.<\/p>\n<p>[\/fusion_text][fusion_separator style_type=\u00a0\u00bbnone\u00a0\u00bb hide_on_mobile=\u00a0\u00bbsmall-visibility,medium-visibility,large-visibility\u00a0\u00bb class=\u00a0\u00bb\u00a0\u00bb id=\u00a0\u00bb\u00a0\u00bb sep_color=\u00a0\u00bb\u00a0\u00bb top_margin=\u00a0\u00bb50&Prime; bottom_margin=\u00a0\u00bb\u00a0\u00bb border_size=\u00a0\u00bb\u00a0\u00bb icon=\u00a0\u00bb\u00a0\u00bb icon_circle=\u00a0\u00bb\u00a0\u00bb icon_circle_color=\u00a0\u00bb\u00a0\u00bb width=\u00a0\u00bb\u00a0\u00bb alignment=\u00a0\u00bbcenter\u00a0\u00bb \/][fusion_button link=\u00a0\u00bb\/guide-marques\u00a0\u00bb title=\u00a0\u00bb\u00a0\u00bb target=\u00a0\u00bb_self\u00a0\u00bb alignment=\u00a0\u00bbcenter\u00a0\u00bb modal=\u00a0\u00bb\u00a0\u00bb hide_on_mobile=\u00a0\u00bbsmall-visibility,medium-visibility,large-visibility\u00a0\u00bb class=\u00a0\u00bb\u00a0\u00bb id=\u00a0\u00bb\u00a0\u00bb color=\u00a0\u00bbdefault\u00a0\u00bb button_gradient_top_color=\u00a0\u00bb\u00a0\u00bb button_gradient_bottom_color=\u00a0\u00bb\u00a0\u00bb button_gradient_top_color_hover=\u00a0\u00bb\u00a0\u00bb button_gradient_bottom_color_hover=\u00a0\u00bb\u00a0\u00bb accent_color=\u00a0\u00bb\u00a0\u00bb accent_hover_color=\u00a0\u00bb\u00a0\u00bb type=\u00a0\u00bb\u00a0\u00bb bevel_color=\u00a0\u00bb\u00a0\u00bb border_width=\u00a0\u00bb\u00a0\u00bb size=\u00a0\u00bb\u00a0\u00bb stretch=\u00a0\u00bbdefault\u00a0\u00bb shape=\u00a0\u00bb\u00a0\u00bb icon=\u00a0\u00bb\u00a0\u00bb icon_position=\u00a0\u00bbleft\u00a0\u00bb icon_divider=\u00a0\u00bbno\u00a0\u00bb animation_type=\u00a0\u00bb\u00a0\u00bb animation_direction=\u00a0\u00bbleft\u00a0\u00bb animation_speed=\u00a0\u00bb0.3&Prime; animation_offset=\u00a0\u00bb\u00a0\u00bb]Retour au menu du guide[\/fusion_button][\/fusion_builder_column][\/fusion_builder_row][\/fusion_builder_container]<\/p>\n","protected":false},"excerpt":{"rendered":"<p>[fusion_builder_container hundred_percent=\u00a0\u00bbno\u00a0\u00bb equal_height_columns=\u00a0\u00bbno\u00a0\u00bb menu_anchor=\u00a0\u00bb\u00a0\u00bb hide_on_mobile=\u00a0\u00bbsmall-visibility,medium-visibility,large-visibility\u00a0\u00bb class=\u00a0\u00bb\u00a0\u00bb id=\u00a0\u00bb\u00a0\u00bb background_color=\u00a0\u00bb\u00a0\u00bb background_image=\u00a0\u00bb\u00a0\u00bb background_position=\u00a0\u00bbcenter center\u00a0\u00bb background_repeat=\u00a0\u00bbno-repeat\u00a0\u00bb fade=\u00a0\u00bbno\u00a0\u00bb background_parallax=\u00a0\u00bbnone\u00a0\u00bb enable_mobile=\u00a0\u00bbno\u00a0\u00bb parallax_speed=\u00a0\u00bb0.3&Prime; video_mp4=\u00a0\u00bb\u00a0\u00bb video_webm=\u00a0\u00bb\u00a0\u00bb video_ogv=\u00a0\u00bb\u00a0\u00bb video_url=\u00a0\u00bb\u00a0\u00bb video_aspect_ratio=\u00a0\u00bb16:9&Prime; video_loop=\u00a0\u00bbyes\u00a0\u00bb video_mute=\u00a0\u00bbyes\u00a0\u00bb video_preview_image=\u00a0\u00bb\u00a0\u00bb border_size=\u00a0\u00bb\u00a0\u00bb border_color=\u00a0\u00bb\u00a0\u00bb border_style=\u00a0\u00bbsolid\u00a0\u00bb margin_top=\u00a0\u00bb\u00a0\u00bb margin_bottom=\u00a0\u00bb\u00a0\u00bb padding_top=\u00a0\u00bb\u00a0\u00bb padding_right=\u00a0\u00bb\u00a0\u00bb padding_bottom=\u00a0\u00bb\u00a0\u00bb padding_left=\u00a0\u00bb\u00a0\u00bb][fusion_builder_row][fusion_builder_column type=\u00a0\u00bb1_1&Prime; layout=\u00a0\u00bb1_1&Prime; spacing=\u00a0\u00bb\u00a0\u00bb center_content=\u00a0\u00bbno\u00a0\u00bb hover_type=\u00a0\u00bbnone\u00a0\u00bb link=\u00a0\u00bb\u00a0\u00bb min_height=\u00a0\u00bb\u00a0\u00bb hide_on_mobile=\u00a0\u00bbsmall-visibility,medium-visibility,large-visibility\u00a0\u00bb class=\u00a0\u00bb\u00a0\u00bb id=\u00a0\u00bb\u00a0\u00bb background_color=\u00a0\u00bb\u00a0\u00bb background_image=\u00a0\u00bb\u00a0\u00bb background_position=\u00a0\u00bbleft top\u00a0\u00bb background_repeat=\u00a0\u00bbno-repeat\u00a0\u00bb border_size=\u00a0\u00bb0&Prime; border_color=\u00a0\u00bb\u00a0\u00bb border_style=\u00a0\u00bbsolid\u00a0\u00bb border_position=\u00a0\u00bball\u00a0\u00bb padding_top=\u00a0\u00bb\u00a0\u00bb padding_right=\u00a0\u00bb\u00a0\u00bb padding_bottom=\u00a0\u00bb\u00a0\u00bb [&hellip;]<\/p>\n","protected":false},"author":1,"featured_media":0,"parent":11,"menu_order":3,"comment_status":"closed","ping_status":"closed","template":"","meta":{"footnotes":""},"class_list":["post-1678","page","type-page","status-publish","hentry","post-wrapper","thrv_wrapper"],"_links":{"self":[{"href":"https:\/\/depot-de-marque.com\/en\/wp-json\/wp\/v2\/pages\/1678","targetHints":{"allow":["GET"]}}],"collection":[{"href":"https:\/\/depot-de-marque.com\/en\/wp-json\/wp\/v2\/pages"}],"about":[{"href":"https:\/\/depot-de-marque.com\/en\/wp-json\/wp\/v2\/types\/page"}],"author":[{"embeddable":true,"href":"https:\/\/depot-de-marque.com\/en\/wp-json\/wp\/v2\/users\/1"}],"replies":[{"embeddable":true,"href":"https:\/\/depot-de-marque.com\/en\/wp-json\/wp\/v2\/comments?post=1678"}],"version-history":[{"count":0,"href":"https:\/\/depot-de-marque.com\/en\/wp-json\/wp\/v2\/pages\/1678\/revisions"}],"up":[{"embeddable":true,"href":"https:\/\/depot-de-marque.com\/en\/wp-json\/wp\/v2\/pages\/11"}],"wp:attachment":[{"href":"https:\/\/depot-de-marque.com\/en\/wp-json\/wp\/v2\/media?parent=1678"}],"curies":[{"name":"wp","href":"https:\/\/api.w.org\/{rel}","templated":true}]}}