{"id":1661,"date":"2016-08-24T16:34:39","date_gmt":"2016-08-24T16:34:39","guid":{"rendered":"http:\/\/depot-de-marque.com\/?page_id=1661"},"modified":"2020-12-03T05:52:48","modified_gmt":"2020-12-03T04:52:48","slug":"the-priority-period","status":"publish","type":"page","link":"https:\/\/depot-de-marque.com\/en\/guide-marques\/le-delai-de-priorite\/","title":{"rendered":"The priority period"},"content":{"rendered":"<p><a href=\"http:\/\/depot-de-marque.com\/wp-content\/uploads\/2017\/05\/GM_delai-priorite.jpg\"><img loading=\"lazy\" decoding=\"async\" src=\"http:\/\/depot-de-marque.com\/wp-content\/uploads\/2017\/05\/GM_delai-priorite-300x199.jpg\" alt=\"deadline priority brand\" width=\"300\" height=\"199\" \/><\/a><\/p>\n<h1>The priority period<\/h1>\n<p>The priority period is a mechanism devised by international trademark treaties to give a national trademark owner the right to extend the protection of his trademark abroad within a maximum of 6 months without having to worry about the filings made during this period by third parties in the countries it covers. Thus, the trademark abroad is deemed to have existed since the day of the application. <a href=\"http:\/\/depot-de-marque.com\/en\/brand-guide\/the-steps-involved-in-registering-a-trademark\/\" data-cke-saved-href=\"http:\/\/depot-de-marque.com\/guide-marques\/les-etapes-respecter-pour-enregistrer-une-marque\">the registration of the national trademark<\/a> whose priority is being invoked. In practice, all filings made between these two dates will be unenforceable against the holder, who will benefit from priority.<\/p>\n<p>In practice, it is always necessary to specify, at the time of filing abroad, the trademark for which priority is claimed. In case of omission, it is impossible to invoke it a posteriori. Moreover, once the 6-month period has elapsed, it is no longer possible to use this priority right.<\/p>\n<p>Note that even if the priority period has passed, it is still possible to file your trademark abroad. Unlike designs or patents, the filing right does not expire after a certain period. However, any identical or similar earlier filings made by third parties in the countries in question will all be opposable, regardless of their filing date (which must, of course, be earlier than the date of your own filing abroad).<\/p>\n<p>Finally, it should be pointed out that priority works only if the mark abroad is strictly identical to the national mark whose priority is invoked: same name, same logo where applicable, same goods and services, same owner.<\/p>\n<blockquote>\n<p>An example to make this clearer: <em>Mr M. registered his trademark CLIMB in France on June 12, 2016. He has a deadline expiring on December 12, 2016 to register his trademark abroad under priority of his French registration. In fact, he files the European trademark CLIMB on October 20, 2016, specifying that he has a priority right thanks to his French trademark. However, a German registered the CLIMBED trademark for the same products on August 18, 2016. This mark cannot be opposed to the mark of Mr M., who is deemed to have rights to the mark CLIMB in Germany since June 12, 2016.<\/em><\/p>\n<\/blockquote>","protected":false},"excerpt":{"rendered":"<p>Le d\u00e9lai de priorit\u00e9 Le d\u00e9lai de priorit\u00e9 est un m\u00e9canisme imagin\u00e9 par les trait\u00e9s internationaux sur les marques pour donner le droit \u00e0 un titulaire de marque nationale d\u2019\u00e9tendre sous 6 mois maximum la protection de sa marque \u00e0 l\u2019\u00e9tranger sans avoir \u00e0 se soucier des d\u00e9p\u00f4ts faits pendant cette p\u00e9riode par des tiers [&hellip;]<\/p>\n","protected":false},"author":1,"featured_media":0,"parent":11,"menu_order":30,"comment_status":"closed","ping_status":"closed","template":"","meta":{"footnotes":"","tve_updated_post":"<div class=\"thrv_wrapper tve_wp_shortcode\" data-css=\"tve-u-17624d787b8\"><div class=\"tve_shortcode_raw\" style=\"display: none\">___TVE_SHORTCODE_RAW__&lt;p&gt;&lt;a href=\"http:\/\/depot-de-marque.com\/wp-content\/uploads\/2017\/05\/GM_delai-priorite.jpg\"&gt;&lt;img class=\"size-medium wp-image-1616 aligncenter\" src=\"http:\/\/depot-de-marque.com\/wp-content\/uploads\/2017\/05\/GM_delai-priorite-300x199.jpg\" alt=\"delai priorite marque\" width=\"300\" height=\"199\" \/&gt;&lt;\/a&gt;&lt;\/p&gt;&lt;h1&gt;Le d\u00e9lai de priorit\u00e9&lt;\/h1&gt;&lt;p&gt;Le d\u00e9lai de priorit\u00e9 est un m\u00e9canisme imagin\u00e9 par les trait\u00e9s internationaux sur les marques pour donner le droit \u00e0 un titulaire de marque nationale d\u2019\u00e9tendre sous 6 mois maximum la protection de sa marque \u00e0 l\u2019\u00e9tranger sans avoir \u00e0 se soucier des d\u00e9p\u00f4ts faits pendant cette p\u00e9riode par des tiers dans les pays qu\u2019il vise. Ainsi, la marque \u00e0 l\u2019\u00e9tranger est r\u00e9put\u00e9e exister depuis le jour &lt;a href=\"http:\/\/depot-de-marque.com\/guide-marques\/les-etapes-respecter-pour-enregistrer-une-marque\" data-cke-saved-href=\"http:\/\/depot-de-marque.com\/guide-marques\/les-etapes-respecter-pour-enregistrer-une-marque\"&gt;du d\u00e9p\u00f4t de la marque nationale&lt;\/a&gt; dont on invoque la priorit\u00e9. En pratique, tous les d\u00e9p\u00f4ts effectu\u00e9s entre ces deux dates seront inopposables au titulaire, qui b\u00e9n\u00e9ficiera d\u2019une ant\u00e9riorit\u00e9.&lt;\/p&gt;&lt;p&gt;Dans les faits, il faut toujours pr\u00e9ciser, au moment du d\u00e9p\u00f4t \u00e0 l\u2019\u00e9tranger, la marque dont on invoque la priorit\u00e9. En cas d\u2019oubli, il est impossible de l\u2019invoquer a posteriori. Par ailleurs, une fois le d\u00e9lai de 6 mois pass\u00e9, il n\u2019est plus possible d\u2019utiliser ce droit de priorit\u00e9.&lt;\/p&gt;&lt;p&gt;Notez que m\u00eame si le d\u00e9lai de priorit\u00e9 est pass\u00e9, il est toujours possible de d\u00e9poser sa marque \u00e0 l\u2019\u00e9tranger. Contrairement aux dessins et mod\u00e8les ou aux brevets, le droit de d\u00e9p\u00f4t n\u2019expire pas apr\u00e8s une certaine p\u00e9riode. Seulement, les \u00e9ventuels d\u00e9p\u00f4ts ant\u00e9rieurs identiques ou proches effectu\u00e9s par des tiers dans les pays que l\u2019on vise seront tous opposables, quelle que soit leur date de d\u00e9p\u00f4t (qui doit quand m\u00eame, bien s\u00fbr, \u00eatre ant\u00e9rieure \u00e0 celle de votre propre d\u00e9p\u00f4t \u00e0 l\u2019\u00e9tranger).&lt;\/p&gt;&lt;p&gt;Pr\u00e9cisons enfin que la priorit\u00e9 ne fonctionne que si la marque \u00e0 l\u2019\u00e9tranger est strictement identique \u00e0 la marque nationale dont on invoque la priorit\u00e9 : m\u00eame nom, m\u00eame logo le cas \u00e9ch\u00e9ant, m\u00eames produits et services, m\u00eame titulaire.&lt;\/p&gt;&lt;blockquote&gt;&lt;p&gt;Un exemple pour rendre tout cela plus clair : &lt;em&gt;Monsieur M. a d\u00e9pos\u00e9 sa marque CLIMB en France le 12 juin 2016. Il dispose d\u2019un d\u00e9lai de expirant le 12 d\u00e9cembre 2016 pour d\u00e9poser sa marque \u00e0 l\u2019\u00e9tranger sous priorit\u00e9 de son d\u00e9pot fran\u00e7ais. De fait, il d\u00e9pose la marque europ\u00e9enne CLIMB le 20 octobre 2016, en pr\u00e9cisant qu\u2019il dispose d\u2019un droit de priorit\u00e9 gr\u00e2ce \u00e0 sa marque fran\u00e7aise. Or, un allemand a d\u00e9pos\u00e9 la marque CLIMBED pour les m\u00eames produits le 18 ao\u00fbt 2016. Cette marque ne peut pas \u00eatre oppos\u00e9e \u00e0 la marque de Monsieur M., qui est r\u00e9put\u00e9 avoir des droits sur la marque CLIMB en Allemagne depuis le 12 juin 2016.&lt;\/em&gt;&lt;\/p&gt;&lt;\/blockquote&gt;__TVE_SHORTCODE_RAW___<\/div><\/div><div class=\"thrv_wrapper thrv-button thrv-button-v2 tcb-local-vars-root\" data-css=\"tve-u-17624d78795\">\n<div class=\"thrive-colors-palette-config\" style=\"display: none !important\">__CONFIG_colors_palette__{\"active_palette\":0,\"config\":{\"colors\":{\"62516\":{\"name\":\"Main Accent\",\"parent\":-1}},\"gradients\":[]},\"palettes\":[{\"name\":\"Default Palette\",\"value\":{\"colors\":{\"62516\":{\"val\":\"var(--tcb-skin-color-0)\"}},\"gradients\":[]}}]}__CONFIG_colors_palette__<\/div>\n<a href=\"http:\/\/depot-de-marque.com\/guide-marques\/\" class=\"tcb-button-link tcb-plain-text\">\n<span class=\"tcb-button-texts\"><span class=\"tcb-button-text thrv-inline-text\">Retour au menu<\/span><\/span>\n<\/a>\n<\/div>","tve_custom_css":"@media (min-width: 300px){[data-css=\"tve-u-17624d78795\"] .tcb-button-link { letter-spacing: 2px; background-image: linear-gradient(var(--tcb-local-color-62516, rgb(19, 114, 211)), var(--tcb-local-color-62516, rgb(19, 114, 211))); --tve-applied-background-image:linear-gradient(var$(--tcb-local-color-62516, rgb(19, 114, 211)), var$(--tcb-local-color-62516, rgb(19, 114, 211))); background-size: auto; background-attachment: scroll; border-radius: 5px; overflow: hidden; padding: 18px; background-position: 50% 50%; background-repeat: no-repeat; }[data-css=\"tve-u-17624d78795\"] .tcb-button-link span { color: rgb(255, 255, 255); --tcb-applied-color:#fff; }[data-css=\"tve-u-17624d78795\"] { --tcb-local-color-62516:var(--tcb-skin-color-0); }[data-css=\"tve-u-17624d787b8\"] { --tcb-local-color-62516:var(--tcb-skin-color-0)  !important; }}","tve_user_custom_css":"","tve_globals":{"e":"1","font_cls":[]},"tcb2_ready":1,"tcb_editor_enabled":1,"tve_landing_page":"","_tve_header":"0","_tve_footer":"0"},"class_list":["post-1661","page","type-page","status-publish","hentry","post-wrapper","thrv_wrapper"],"_links":{"self":[{"href":"https:\/\/depot-de-marque.com\/en\/wp-json\/wp\/v2\/pages\/1661","targetHints":{"allow":["GET"]}}],"collection":[{"href":"https:\/\/depot-de-marque.com\/en\/wp-json\/wp\/v2\/pages"}],"about":[{"href":"https:\/\/depot-de-marque.com\/en\/wp-json\/wp\/v2\/types\/page"}],"author":[{"embeddable":true,"href":"https:\/\/depot-de-marque.com\/en\/wp-json\/wp\/v2\/users\/1"}],"replies":[{"embeddable":true,"href":"https:\/\/depot-de-marque.com\/en\/wp-json\/wp\/v2\/comments?post=1661"}],"version-history":[{"count":0,"href":"https:\/\/depot-de-marque.com\/en\/wp-json\/wp\/v2\/pages\/1661\/revisions"}],"up":[{"embeddable":true,"href":"https:\/\/depot-de-marque.com\/en\/wp-json\/wp\/v2\/pages\/11"}],"wp:attachment":[{"href":"https:\/\/depot-de-marque.com\/en\/wp-json\/wp\/v2\/media?parent=1661"}],"curies":[{"name":"wp","href":"https:\/\/api.w.org\/{rel}","templated":true}]}}