{"id":1653,"date":"2016-08-24T16:28:02","date_gmt":"2016-08-24T16:28:02","guid":{"rendered":"http:\/\/depot-de-marque.com\/?page_id=1653"},"modified":"2020-12-03T01:00:51","modified_gmt":"2020-12-03T00:00:51","slug":"procedural-deadlines","status":"publish","type":"page","link":"https:\/\/depot-de-marque.com\/en\/guide-marques\/delais-de-procedure\/","title":{"rendered":"Procedural deadlines"},"content":{"rendered":"<p><a href=\"http:\/\/depot-de-marque.com\/wp-content\/uploads\/2016\/08\/GM_delais-procedure.jpg\"><img loading=\"lazy\" decoding=\"async\" src=\"http:\/\/depot-de-marque.com\/wp-content\/uploads\/2016\/08\/GM_delais-procedure-300x199.jpg\" alt=\"deadline for trademark registration procedure\" width=\"300\" height=\"199\" \/><\/a><\/p>\n<h1>Procedural deadlines<\/h1>\n<h2>In France<\/h2>\n<p><a href=\"http:\/\/depot-de-marque.com\/wp-content\/uploads\/2016\/08\/delais-procedure-inpi.jpg\"><img loading=\"lazy\" decoding=\"async\" src=\"http:\/\/depot-de-marque.com\/wp-content\/uploads\/2016\/08\/delais-procedure-inpi.jpg\" alt=\"Deadline for registering a trademark at the INPI\" width=\"400\" height=\"1000\" \/><\/a><\/p>\n<p>In France, the entire procedure between filing and registration of the trademark takes about 6 months. However, the registration of the trademark always reacts to the day of filing, so the trademark is protected from that day on.<\/p>\n<p>From the day of filing, the trademark is published within 3 to 6 weeks (the deadlines vary according to the workload of the INPI).<\/p>\n<p>The opposition period begins with the publication of the trademark, which serves to inform third parties of your application: it allows the owners of earlier trademarks to oppose, before the INPI, to <a href=\"http:\/\/depot-de-marque.com\/en\/\" data-cke-saved-href=\"http:\/\/depot-de-marque.com\">the registration of your trademark<\/a>because it is identical or too close to theirs, in the same or a related industry. See our fact sheet on opposition. If an opposition is filed, the procedure can be extended by a good 6 months, or even longer if the procedure is suspended by mutual agreement of the parties, in order to allow time for negotiations. If, on the contrary, no opposition is filed, then the registration of the trademark will continue normally.<\/p>\n<p>Approximately 6 months after filing, if there is no opposition, the INPI issues the certificate of registration of the trademark, and sends it to the owner or his Industrial Property Counsel, who will forward it to him.<\/p>\n<h2>In the European Union<\/h2>\n<p style=\"text-align: center;\"><a href=\"http:\/\/depot-de-marque.com\/wp-content\/uploads\/2016\/08\/delais-procedure-europe.jpg\"><img loading=\"lazy\" decoding=\"async\" src=\"http:\/\/depot-de-marque.com\/wp-content\/uploads\/2016\/08\/delais-procedure-europe.jpg\" alt=\"Deadline for registering a trademark in Europe - EUIPO\" width=\"400\" height=\"1000\" \/><\/a><\/p>\n<p>In Europe, the development <a href=\"http:\/\/depot-de-marque.com\/en\/brand-guide\/the-steps-involved-in-registering-a-trademark\/\" data-cke-saved-href=\"http:\/\/depot-de-marque.com\/guide-marques\/les-etapes-respecter-pour-enregistrer-une-marque\">of the registration process<\/a> is the same as in France. However, the deadlines change slightly.<\/p>\n<p>The publication of a European filing is normally made within 8 to 11 weeks after filing. This time limit can be halved thanks to a fast-track procedure called \"Fast Track\". This procedure can only be used if the goods and services referred to in the mark have been chosen from a list proposed by the Office. If, on the contrary, as is often preferable, the wording is \"tailor-made\", then the classical procedure is to be preferred.<\/p>\n<p>The opposition period is longer than in France, since it lasts 3 months. Moreover, when an opposition is filed, the office grants the parties a so-called \"cooling off\" period, which is in fact a time that allows the parties to negotiate an amicable agreement. It is possible to extend this \"cooling off\" period for a further 22 months. A European opposition can therefore be very long!<\/p>\n<p>Once the opposition period has passed, the mark will be registered. <a href=\"https:\/\/euipo.europa.eu\/ohimportal\/fr\/home\" data-cke-saved-href=\"https:\/\/euipo.europa.eu\/ohimportal\/fr\/home\" data-cke-saved- target=\"_blank\" rel=\"noopener\">EUIPO <\/a>takes a total of 4 to 6 months to register a European trade mark, depending on the procedure used and if it is not disrupted along the way.<\/p>","protected":false},"excerpt":{"rendered":"<p>D\u00e9lais de proc\u00e9dure En France En France, la proc\u00e9dure compl\u00e8te entre le d\u00e9p\u00f4t et l\u2019enregistrement de la marque dure environ 6 mois. L\u2019enregistrement de la marque r\u00e9atroagit toutefois toujours au jour du d\u00e9p\u00f4t, donc la marque est prot\u00e9g\u00e9e depuis ce jour-l\u00e0. A compter du jour du d\u00e9p\u00f4t, la marque est publi\u00e9e sous 3 \u00e0 6 [&hellip;]<\/p>\n","protected":false},"author":1,"featured_media":0,"parent":11,"menu_order":19,"comment_status":"closed","ping_status":"closed","template":"","meta":{"footnotes":""},"class_list":["post-1653","page","type-page","status-publish","hentry","post-wrapper","thrv_wrapper"],"_links":{"self":[{"href":"https:\/\/depot-de-marque.com\/en\/wp-json\/wp\/v2\/pages\/1653","targetHints":{"allow":["GET"]}}],"collection":[{"href":"https:\/\/depot-de-marque.com\/en\/wp-json\/wp\/v2\/pages"}],"about":[{"href":"https:\/\/depot-de-marque.com\/en\/wp-json\/wp\/v2\/types\/page"}],"author":[{"embeddable":true,"href":"https:\/\/depot-de-marque.com\/en\/wp-json\/wp\/v2\/users\/1"}],"replies":[{"embeddable":true,"href":"https:\/\/depot-de-marque.com\/en\/wp-json\/wp\/v2\/comments?post=1653"}],"version-history":[{"count":0,"href":"https:\/\/depot-de-marque.com\/en\/wp-json\/wp\/v2\/pages\/1653\/revisions"}],"up":[{"embeddable":true,"href":"https:\/\/depot-de-marque.com\/en\/wp-json\/wp\/v2\/pages\/11"}],"wp:attachment":[{"href":"https:\/\/depot-de-marque.com\/en\/wp-json\/wp\/v2\/media?parent=1653"}],"curies":[{"name":"wp","href":"https:\/\/api.w.org\/{rel}","templated":true}]}}