{"id":1639,"date":"2016-08-24T16:13:39","date_gmt":"2016-08-24T16:13:39","guid":{"rendered":"http:\/\/depot-de-marque.com\/?page_id=1639"},"modified":"2023-09-27T10:36:31","modified_gmt":"2023-09-27T09:36:31","slug":"price-of-a-brand-depot","status":"publish","type":"page","link":"https:\/\/depot-de-marque.com\/en\/guide-marques\/prix-dun-depot-de-marque\/","title":{"rendered":"The price of a trademark registration in France"},"content":{"rendered":"<p><a href=\"http:\/\/depot-de-marque.com\/wp-content\/uploads\/2017\/05\/GM_prix-depot-marque.jpg\"><img loading=\"lazy\" decoding=\"async\" src=\"http:\/\/depot-de-marque.com\/wp-content\/uploads\/2017\/05\/GM_prix-depot-marque-300x199.jpg\" alt=\"trademark registration cost\" width=\"300\" height=\"199\" \/><\/a><\/p>\n<h1>The price of a trademark application<\/h1>\n<p>It is often difficult to evaluate the overall price of a trademark application, which varies according to the number of classes chosen, and which, beyond the application as such, includes ancillary costs that must also be considered.<\/p>\n<h2>The INPI, the institute with the monopoly on registration<\/h2>\n<p>The National Institute of Industrial Property, more commonly known by the acronym <a href=\"http:\/\/inpi.fr\" target=\"_blank\" rel=\"noopener\">INPI<\/a>is a state-owned institution. When it comes to guaranteeing industrial property titles, a reliable and neutral service should therefore be offered, which is what the INPI does. However, its monopoly situation leads the French public establishment to charge prices to which the public is obliged to submit, without the possibility of competition. The INPI is thus in a monopoly situation and offers the prices it wishes, although they remain regulated and controlled by the State.<\/p>\n<h2>How much does it cost to file with the INPI?<\/h2>\n<p>The INPI offers many services, which some consider too expensive for small project leaders. The latter sometimes find themselves faced with a difficult choice: pay to register their trademark, or save the money, at the risk of encountering intellectual property problems later on.<\/p>\n<p>Here are the main INPI filing fees, which have changed in mid-December 2019, as a result of <a href=\"http:\/\/depot-de-marque.com\/en\/pi-news\/new-inpi-rates\/\">the entry into force of the PACTE law<\/a> :<\/p>\n<ul>\n<li>Registering a trademark online is charged 190 euros for 1 class, compared to 210 euros for 1 to 3 classes before the reform. Note that it is 250 euros if it is done in paper format, justified by the additional steps required by the INPI to process the file.<\/li>\n<li>For each additional class, the Institute charges 40 euros (compared to 42 euros before the reform).<\/li>\n<\/ul>\n<p>Remember that trademark protection lasts 10 years, so the annual investment is relatively low. Although some people prefer to limit their expenses as much as possible when they start their business in order to concentrate on their core business, it is and always remains preferable to register their trademark before starting to use it, or at the beginning of its use. On this subject, see our article <a href=\"http:\/\/depot-de-marque.com\/en\/brand-guide\/why-register-your-trademark\/\">why register a trademark<\/a> ?<\/p>\n<p style=\"text-align: center;\"><strong><a href=\"http:\/\/depot-de-marque.com\/en\/register-a-trademark\/\">REGISTER YOUR TRADEMARK NOW<\/a><\/strong><\/p>\n<h2>Other costs to be taken into account<\/h2>\n<h3>Prior art searches<\/h3>\n<p>Prior to filing, it is strongly advised to conduct prior art searches. These searches make it possible to ensure the availability of a trademark in its sector of activity, and therefore its freedom of use.<\/p>\n<p>As for the cost of research:<\/p>\n<ul>\n<li>Identical searches do not require any particular investment: they are carried out on databases that are freely accessible and make it possible to detect any prior trademarks that are strictly identical to one's project.<\/li>\n<li>Similarity searches are subject to a fee, and cost 50 \u20ac for 1 to 3 classes. They consist of a listing of relevant earlier trademarks that are visually or phonetically close to his project. <em>For example, if the proposed trademark is GRINGO, similarity searches will identify earlier trademarks such as GRINGUETTE, GRINGA, BINGO, etc...<\/em><\/li>\n<\/ul>\n<p>Not all the marks found by the INPI during prior art searches are relevant, but in order to know the potential danger they represent, it is necessary to apply an <a href=\"http:\/\/depot-de-marque.com\/en\/brand-guide\/availability-brand-search-danteriorites\/\">precise method of analysis.<\/a> As the INPI does not offer an analysis service for these trademarks, the applicant is left to his own devices. In almost all cases, the applicant is not able to draw the right conclusions from such a listing, which is then useless to him. If you wish to carry out a search for similarities, we advise you to consult an Industrial Property Attorney to analyse them. Do not hesitate to consult our offers on this subject.<\/p>\n<p style=\"text-align: center;\"><strong><a href=\"http:\/\/depot-de-marque.com\/en\/register-a-trademark\/\">SEE OUR OFFERS<\/a><\/strong><\/p>\n<h3>Renewal of the trademark application<\/h3>\n<p>Renewal only occurs after 10 years. In the meantime, there is no fee to be paid to the INPI for maintaining the trademark in force. As of today (March 2020), <a href=\"http:\/\/depot-de-marque.com\/en\/brand-guide\/price-of-a-brand-depot\/\" data-cke-saved-href=\"http:\/\/depot-de-marque.com\/guide-marques\/comment-renouveler-sa-marque\">the cost of renewing a brand<\/a> The cost of a French class is \u20ac290 for 1 class, and \u20ac40 for each additional class (before the reform, the cost was \u20ac250 for 3 classes).<\/p>\n<h3>Publication or registration scams<\/h3>\n<p>Beware, unscrupulous companies systematically send letters to applicants asking them to pay a large sum for the publication of their trademark on their registers. They usually use names that sound \"official\", such as \"European Intellectual Property Institute\". Some are tempted to pay these bills. Of course, this is a common scam, which is also encountered when setting up a business. See our blog article on publication scams.<\/p>\n<h2>Reimbursement of fees in case of refusal or opposition<\/h2>\n<p>In this case, taxes are not refunded. The fact that the registration of the trademark does not expire does not lead the INPI to make any reimbursement.<\/p>\n<p>This is why it is preferable, before filing, to ensure that your trademark is registrable and available.<\/p>\n<h2>Registering your trademark directly or seeking legal advice<\/h2>\n<p>Intellectual property is a particularly broad and complex subject requiring in-depth knowledge. It is important for applicants to be aware of the existing danger. The soundness of the project can be disrupted in the event of a poor filing, a challenge from a competitor with significant financial resources, or a lack of information in this field. In this particular case, <a href=\"http:\/\/depot-de-marque.com\/en\/industrial-property-consulting\/\" data-cke-saved-href=\"http:\/\/depot-de-marque.com\/conseil-propriete-industrielle\" data-cke-saved->the use of an Intellectual Property Counsel <\/a>is extremely relevant, and prices can remain accessible to even the tightest of purses.<\/p>","protected":false},"excerpt":{"rendered":"<p>Le prix d\u2019un d\u00e9p\u00f4t de marque Il est souvent difficile d\u2019\u00e9valuer le prix global d\u2019un d\u00e9p\u00f4t de marque, qui varie selon le nombre de classes choisies, et qui, au del\u00e0 du d\u00e9p\u00f4t en tant que tel, comprend des co\u00fbts accessoires qu\u2019il faut \u00e9galement envisager. L\u2019INPI, l\u2019institut ayant le monopole de d\u00e9p\u00f4t L&rsquo;Institut national de la [&hellip;]<\/p>\n","protected":false},"author":1,"featured_media":0,"parent":11,"menu_order":17,"comment_status":"closed","ping_status":"closed","template":"","meta":{"footnotes":""},"class_list":["post-1639","page","type-page","status-publish","hentry","post-wrapper","thrv_wrapper"],"_links":{"self":[{"href":"https:\/\/depot-de-marque.com\/en\/wp-json\/wp\/v2\/pages\/1639","targetHints":{"allow":["GET"]}}],"collection":[{"href":"https:\/\/depot-de-marque.com\/en\/wp-json\/wp\/v2\/pages"}],"about":[{"href":"https:\/\/depot-de-marque.com\/en\/wp-json\/wp\/v2\/types\/page"}],"author":[{"embeddable":true,"href":"https:\/\/depot-de-marque.com\/en\/wp-json\/wp\/v2\/users\/1"}],"replies":[{"embeddable":true,"href":"https:\/\/depot-de-marque.com\/en\/wp-json\/wp\/v2\/comments?post=1639"}],"version-history":[{"count":0,"href":"https:\/\/depot-de-marque.com\/en\/wp-json\/wp\/v2\/pages\/1639\/revisions"}],"up":[{"embeddable":true,"href":"https:\/\/depot-de-marque.com\/en\/wp-json\/wp\/v2\/pages\/11"}],"wp:attachment":[{"href":"https:\/\/depot-de-marque.com\/en\/wp-json\/wp\/v2\/media?parent=1639"}],"curies":[{"name":"wp","href":"https:\/\/api.w.org\/{rel}","templated":true}]}}