{"id":1628,"date":"2016-08-24T15:51:20","date_gmt":"2016-08-24T15:51:20","guid":{"rendered":"http:\/\/depot-de-marque.com\/?page_id=1628"},"modified":"2020-12-03T05:01:53","modified_gmt":"2020-12-03T04:01:53","slug":"do-you-have-to-register-your-own-linpi-brand","status":"publish","type":"page","link":"https:\/\/depot-de-marque.com\/en\/guide-marques\/faut-il-deposer-soi-meme-sa-marque-linpi\/","title":{"rendered":"Do I have to register my trademark at the INPI?"},"content":{"rendered":"<p><a href=\"http:\/\/depot-de-marque.com\/wp-content\/uploads\/2017\/05\/GM_deposer-INPI.jpg\"><img loading=\"lazy\" decoding=\"async\" src=\"http:\/\/depot-de-marque.com\/wp-content\/uploads\/2017\/05\/GM_deposer-INPI-300x199.jpg\" alt=\"trademark registration at the inpi\" width=\"300\" height=\"199\" \/><\/a><\/p>\n<h1>Do I have to register my trademark at the INPI?<\/h1>\n<h2>A procedure accessible to all...<\/h2>\n<p>The INPI makes available to the public an online platform providing extensive information on trademarks, as well as an online filing system that can be used by anyone. This is in itself a good thing because, being the only organization in France with which trademarks can be filed, it is important to find as much information as possible from it to prepare your application.<\/p>\n<p>The main problem is that the information given by the INPI is of a general nature, and although some details are discussed, no really practical information on the key elements of the deposit is given: <a href=\"http:\/\/depot-de-marque.com\/en\/brand-guide\/finding-the-right-brand\/\" data-cke-saved-href=\"http:\/\/depot-de-marque.com\/guide-marques\/trouver-une-bonne-marque\">how to choose a good brand,<\/a> how to carry out anteriority searches oneself and especially how to analyze the results, how to write an adequate wording of products and services<\/p>\n<p>Moreover, appointments with INPI advisors often do not provide much information, as it is simply not the role of INPI staff to give legal advice to applicants. Therefore, their advice is usually limited to general indications (where to order a search, which classes to choose...), but does not go into enough detail for future applicants to prepare a truly good trademark.<\/p>\n<h2>...but requires professional help.<\/h2>\n<p>Moreover, the INPI regularly refers its interlocutors to a very specific profession, <a href=\"\/en\/industrial-property-consulting\/\" data-cke-saved-href=\"http:\/\/depot-de-marque.com\/conseil-propriete-industrielle\">Industrial Property Attorneys <\/a>(of which we are a part). They are legal professionals certified by the INPI, specialized in trademark law (in particular), with significant experience in the field, and are the most able to prepare and carry out a trademark application in order to ensure optimal protection for the applicant, in perfect harmony with his project and future developments. Moreover, thanks to its techniques for analysing prior rights, it is able to tell whether an application is risky or not, which is valuable for the future and helps avoid unnecessarily costly and lengthy litigation.<\/p>\n<p>Support by a brand professional can be perfectly affordable, as is the case on our online platform. On the one hand, it allows you to ensure the legal validity and availability of the name that is the subject of your project, but also to secure your rights in the long term thanks to a customised wording, taking into account your immediate activities but also your future developments.<\/p>\n<p><a href=\"\/en\/deposit-rates\/\" data-cke-saved-href=\"http:\/\/depot-de-marque.com\/tarifs-depot\">Discover our offers for the deposit<\/a> of your brand.<\/p>","protected":false},"excerpt":{"rendered":"<p>Faut-il d\u00e9poser soi-m\u00eame sa marque \u00e0 l\u2019INPI ? Une proc\u00e9dure accessible \u00e0 tous\u2026 L\u2019INPI met \u00e0 la disposition du public une plateforme en ligne donnant de nombreuses informations sur les marques, ainsi qu\u2019un syst\u00e8me de d\u00e9p\u00f4t en ligne utilisable par tout un chacun. Ce qui est en soit une bonne chose car, \u00e9tant le seul [&hellip;]<\/p>\n","protected":false},"author":1,"featured_media":0,"parent":11,"menu_order":14,"comment_status":"closed","ping_status":"closed","template":"","meta":{"footnotes":"","tve_updated_post":"<div class=\"thrv_wrapper tve_wp_shortcode\" data-css=\"tve-u-17624ad63cb\"><div class=\"tve_shortcode_raw\" style=\"display: none\">___TVE_SHORTCODE_RAW__&lt;p&gt;&lt;a href=\"http:\/\/depot-de-marque.com\/wp-content\/uploads\/2017\/05\/GM_deposer-INPI.jpg\"&gt;&lt;img class=\"size-medium wp-image-1617 aligncenter\" src=\"http:\/\/depot-de-marque.com\/wp-content\/uploads\/2017\/05\/GM_deposer-INPI-300x199.jpg\" alt=\"d\u00e9p\u00f4t de marque \u00e0 l'inpi\" width=\"300\" height=\"199\" \/&gt;&lt;\/a&gt;&lt;\/p&gt;&lt;h1&gt;Faut-il d\u00e9poser soi-m\u00eame sa marque \u00e0 l\u2019INPI ?&lt;\/h1&gt;&lt;h2 class=\"ckeditor\"&gt;Une proc\u00e9dure accessible \u00e0 tous\u2026&lt;\/h2&gt;&lt;p&gt;L\u2019INPI met \u00e0 la disposition du public une plateforme en ligne donnant de nombreuses informations sur les marques, ainsi qu\u2019un syst\u00e8me de d\u00e9p\u00f4t en ligne utilisable par tout un chacun. Ce qui est en soit une bonne chose car, \u00e9tant le seul organisme en France aupr\u00e8s duquel on peut d\u00e9poser des marques, il est important de trouver aupr\u00e8s de lui le maximum d\u2019informations pour pr\u00e9parer son d\u00e9p\u00f4t.&lt;\/p&gt;&lt;p&gt;Le principal probl\u00e8me vient du fait que les informations donn\u00e9es par l\u2019INPI sont d\u2019ordre g\u00e9n\u00e9ral, et bien que quelques d\u00e9tails soient abord\u00e9s, aucune information r\u00e9\u00e9llement pratique sur les \u00e9l\u00e9ments clefs du d\u00e9p\u00f4t ne sont donn\u00e9s : &lt;a href=\"http:\/\/depot-de-marque.com\/guide-marques\/trouver-une-bonne-marque\" data-cke-saved-href=\"http:\/\/depot-de-marque.com\/guide-marques\/trouver-une-bonne-marque\"&gt;comment choisir une bonne marque,&lt;\/a&gt; comment r\u00e9aliser des recherches d\u2019ant\u00e9riorit\u00e9s soi-m\u00eame et surtout en analyser les r\u00e9sultats, comment r\u00e9diger un libell\u00e9 de produits et services ad\u00e9quat\u2026&lt;\/p&gt;&lt;p&gt;Par ailleurs, les rendez-vous avec des conseillers de l\u2019INPI ne permettent souvent pas d\u2019en savoir beaucoup plus, car ce n\u2019est tout simplement pas le r\u00f4le du personnel de l\u2019INPI de donner des conseils d\u2019ordre juridique aux d\u00e9posants. D\u00e8s lors, leurs conseils se limitent en g\u00e9n\u00e9ral \u00e0 des indications d\u2019ordre g\u00e9n\u00e9ral (o\u00f9 commander une recherche, quelles classes choisir\u2026), mais ne permettent pas d\u2019entrer suffisamment dans le d\u00e9tail pour que les futurs d\u00e9posants puissent pr\u00e9parer une v\u00e9ritable bonne marque.&lt;\/p&gt;&lt;h2 class=\"ckeditor\"&gt;...mais qui n\u00e9cessite l\u2019aide d\u2019un professionnel&lt;\/h2&gt;&lt;p&gt;D\u2019ailleurs, l\u2019INPI renvoie r\u00e9guli\u00e8rement ses interlocuteurs vers un corps de m\u00e9tier bien particulier, &lt;a href=\"\/conseil-propriete-industrielle\" data-cke-saved-href=\"http:\/\/depot-de-marque.com\/conseil-propriete-industrielle\"&gt;les Conseils en Propri\u00e9t\u00e9 Industrielle &lt;\/a&gt;(dont nous faisons partie). Ces derniers sont des professionnels du droit certifi\u00e9s par l\u2019INPI, sp\u00e9cialis\u00e9s en droit des marques (notamment), avec une exp\u00e9rience significative dans le domaine, et sont les plus \u00e0 m\u00eame de pr\u00e9parer et r\u00e9aliser un d\u00e9p\u00f4t de marque afin d\u2019assurer une protection optimale au d\u00e9posant, en ad\u00e9quation parfaite avec son projet et ses d\u00e9veloppements futurs. Par ailleurs, gr\u00e2ce \u00e0 ses techniques d\u2019analyse des droits ant\u00e9rieurs, il est en mesure de dire si un d\u00e9p\u00f4t est risqu\u00e9 ou non, ce qui est pr\u00e9cieux pour la suite et permet d\u2019\u00e9viter des litiges inutilement co\u00fbteux et longs.&lt;\/p&gt;&lt;p&gt;L\u2019accompagnement par un professionnel des marques peut \u00eatre parfaitement accessible financi\u00e8rement, comme c\u2019est le cas sur notre plateforme en ligne. Il permet d\u2019une part de s\u2019assurer de la validit\u00e9 juridique et de la disponibilit\u00e9 du nom qui fait l\u2019objet de son projet, mais \u00e9galement de s\u00e9curiser ses droits sur le long terme gr\u00e2ce \u00e0 un libell\u00e9 r\u00e9dig\u00e9 sur-mesure, prenant en compte ses actvit\u00e9s imm\u00e9diates mais \u00e9galement ses d\u00e9veloppements futurs.&lt;\/p&gt;&lt;p&gt;&lt;a href=\"\/tarifs-depot\" data-cke-saved-href=\"http:\/\/depot-de-marque.com\/tarifs-depot\"&gt;D\u00e9couvrez nos offres pour le d\u00e9p\u00f4t&lt;\/a&gt; de votre marque.&lt;\/p&gt;__TVE_SHORTCODE_RAW___<\/div><\/div><div class=\"thrv_wrapper thrv-button thrv-button-v2 tcb-local-vars-root\" data-css=\"tve-u-17624ad63ad\">\n<div class=\"thrive-colors-palette-config\" style=\"display: none !important\">__CONFIG_colors_palette__{\"active_palette\":0,\"config\":{\"colors\":{\"62516\":{\"name\":\"Main Accent\",\"parent\":-1}},\"gradients\":[]},\"palettes\":[{\"name\":\"Default Palette\",\"value\":{\"colors\":{\"62516\":{\"val\":\"var(--tcb-skin-color-0)\"}},\"gradients\":[]}}]}__CONFIG_colors_palette__<\/div>\n<a href=\"http:\/\/depot-de-marque.com\/guide-marques\/\" class=\"tcb-button-link tcb-plain-text\">\n<span class=\"tcb-button-texts\"><span class=\"tcb-button-text thrv-inline-text\">Retour au menu<\/span><\/span>\n<\/a>\n<\/div>","tve_custom_css":"@media (min-width: 300px){[data-css=\"tve-u-17624ad63ad\"] .tcb-button-link { letter-spacing: 2px; background-image: linear-gradient(var(--tcb-local-color-62516, rgb(19, 114, 211)), var(--tcb-local-color-62516, rgb(19, 114, 211))); --tve-applied-background-image:linear-gradient(var$(--tcb-local-color-62516, rgb(19, 114, 211)), var$(--tcb-local-color-62516, rgb(19, 114, 211))); background-size: auto; background-attachment: scroll; border-radius: 5px; overflow: hidden; padding: 18px; background-position: 50% 50%; background-repeat: no-repeat; }[data-css=\"tve-u-17624ad63ad\"] .tcb-button-link span { color: rgb(255, 255, 255); --tcb-applied-color:#fff; }[data-css=\"tve-u-17624ad63ad\"] { --tcb-local-color-62516:var(--tcb-skin-color-0); }[data-css=\"tve-u-17624ad63cb\"] { --tcb-local-color-62516:var(--tcb-skin-color-0)  !important; }}","tve_user_custom_css":"","tve_globals":{"e":"1","font_cls":[]},"tcb2_ready":1,"tcb_editor_enabled":1,"tve_landing_page":"","_tve_header":"0","_tve_footer":"0"},"class_list":["post-1628","page","type-page","status-publish","hentry","post-wrapper","thrv_wrapper"],"_links":{"self":[{"href":"https:\/\/depot-de-marque.com\/en\/wp-json\/wp\/v2\/pages\/1628","targetHints":{"allow":["GET"]}}],"collection":[{"href":"https:\/\/depot-de-marque.com\/en\/wp-json\/wp\/v2\/pages"}],"about":[{"href":"https:\/\/depot-de-marque.com\/en\/wp-json\/wp\/v2\/types\/page"}],"author":[{"embeddable":true,"href":"https:\/\/depot-de-marque.com\/en\/wp-json\/wp\/v2\/users\/1"}],"replies":[{"embeddable":true,"href":"https:\/\/depot-de-marque.com\/en\/wp-json\/wp\/v2\/comments?post=1628"}],"version-history":[{"count":0,"href":"https:\/\/depot-de-marque.com\/en\/wp-json\/wp\/v2\/pages\/1628\/revisions"}],"up":[{"embeddable":true,"href":"https:\/\/depot-de-marque.com\/en\/wp-json\/wp\/v2\/pages\/11"}],"wp:attachment":[{"href":"https:\/\/depot-de-marque.com\/en\/wp-json\/wp\/v2\/media?parent=1628"}],"curies":[{"name":"wp","href":"https:\/\/api.w.org\/{rel}","templated":true}]}}