{"id":1613,"date":"2016-08-24T15:47:55","date_gmt":"2016-08-24T15:47:55","guid":{"rendered":"http:\/\/depot-de-marque.com\/?page_id=1613"},"modified":"2023-09-27T10:40:38","modified_gmt":"2023-09-27T09:40:38","slug":"the-main-mistakes-to-avoid-before-registering-a-trademark","status":"publish","type":"page","link":"https:\/\/depot-de-marque.com\/en\/guide-marques\/les-principales-erreurs-eviter-avant-de-deposer-sa-marque\/","title":{"rendered":"The main mistakes to avoid before registering your trademark"},"content":{"rendered":"<p><a href=\"http:\/\/depot-de-marque.com\/wp-content\/uploads\/2017\/05\/GM_erreur-marque.jpg\"><img loading=\"lazy\" decoding=\"async\" src=\"http:\/\/depot-de-marque.com\/wp-content\/uploads\/2017\/05\/GM_erreur-marque.jpg\" alt=\"pre-registration mark\" width=\"600\" height=\"398\" \/><\/a><\/p>\n<h1>The main mistakes to avoid before registering your trademark<\/h1>\n<p>Many applicants make the same mistakes when starting their trademark application. These mistakes can cost them dearly and seriously jeopardize the protection of their trademark. What are these mistakes?<\/p>\n<h2>Choosing a legally weak brand<\/h2>\n<p>The first mistake made by applicants often consists in wanting to adopt a very \"meaningful\" trademark, i.e. a trademark that alone explains the activity of its owner. For example: MARK CONSULTING (for trademark law advice), DRONE &amp; DATA (for drone data collection services), POMME ET ARTICHAUT (for early delivery services), VERY PROPRE (for dry cleaning services or washing products).<\/p>\n<p>These marks are called \"descriptive marks\", because they either directly describe the goods and services of their owner (MARK CONSULTING), or indirectly one of their characteristics (VERY PROPRE). This type of trademark cannot be registered because they are composed solely of terms that must remain available to all market players, without being appropriated by any one of them. Consequently, if such a trademark is filed before the INPI (or any other trademark office), it will in principle be refused. The main consequence is the loss of the costs incurred for the filing, which are not reimbursed.<\/p>\n<p>Our advice: it is therefore preferable to look for an arbitrary, so-called \"distinctive\" trademark that has no connection with your sector of activity.<\/p>\n<p>To go further, see our article on <a href=\"http:\/\/depot-de-marque.com\/en\/brand-guide\/finding-the-right-brand\/\">how to find a good brand.<\/a><\/p>\n<h2>Do not search for prior art.<\/h2>\n<p><a href=\"http:\/\/depot-de-marque.com\/en\/brand-guide\/availability-brand-search-danteriorites\/\" data-cke-saved-href=\"http:\/\/depot-de-marque.com\/guide-marques\/disponibilite-et-recherches-danteriorites-dune-marque\">Prior art searches allow<\/a> to know the legal environment of a brand. In practice, this involves searching among the main prior opposable rights (trademarks, company names, domain names) for those that could represent an obstacle to his project.<\/p>\n<p>Many applicants settle for identical searches, sometimes only on Google. However, it is very important to carry out these searches on the INPI databases, and especially to go and check which of the only similar prior rights could be enforceable. Most of the time, the real obstacles lie among prior trademarks similar to his project, whereas identical searches have not revealed anything embarrassing.<\/p>\n<h2>Poorly drafted trademark wording<\/h2>\n<p>The wording is the list of goods and services covered within the repository. The choice of the wording of one's trademark is undoubtedly the most strategic and crucial moment of the filing. Indeed, it will determine the scope of protection of the trademark. Poorly drafted wording can greatly limit or even completely eliminate trademark protection. Applicants, relying on the INPI's wording proposals, often miss their core business either partially or completely and become owners of a trademark that serves no purpose. Moreover, since the INPI's proposals are often very broad, most applicants request protection for many products and\/or services that do not interest them, thus significantly increasing the risks of third party action against them: indeed, a third party who owns a prior right in a field covered by the trademark but who is not interested in the applicant may act against him and request total withdrawal, even though he would not have acted if the wording had been more restricted. For more information, see <a href=\"\/en\/brand-guide\/classes-of-goods-and-services\/\" data-cke-saved-href=\"http:\/\/depot-de-marque.com\/guide-marques\/les-classes-de-produits-et-services\">on classes of goods and services<\/a>.<\/p>\n<p>Our advice: you should only target in the wording the goods and services that interest you, but above all you should have a tailor-made wording, ideally drafted by a lawyer specialised in trademark law.<\/p>","protected":false},"excerpt":{"rendered":"<p>Les principales erreurs \u00e0 \u00e9viter avant de d\u00e9poser sa marque Au moment de se lancer dans leur d\u00e9p\u00f4t de marque, beaucoup de d\u00e9posants commettent les m\u00eames erreurs. Celles-ci peuvent leur co\u00fbter cher, et mettre gravement en p\u00e9ril la protection de leur marque. Quelles sont ces erreurs ? Choisir une marque faible juridiquement La premi\u00e8re erreur [&hellip;]<\/p>\n","protected":false},"author":1,"featured_media":0,"parent":11,"menu_order":8,"comment_status":"closed","ping_status":"closed","template":"","meta":{"footnotes":"","tve_updated_post":"<div class=\"thrv_wrapper tve_wp_shortcode\" data-css=\"tve-u-17624504805\"><div class=\"tve_shortcode_raw\" style=\"display: none\">___TVE_SHORTCODE_RAW__&lt;p&gt;&lt;a href=\"http:\/\/depot-de-marque.com\/wp-content\/uploads\/2017\/05\/GM_erreur-marque.jpg\"&gt;&lt;img class=\"size-full wp-image-1614 aligncenter\" src=\"http:\/\/depot-de-marque.com\/wp-content\/uploads\/2017\/05\/GM_erreur-marque.jpg\" alt=\"avant depot marque\" width=\"600\" height=\"398\" \/&gt;&lt;\/a&gt;&lt;\/p&gt;&lt;h1&gt;Les principales erreurs \u00e0 \u00e9viter avant de d\u00e9poser sa marque&lt;\/h1&gt;&lt;p&gt;Au moment de se lancer dans leur d\u00e9p\u00f4t de marque, beaucoup de d\u00e9posants commettent les m\u00eames erreurs. Celles-ci peuvent leur co\u00fbter cher, et mettre gravement en p\u00e9ril la protection de leur marque. Quelles sont ces erreurs ?&lt;\/p&gt;&lt;h2 class=\"ckeditor\"&gt;Choisir une marque faible juridiquement&lt;\/h2&gt;&lt;p&gt;La premi\u00e8re erreur des d\u00e9posants consiste souvent \u00e0 vouloir adopter une marque tr\u00e8s \u201cparlante\u201d, c\u2019est-\u00e0-dire une marque qui explique \u00e0 elle-seule l\u2019activit\u00e9 de son titulaire. Par exemple : MARK CONSULTING (pour du conseil en droit des marques), DRONE &amp;amp; DATA (pour des services de recueil de donn\u00e9es par drone), POMME ET ARTICHAUT (pour des services de primeurs), VERY PROPRE (pour des services de pressing ou des produits de lavage).&lt;\/p&gt;&lt;p&gt;Ces marques sont appel\u00e9e \u201cmarques descriptive\u201d, car elles d\u00e9crivent soit directement les produits et services de leur titulaire (MARK CONSULTING), soit indirectement l\u2019une de leurs caract\u00e9ristiques (VERY PROPRE). Ce type de marque ne peut pas \u00eatre enregistr\u00e9, car elles sont compos\u00e9es uniquement de termes qui doivent rester \u00e0 la disposition de tous les acteurs du march\u00e9, sans pouvoir \u00eatre appropri\u00e9s par l\u2019un d\u2019entre eux. En cons\u00e9quence, si une telle marque est d\u00e9pos\u00e9e devant l\u2019INPI (ou tout autre office de marque), elle sera en principe refus\u00e9e. La cons\u00e9quence principale \u00e9tant la perte des frais engag\u00e9s pour le d\u00e9p\u00f4t, qui ne sont pas rembours\u00e9s.&lt;\/p&gt;&lt;p&gt;Notre conseil : il est donc pr\u00e9f\u00e9rable de chercher une marque arbitraire, dite \u201cdistinctive\u201d, qui n\u2019entretient aucun lien avec votre secteur d\u2019activit\u00e9.&lt;\/p&gt;&lt;p&gt;Pour aller plus loin, voir notre article sur &lt;a href=\"http:\/\/depot-de-marque.com\/guide-marques\/trouver-une-bonne-marque\"&gt;comment trouver une bonne marque.&lt;\/a&gt;&lt;\/p&gt;&lt;h2 class=\"ckeditor\"&gt;Ne pas faire de recherches d\u2019ant\u00e9riorit\u00e9s&lt;\/h2&gt;&lt;p&gt;&lt;a href=\"http:\/\/depot-de-marque.com\/guide-marques\/disponibilite-marque-recherche-danteriorites\/\" data-cke-saved-href=\"http:\/\/depot-de-marque.com\/guide-marques\/disponibilite-et-recherches-danteriorites-dune-marque\"&gt;Les recherches d\u2019ant\u00e9riorit\u00e9s permettent&lt;\/a&gt; de conna\u00eetre l\u2019environnement juridique d\u2019une marque. En pratique, il s\u2019agit de rechercher parmi les principaux droits ant\u00e9rieurs opposables (marques, d\u00e9nominations sociales, noms de domaine) ceux qui pourraient repr\u00e9senter un obstacle \u00e0 son projet.&lt;\/p&gt;&lt;p&gt;Beaucoup de d\u00e9posants se contentent de recherches \u00e0 l\u2019identique, parfois uniquement sur Google. Or, il est tr\u00e8s important de r\u00e9aliser ces recherches sur les bases de donn\u00e9es de l\u2019INPI, et surtout d\u2019aller v\u00e9rifier parmi les droits ant\u00e9rieurs seulement similaires, ceux qui pourraient \u00eatre opposables. La plupart du temps, les vrais obstacles r\u00e9sident parmi les marques ant\u00e9rieures similaires \u00e0 son projet, alors que les recherches \u00e0 l\u2019identique n\u2019ont rien r\u00e9v\u00e9l\u00e9 de g\u00eanant.&lt;\/p&gt;&lt;h2 class=\"ckeditor\"&gt;Mal r\u00e9diger le libell\u00e9 de sa marque&lt;\/h2&gt;&lt;p&gt;Le libell\u00e9 est la liste des produits et services vis\u00e9s au sein du d\u00e9p\u00f4t. Le choix du libell\u00e9 de sa marque est sans doute le moment le plus strat\u00e9gique et le plus crucial du d\u00e9p\u00f4t. En effet, c\u2019est lui qui va d\u00e9terminer la port\u00e9e de la protection de la marque. Un libell\u00e9 mal r\u00e9dig\u00e9 peut limiter grandement, voire supprimer compl\u00e8tement la protection d\u2019une marque. Il est fr\u00e9quent que les d\u00e9posants, se reposant sur les propositions de libell\u00e9 de l\u2019INPI, passent partiellement ou compl\u00e8tement \u00e0 c\u00f4t\u00e9 de leur coeur d\u2019activit\u00e9 et deviennent titulaires d\u2019une marque qui ne leur sert \u00e0 rien. Par ailleurs, les propositions de l\u2019INPI \u00e9tant souvent tr\u00e8s large, la plupart des d\u00e9posants demande une protection pour de nombreux produits et\/ou services qui ne les int\u00e9ressent pas, augmentant ainsi sensiblement les risques d\u2019action de tiers \u00e0 leur encontre : en effet, un tiers titulaire d\u2019un droit ant\u00e9rieur dans un domaine vis\u00e9 par la marque mais qui n\u2019int\u00e9resse pas le d\u00e9posant peut agir \u00e0 son encontre et demander le retrait total, alors m\u00eame qu\u2019il n\u2019aurait pas agi si le libell\u00e9 avait \u00e9t\u00e9 plus restreint. En savoir plus &lt;a href=\"\/guide-marques\/les-classes-de-produits-et-services\" data-cke-saved-href=\"http:\/\/depot-de-marque.com\/guide-marques\/les-classes-de-produits-et-services\"&gt;sur les classes de produits et services&lt;\/a&gt;.&lt;\/p&gt;&lt;p&gt;Notre conseil : il ne faut viser dans le libell\u00e9 que les produits et services qui vous int\u00e9ressent, mais surtout avoir un libell\u00e9 r\u00e9dig\u00e9 sur-mesure, id\u00e9alement par un juriste sp\u00e9cialis\u00e9 en droit des marques.&lt;\/p&gt;__TVE_SHORTCODE_RAW___<\/div><\/div><div class=\"thrv_wrapper thrv-button thrv-button-v2 tcb-local-vars-root\" data-css=\"tve-u-176245047ef\">\n\t<div class=\"thrive-colors-palette-config\" style=\"display: none !important\">__CONFIG_colors_palette__{\"active_palette\":0,\"config\":{\"colors\":{\"62516\":{\"name\":\"Main Accent\",\"parent\":-1}},\"gradients\":[]},\"palettes\":[{\"name\":\"Default Palette\",\"value\":{\"colors\":{\"62516\":{\"val\":\"var(--tcb-skin-color-0)\"}},\"gradients\":[]}}]}__CONFIG_colors_palette__<\/div>\n\t<a href=\"http:\/\/depot-de-marque.com\/guide-marques\/\" class=\"tcb-button-link tcb-plain-text\">\n\t\t<span class=\"tcb-button-texts\"><span class=\"tcb-button-text thrv-inline-text\">Revenir au menu<\/span><\/span>\n\t<\/a>\n<\/div>","tve_custom_css":"@media (min-width: 300px){[data-css=\"tve-u-176245047ef\"] .tcb-button-link { letter-spacing: 2px; background-image: linear-gradient(var(--tcb-local-color-62516,rgb(19,114,211)),var(--tcb-local-color-62516,rgb(19,114,211))); --tve-applied-background-image: linear-gradient(var$(--tcb-local-color-62516,rgb(19,114,211)),var$(--tcb-local-color-62516,rgb(19,114,211))); background-size: auto; background-attachment: scroll; border-radius: 5px; overflow: hidden; padding: 18px; background-position: 50% 50%; background-repeat: no-repeat; }[data-css=\"tve-u-176245047ef\"] .tcb-button-link span { color: rgb(255, 255, 255); --tcb-applied-color: #fff; }[data-css=\"tve-u-176245047ef\"] { --tcb-local-color-62516: var(--tcb-skin-color-0); }[data-css=\"tve-u-17624504805\"] { --tcb-local-color-62516: var(--tcb-skin-color-0)  !important; }}","tve_user_custom_css":"","tve_globals":{"e":"1","font_cls":[]},"tcb2_ready":1,"tcb_editor_enabled":1,"tve_landing_page":"","_tve_header":"0","_tve_footer":"0"},"class_list":["post-1613","page","type-page","status-publish","hentry","post-wrapper","thrv_wrapper"],"_links":{"self":[{"href":"https:\/\/depot-de-marque.com\/en\/wp-json\/wp\/v2\/pages\/1613","targetHints":{"allow":["GET"]}}],"collection":[{"href":"https:\/\/depot-de-marque.com\/en\/wp-json\/wp\/v2\/pages"}],"about":[{"href":"https:\/\/depot-de-marque.com\/en\/wp-json\/wp\/v2\/types\/page"}],"author":[{"embeddable":true,"href":"https:\/\/depot-de-marque.com\/en\/wp-json\/wp\/v2\/users\/1"}],"replies":[{"embeddable":true,"href":"https:\/\/depot-de-marque.com\/en\/wp-json\/wp\/v2\/comments?post=1613"}],"version-history":[{"count":0,"href":"https:\/\/depot-de-marque.com\/en\/wp-json\/wp\/v2\/pages\/1613\/revisions"}],"up":[{"embeddable":true,"href":"https:\/\/depot-de-marque.com\/en\/wp-json\/wp\/v2\/pages\/11"}],"wp:attachment":[{"href":"https:\/\/depot-de-marque.com\/en\/wp-json\/wp\/v2\/media?parent=1613"}],"curies":[{"name":"wp","href":"https:\/\/api.w.org\/{rel}","templated":true}]}}