{"id":1596,"date":"2016-08-24T14:41:55","date_gmt":"2016-08-24T14:41:55","guid":{"rendered":"http:\/\/depot-de-marque.com\/?page_id=1596"},"modified":"2018-06-11T13:47:17","modified_gmt":"2018-06-11T11:47:17","slug":"what-is-a-brand","status":"publish","type":"page","link":"https:\/\/depot-de-marque.com\/en\/guide-marques\/quest-ce-quune-marque\/","title":{"rendered":"What is a brand?"},"content":{"rendered":"<p>[fusion_builder_container hundred_percent=\u00a0\u00bbno\u00a0\u00bb equal_height_columns=\u00a0\u00bbno\u00a0\u00bb menu_anchor=\u00a0\u00bb\u00a0\u00bb hide_on_mobile=\u00a0\u00bbsmall-visibility,medium-visibility,large-visibility\u00a0\u00bb class=\u00a0\u00bb\u00a0\u00bb id=\u00a0\u00bb\u00a0\u00bb background_color=\u00a0\u00bb\u00a0\u00bb background_image=\u00a0\u00bb\u00a0\u00bb background_position=\u00a0\u00bbcenter center\u00a0\u00bb background_repeat=\u00a0\u00bbno-repeat\u00a0\u00bb fade=\u00a0\u00bbno\u00a0\u00bb background_parallax=\u00a0\u00bbnone\u00a0\u00bb enable_mobile=\u00a0\u00bbno\u00a0\u00bb parallax_speed=\u00a0\u00bb0.3&Prime; video_mp4=\u00a0\u00bb\u00a0\u00bb video_webm=\u00a0\u00bb\u00a0\u00bb video_ogv=\u00a0\u00bb\u00a0\u00bb video_url=\u00a0\u00bb\u00a0\u00bb video_aspect_ratio=\u00a0\u00bb16:9&Prime; video_loop=\u00a0\u00bbyes\u00a0\u00bb video_mute=\u00a0\u00bbyes\u00a0\u00bb video_preview_image=\u00a0\u00bb\u00a0\u00bb border_size=\u00a0\u00bb\u00a0\u00bb border_color=\u00a0\u00bb\u00a0\u00bb border_style=\u00a0\u00bbsolid\u00a0\u00bb margin_top=\u00a0\u00bb\u00a0\u00bb margin_bottom=\u00a0\u00bb\u00a0\u00bb padding_top=\u00a0\u00bb\u00a0\u00bb padding_right=\u00a0\u00bb\u00a0\u00bb padding_bottom=\u00a0\u00bb\u00a0\u00bb padding_left=\u00a0\u00bb\u00a0\u00bb][fusion_builder_row][fusion_builder_column type=\u00a0\u00bb1_1&Prime; layout=\u00a0\u00bb1_1&Prime; spacing=\u00a0\u00bb\u00a0\u00bb center_content=\u00a0\u00bbno\u00a0\u00bb hover_type=\u00a0\u00bbnone\u00a0\u00bb link=\u00a0\u00bb\u00a0\u00bb min_height=\u00a0\u00bb\u00a0\u00bb hide_on_mobile=\u00a0\u00bbsmall-visibility,medium-visibility,large-visibility\u00a0\u00bb class=\u00a0\u00bb\u00a0\u00bb id=\u00a0\u00bb\u00a0\u00bb background_color=\u00a0\u00bb\u00a0\u00bb background_image=\u00a0\u00bb\u00a0\u00bb background_position=\u00a0\u00bbleft top\u00a0\u00bb background_repeat=\u00a0\u00bbno-repeat\u00a0\u00bb border_size=\u00a0\u00bb0&Prime; border_color=\u00a0\u00bb\u00a0\u00bb border_style=\u00a0\u00bbsolid\u00a0\u00bb border_position=\u00a0\u00bball\u00a0\u00bb padding_top=\u00a0\u00bb\u00a0\u00bb padding_right=\u00a0\u00bb\u00a0\u00bb padding_bottom=\u00a0\u00bb\u00a0\u00bb padding_left=\u00a0\u00bb\u00a0\u00bb dimension_margin=\u00a0\u00bb\u00a0\u00bb animation_type=\u00a0\u00bb\u00a0\u00bb animation_direction=\u00a0\u00bbleft\u00a0\u00bb animation_speed=\u00a0\u00bb0.3&Prime; animation_offset=\u00a0\u00bb\u00a0\u00bb last=\u00a0\u00bbno\u00a0\u00bb][fusion_imageframe image_id=\u00a0\u00bb1604&Prime; style_type=\u00a0\u00bbnone\u00a0\u00bb stylecolor=\u00a0\u00bb\u00a0\u00bb hover_type=\u00a0\u00bbnone\u00a0\u00bb bordersize=\u00a0\u00bb\u00a0\u00bb bordercolor=\u00a0\u00bb\u00a0\u00bb borderradius=\u00a0\u00bb\u00a0\u00bb align=\u00a0\u00bbcenter\u00a0\u00bb lightbox=\u00a0\u00bbno\u00a0\u00bb gallery_id=\u00a0\u00bb\u00a0\u00bb lightbox_image=\u00a0\u00bb\u00a0\u00bb alt=\u00a0\u00bb\u00a0\u00bb link=\u00a0\u00bb\u00a0\u00bb linktarget=\u00a0\u00bb_self\u00a0\u00bb hide_on_mobile=\u00a0\u00bbsmall-visibility,medium-visibility,large-visibility\u00a0\u00bb class=\u00a0\u00bb\u00a0\u00bb id=\u00a0\u00bb\u00a0\u00bb animation_type=\u00a0\u00bb\u00a0\u00bb animation_direction=\u00a0\u00bbleft\u00a0\u00bb animation_speed=\u00a0\u00bb0.3&Prime; animation_offset=\u00a0\u00bb\u00a0\u00bb]http:\/\/depot-de-marque.com\/wp-content\/uploads\/2016\/08\/GM_quest-ce-quune-marque.jpg[\/fusion_imageframe][fusion_separator style_type=\u00a0\u00bbnone\u00a0\u00bb hide_on_mobile=\u00a0\u00bbsmall-visibility,medium-visibility,large-visibility\u00a0\u00bb class=\u00a0\u00bb\u00a0\u00bb id=\u00a0\u00bb\u00a0\u00bb sep_color=\u00a0\u00bb\u00a0\u00bb top_margin=\u00a0\u00bb50&Prime; bottom_margin=\u00a0\u00bb\u00a0\u00bb border_size=\u00a0\u00bb\u00a0\u00bb icon=\u00a0\u00bb\u00a0\u00bb icon_circle=\u00a0\u00bb\u00a0\u00bb icon_circle_color=\u00a0\u00bb\u00a0\u00bb width=\u00a0\u00bb\u00a0\u00bb alignment=\u00a0\u00bbcenter\u00a0\u00bb \/][fusion_code]W2xhc3R1cGRhdGVd[\/fusion_code][fusion_separator style_type=\u00a0\u00bbnone\u00a0\u00bb hide_on_mobile=\u00a0\u00bbsmall-visibility,medium-visibility,large-visibility\u00a0\u00bb class=\u00a0\u00bb\u00a0\u00bb id=\u00a0\u00bb\u00a0\u00bb sep_color=\u00a0\u00bb\u00a0\u00bb top_margin=\u00a0\u00bb30&Prime; bottom_margin=\u00a0\u00bb\u00a0\u00bb border_size=\u00a0\u00bb\u00a0\u00bb icon=\u00a0\u00bb\u00a0\u00bb icon_circle=\u00a0\u00bb\u00a0\u00bb icon_circle_color=\u00a0\u00bb\u00a0\u00bb width=\u00a0\u00bb\u00a0\u00bb alignment=\u00a0\u00bbcenter\u00a0\u00bb \/][fusion_text]<\/p>\n<h1>Qu\u2019est-ce qu\u2019une marque ?<\/h1>\n<h2>D\u00e9finition de la marque<\/h2>\n<p>Une marque est un droit de propri\u00e9t\u00e9 industrielle qui fait l\u2019objet d\u2019un enregistrement aupr\u00e8s d\u2019un office national, r\u00e9gional ou mondial. En France, on d\u00e9pose une marque aupr\u00e8s de l\u2019INPI (Institut National de la Propri\u00e9t\u00e9 Industrielle), en Europe aupr\u00e8s de l\u2019EUIPO (office europ\u00e9en de la propri\u00e9t\u00e9 intellectuelle). Pour une marque internationale, on passe par l\u2019OMPI (Organisation Mondiale de la Propri\u00e9t\u00e9 Intellectuelle).<\/p>\n<p>Le but premier de la marque est de distinguer les produits et services d\u2019une entreprise de ceux d\u2019une autre : son titulaire peut donc emp\u00eacher des tiers d\u2019utiliser la m\u00eame marque, ou une marque proche, dans le m\u00eame domaine d\u2019activit\u00e9, ou dans un domaine proche. Et ce afin d\u2019\u00e9viter tout risque de confusion pour le consommateur moyen, qui ne doit pas croire que deux produits \u00e9manant de deux soci\u00e9t\u00e9s diff\u00e9rentes sont li\u00e9s. A ce titre, une marque doit \u00eatre distinctive, c\u2019est \u00e0 dire qu\u2019elle doit \u00eatre suffisamment arbitraire par rapport au secteur d\u2019activit\u00e9 vis\u00e9 par la marque, et disponible, c\u2019est \u00e0 dire qu\u2019elle ne doit pas \u00eatre d\u00e9j\u00e0 prise par un tiers dans le m\u00eame secteur d\u2019activit\u00e9.<\/p>\n<h2>La protection de la marque<\/h2>\n<p>Le droit de marque est obtenu gr\u00e2ce \u00e0 l\u2019enregistrement, qui fait suite \u00e0 une proc\u00e9dure de d\u00e9p\u00f4t au cours de laquelle l\u2019office a proc\u00e9d\u00e9 \u00e0 un examen plus ou moins approfondi en fonction des pays, a \u00e9ventuellement \u00e9mis des objections, et a valid\u00e9 le caract\u00e8re enregistrable de la marque. L\u2019enregistrement n\u2019est par ailleurs obtenu que si aucun tiers ne s\u2019y est oppos\u00e9 pendant la p\u00e9riode d\u2019opposition.<\/p>\n<p>La marque conf\u00e8re un droit exclusif d\u2019exploitation sur un signe, qui est compos\u00e9 d\u2019\u00e9l\u00e9ments verbaux et\/ou d\u2019\u00e9l\u00e9ments figuratifs (tels que logo, couleurs, police de caract\u00e8re\u2026). En fonction de la distinctivit\u00e9 de la marque, il est plus ou moins important de la d\u00e9poser <a href=\"\/guide-marques\/marques-verbales-figuratives-et-semi-figuratives-les-differentes-formes-de-marques\/\">sous forme verbale ou sous forme semi-figurative ou figurative<\/a>.<\/p>\n<p>Une marque n\u2019est jamais prot\u00e9g\u00e9e de fa\u00e7on universelle : elle est toujours d\u00e9pos\u00e9e pour des produits et\/ou services sp\u00e9cifiques, clairement identifi\u00e9s dans son libell\u00e9. En savoir plus sur <a href=\"\/guide-marques\/les-classes-de-produits-et-services\/\">les classes de produits et services<\/a>.<\/p>\n<h2>Les actions en droit des marques<\/h2>\n<p>Etre titulaire d\u2019une marque enregistr\u00e9e permet l\u2019acc\u00e8s \u00e0 diff\u00e9rentes actions qui ne sont pas ouvertes aux personnes qui se contentent d\u2019utiliser une marque sans l\u2019avoir d\u00e9pos\u00e9e : l\u2019opposition devant l\u2019INPI, et l\u2019action en contrefa\u00e7on devant le juge.<\/p>\n<p>A l\u2019inverse, la marque peut faire l\u2019objet de diff\u00e9rentes actions si elle ne remplit pas les crit\u00e8res subjectifs pour rester enregistr\u00e9e : l\u2019action en annulation ou l\u2019action en d\u00e9ch\u00e9ance pour d\u00e9g\u00e9n\u00e9rescence ou l\u2019action en d\u00e9ch\u00e9ance pour non usage.<\/p>\n<p>Enfin, la marque est un actif immat\u00e9riel valorisable de l\u2019entreprise, qui doit \u00eatre entretenu afin de conserver, voire d\u2019augmenter sa valeur : la surveillance de marque permet de s\u2019assurer qu\u2019aucun tiers ne tente de d\u00e9poser une marque identique ou proche, ou de s\u2019approprier ind\u00fbment les efforts de communication r\u00e9alis\u00e9s par le d\u00e9posant. Dans ce dernier cas, les actions en concurrence d\u00e9loyale et\/ou en parasitisme permettent de faire cesser l\u2019atteinte.<\/p>\n<p>[\/fusion_text][fusion_separator style_type=\u00a0\u00bbnone\u00a0\u00bb hide_on_mobile=\u00a0\u00bbsmall-visibility,medium-visibility,large-visibility\u00a0\u00bb class=\u00a0\u00bb\u00a0\u00bb id=\u00a0\u00bb\u00a0\u00bb sep_color=\u00a0\u00bb\u00a0\u00bb top_margin=\u00a0\u00bb50&Prime; bottom_margin=\u00a0\u00bb\u00a0\u00bb border_size=\u00a0\u00bb\u00a0\u00bb icon=\u00a0\u00bb\u00a0\u00bb icon_circle=\u00a0\u00bb\u00a0\u00bb icon_circle_color=\u00a0\u00bb\u00a0\u00bb width=\u00a0\u00bb\u00a0\u00bb alignment=\u00a0\u00bbcenter\u00a0\u00bb \/][fusion_button link=\u00a0\u00bb\/guide-marques\u00a0\u00bb title=\u00a0\u00bb\u00a0\u00bb target=\u00a0\u00bb_self\u00a0\u00bb alignment=\u00a0\u00bbcenter\u00a0\u00bb modal=\u00a0\u00bb\u00a0\u00bb hide_on_mobile=\u00a0\u00bbsmall-visibility,medium-visibility,large-visibility\u00a0\u00bb class=\u00a0\u00bb\u00a0\u00bb id=\u00a0\u00bb\u00a0\u00bb color=\u00a0\u00bbdefault\u00a0\u00bb button_gradient_top_color=\u00a0\u00bb\u00a0\u00bb button_gradient_bottom_color=\u00a0\u00bb\u00a0\u00bb button_gradient_top_color_hover=\u00a0\u00bb\u00a0\u00bb button_gradient_bottom_color_hover=\u00a0\u00bb\u00a0\u00bb accent_color=\u00a0\u00bb\u00a0\u00bb accent_hover_color=\u00a0\u00bb\u00a0\u00bb type=\u00a0\u00bb\u00a0\u00bb bevel_color=\u00a0\u00bb\u00a0\u00bb border_width=\u00a0\u00bb\u00a0\u00bb size=\u00a0\u00bb\u00a0\u00bb stretch=\u00a0\u00bbdefault\u00a0\u00bb shape=\u00a0\u00bb\u00a0\u00bb icon=\u00a0\u00bb\u00a0\u00bb icon_position=\u00a0\u00bbleft\u00a0\u00bb icon_divider=\u00a0\u00bbno\u00a0\u00bb animation_type=\u00a0\u00bb\u00a0\u00bb animation_direction=\u00a0\u00bbleft\u00a0\u00bb animation_speed=\u00a0\u00bb0.3&Prime; animation_offset=\u00a0\u00bb\u00a0\u00bb]Retour au menu du guide[\/fusion_button][\/fusion_builder_column][\/fusion_builder_row][\/fusion_builder_container]<\/p>\n","protected":false},"excerpt":{"rendered":"<p>[fusion_builder_container hundred_percent=\u00a0\u00bbno\u00a0\u00bb equal_height_columns=\u00a0\u00bbno\u00a0\u00bb menu_anchor=\u00a0\u00bb\u00a0\u00bb hide_on_mobile=\u00a0\u00bbsmall-visibility,medium-visibility,large-visibility\u00a0\u00bb class=\u00a0\u00bb\u00a0\u00bb id=\u00a0\u00bb\u00a0\u00bb background_color=\u00a0\u00bb\u00a0\u00bb background_image=\u00a0\u00bb\u00a0\u00bb background_position=\u00a0\u00bbcenter center\u00a0\u00bb background_repeat=\u00a0\u00bbno-repeat\u00a0\u00bb fade=\u00a0\u00bbno\u00a0\u00bb background_parallax=\u00a0\u00bbnone\u00a0\u00bb enable_mobile=\u00a0\u00bbno\u00a0\u00bb parallax_speed=\u00a0\u00bb0.3&Prime; video_mp4=\u00a0\u00bb\u00a0\u00bb video_webm=\u00a0\u00bb\u00a0\u00bb video_ogv=\u00a0\u00bb\u00a0\u00bb video_url=\u00a0\u00bb\u00a0\u00bb video_aspect_ratio=\u00a0\u00bb16:9&Prime; video_loop=\u00a0\u00bbyes\u00a0\u00bb video_mute=\u00a0\u00bbyes\u00a0\u00bb video_preview_image=\u00a0\u00bb\u00a0\u00bb border_size=\u00a0\u00bb\u00a0\u00bb border_color=\u00a0\u00bb\u00a0\u00bb border_style=\u00a0\u00bbsolid\u00a0\u00bb margin_top=\u00a0\u00bb\u00a0\u00bb margin_bottom=\u00a0\u00bb\u00a0\u00bb padding_top=\u00a0\u00bb\u00a0\u00bb padding_right=\u00a0\u00bb\u00a0\u00bb padding_bottom=\u00a0\u00bb\u00a0\u00bb padding_left=\u00a0\u00bb\u00a0\u00bb][fusion_builder_row][fusion_builder_column type=\u00a0\u00bb1_1&Prime; layout=\u00a0\u00bb1_1&Prime; spacing=\u00a0\u00bb\u00a0\u00bb center_content=\u00a0\u00bbno\u00a0\u00bb hover_type=\u00a0\u00bbnone\u00a0\u00bb link=\u00a0\u00bb\u00a0\u00bb min_height=\u00a0\u00bb\u00a0\u00bb hide_on_mobile=\u00a0\u00bbsmall-visibility,medium-visibility,large-visibility\u00a0\u00bb class=\u00a0\u00bb\u00a0\u00bb id=\u00a0\u00bb\u00a0\u00bb background_color=\u00a0\u00bb\u00a0\u00bb background_image=\u00a0\u00bb\u00a0\u00bb background_position=\u00a0\u00bbleft top\u00a0\u00bb background_repeat=\u00a0\u00bbno-repeat\u00a0\u00bb border_size=\u00a0\u00bb0&Prime; border_color=\u00a0\u00bb\u00a0\u00bb border_style=\u00a0\u00bbsolid\u00a0\u00bb border_position=\u00a0\u00bball\u00a0\u00bb padding_top=\u00a0\u00bb\u00a0\u00bb padding_right=\u00a0\u00bb\u00a0\u00bb padding_bottom=\u00a0\u00bb\u00a0\u00bb [&hellip;]<\/p>\n","protected":false},"author":1,"featured_media":0,"parent":11,"menu_order":1,"comment_status":"closed","ping_status":"closed","template":"","meta":{"footnotes":""},"class_list":["post-1596","page","type-page","status-publish","hentry","post-wrapper","thrv_wrapper"],"_links":{"self":[{"href":"https:\/\/depot-de-marque.com\/en\/wp-json\/wp\/v2\/pages\/1596","targetHints":{"allow":["GET"]}}],"collection":[{"href":"https:\/\/depot-de-marque.com\/en\/wp-json\/wp\/v2\/pages"}],"about":[{"href":"https:\/\/depot-de-marque.com\/en\/wp-json\/wp\/v2\/types\/page"}],"author":[{"embeddable":true,"href":"https:\/\/depot-de-marque.com\/en\/wp-json\/wp\/v2\/users\/1"}],"replies":[{"embeddable":true,"href":"https:\/\/depot-de-marque.com\/en\/wp-json\/wp\/v2\/comments?post=1596"}],"version-history":[{"count":0,"href":"https:\/\/depot-de-marque.com\/en\/wp-json\/wp\/v2\/pages\/1596\/revisions"}],"up":[{"embeddable":true,"href":"https:\/\/depot-de-marque.com\/en\/wp-json\/wp\/v2\/pages\/11"}],"wp:attachment":[{"href":"https:\/\/depot-de-marque.com\/en\/wp-json\/wp\/v2\/media?parent=1596"}],"curies":[{"name":"wp","href":"https:\/\/api.w.org\/{rel}","templated":true}]}}