{"id":1274,"date":"2017-05-02T20:27:27","date_gmt":"2017-05-02T20:27:27","guid":{"rendered":"http:\/\/depot-de-marque.com\/?page_id=1274"},"modified":"2024-12-17T20:12:17","modified_gmt":"2024-12-17T19:12:17","slug":"register-a-trademark","status":"publish","type":"page","link":"https:\/\/depot-de-marque.com\/en\/deposer-une-marque\/","title":{"rendered":"Register a trademark"},"content":{"rendered":"<h1><strong><span style=\"color: rgb(229, 190, 47);\">Register a trademark<\/span><\/strong><\/h1>\n<p>Nothing could be easier, with the help of our experts!<\/p>\n<p><span style=\"\"><a href=\"http:\/\/depot-de-marque.com\/en\/trademark-registration-in-france\/\" rel=\"\"><img decoding=\"async\" alt=\"trademark registration in France\" data-id=\"3542\" width=\"215\" data-init-width=\"390\" height=\"133\" data-init-height=\"240\" title=\"French flag\" loading=\"lazy\" src=\"\/\/depot-de-marque.com\/wp-content\/uploads\/2019\/12\/drapeau-france.jpg\" data-width=\"215\" data-height=\"133\" data-link-wrap=\"1\" style=\"aspect-ratio: auto 390 \/ 240;\" ml-d=\"-8\" center-h-d=\"true\"><\/a><\/span><span><a href=\"http:\/\/depot-de-marque.com\/en\/european-trademark-registration\/\"><img decoding=\"async\" alt=\"trademark registration in the european union\" data-id=\"3544\" width=\"200\" data-init-width=\"236\" height=\"134\" data-init-height=\"158\" title=\"eu-flag\" loading=\"lazy\" src=\"\/\/depot-de-marque.com\/wp-content\/uploads\/2019\/12\/drapeau-ue.jpg\" data-width=\"200\" data-height=\"134\" data-link-wrap=\"true\" style=\"aspect-ratio: auto 236 \/ 158;\" ml-d=\"0\" center-h-d=\"false\"><\/a><\/span><span style=\"\"><a href=\"http:\/\/depot-de-marque.com\/en\/brexit-trademark-registration-in-the-united-kingdom\/\"><img decoding=\"async\" alt=\"register a trademark in the United Kingdom\" data-id=\"3563\" width=\"273\" data-init-width=\"600\" height=\"136\" data-init-height=\"300\" title=\"United Kingdom flag\" loading=\"lazy\" src=\"\/\/depot-de-marque.com\/wp-content\/uploads\/2019\/12\/drapeau-royaume-uni.png\" data-width=\"273\" data-height=\"136\" data-link-wrap=\"true\" style=\"aspect-ratio: auto 600 \/ 300;\" ml-d=\"-36\" center-h-d=\"true\"><\/a><\/span><span style=\"\"><a href=\"http:\/\/depot-de-marque.com\/en\/trademark-registration-in-switzerland\/\" rel=\"\" target=\"_blank\"><img decoding=\"async\" alt=\"trademark registration in Switzerland\" data-id=\"5103\" width=\"216\" data-init-width=\"256\" height=\"144\" data-init-height=\"171\" title=\"Switzerland-flag\" loading=\"lazy\" src=\"http:\/\/depot-de-marque.com\/wp-content\/uploads\/2023\/03\/drapeau-suisse.jpg\" data-width=\"216\" data-height=\"144\" data-link-wrap=\"1\" style=\"aspect-ratio: auto 256 \/ 171;\" ml-d=\"-8\" center-h-d=\"true\"><\/a><\/span><span style=\"\"><a href=\"http:\/\/depot-de-marque.com\/en\/trademark-registration-in-benelux\/\" rel=\"\"><img decoding=\"async\" alt=\"trademark registration in Benelux\" data-id=\"5112\" width=\"216\" data-init-width=\"384\" height=\"144\" data-init-height=\"256\" title=\"Benelux-flag\" loading=\"lazy\" src=\"http:\/\/depot-de-marque.com\/wp-content\/uploads\/2023\/03\/drapeau-benelux.jpg\" data-width=\"216\" data-height=\"144\" data-link-wrap=\"1\" style=\"aspect-ratio: auto 384 \/ 256;\" ml-d=\"-8\" center-h-d=\"true\"><\/a><\/span><\/p>\n<p style=\"text-align: center;\">INTERNATIONALLY<\/p>\n<p><span><a href=\"http:\/\/depot-de-marque.com\/en\/international-trademark-registration\/\"><img decoding=\"async\" alt=\"international trademark registration\" data-id=\"3558\" width=\"200\" data-init-width=\"2048\" height=\"133\" data-init-height=\"1358\" title=\"wipo-logo\" loading=\"lazy\" src=\"\/\/depot-de-marque.com\/wp-content\/uploads\/2019\/12\/wipo-logo.jpg\" data-width=\"200\" data-height=\"133\" data-link-wrap=\"true\" style=\"aspect-ratio: auto 2048 \/ 1358;\"><\/a><\/span><span style=\"\"><img decoding=\"async\" alt=\"\" data-id=\"4534\" width=\"224\" data-init-width=\"250\" height=\"135\" data-init-height=\"150\" title=\"world\" loading=\"lazy\" src=\"\/\/depot-de-marque.com\/wp-content\/uploads\/2020\/11\/monde.jpg\" data-width=\"224\" data-height=\"135\" data-link-wrap=\"true\" style=\"aspect-ratio: auto 250 \/ 150;\" ml-d=\"-1\"><\/span><span style=\"\"><a href=\"http:\/\/depot-de-marque.com\/wp-content\/uploads\/2020\/08\/hands-600497_640-1.jpg\"><img decoding=\"async\" alt=\"world brand\" data-id=\"3970\" width=\"379\" data-init-width=\"640\" height=\"253\" data-init-height=\"427\" title=\"world brand\" loading=\"lazy\" src=\"\/\/depot-de-marque.com\/wp-content\/uploads\/2020\/08\/hands-600497_640-1.jpg\" data-width=\"379\" data-height=\"253\" style=\"aspect-ratio: auto 640 \/ 427;\" mt-d=\"0\" data-link-wrap=\"true\"><\/a><span style=\"\"><\/span><\/span><\/p>\n<h2 style=\"\">Where to register your trademark?<\/h2>\n<p>A trademark is territorial, i.e. its geographical protection is limited to the country (or set of countries) in which it has been registered.<\/p>\n<p>It is possible to register a trademark anywhere in the world, as most countries have an industrial property office equivalent to the French INPI.<\/p>\n<p style=\"text-align: left;\"><strong>But where to start?<\/strong><\/p>\n<h3 style=\"\">France: the starting point<\/h3>\n<p style=\"\">As a general rule, we advise our clients to start by registering a French trademark, especially if their activity will be mainly in France. This allows them to be legally protected in their country of origin, without having to spend a lot of money. This is particularly relevant if you are starting a project and you don't know yet if it will work or not.<\/p>\n<p style=\"\">\n<p style=\"\">Moreover, a French application is a mandatory prerequisite for filing an international trademark (<a href=\"#tve-jump-1761028044d\" style=\"outline: none;\">see below<\/a>).<\/p>\n<h3 style=\"\">Europe: the logical next step<\/h3>\n<p style=\"\">Subsequently, many choose to extend their protection to the European Union, since the European trademark allows protection in all 27 EU countries with a single application. <a href=\"http:\/\/depot-de-marque.com\/en\/brand-guide\/registering-a-european-trademark\/\" target=\"_blank\" style=\"outline: none;\">Learn more about the European Trademark<\/a><\/p>\n<p style=\"\">\n<p style=\"\">Please note: the European trademark does not cover the UK or Switzerland. To register your trademark in these countries, separate registrations are required. We can help you with these filings.&nbsp;<\/p>\n<h3 style=\"\">To infinity and beyond!<\/h3>\n<p style=\"\">If you plan to market your products and\/or services beyond the European borders, we may be able to advise you to file an international trademark application. This trademark is registered with the WIPO and allows you to target many countries in a single registration, provided that these countries are members of this system. <a href=\"http:\/\/depot-de-marque.com\/en\/brand-guide\/register-an-international-trademark\/\" target=\"_blank\" style=\"outline: none;\">Learn more about the international trademark<\/a><\/p>\n<p style=\"\">\n<p style=\"\">For other countries, we use our local correspondents who take care of the administrative formalities and send us all the information related to your filing, until its registration.<\/p>","protected":false},"excerpt":{"rendered":"<p>D\u00e9poser une marque Rien de plus simple, avec l&rsquo;aide de nos expertes ! AILLEURS DANS LE MONDE O\u00f9 d\u00e9poser votre marque ? Une marque est territoriale, c&rsquo;est \u00e0 dire que sa protection g\u00e9ographique est limit\u00e9e au pays (ou \u00e0 l&rsquo;ensemble de pays) dans lequel elle a \u00e9t\u00e9 d\u00e9pos\u00e9e. Il est possible de d\u00e9poser une marque [&hellip;]<\/p>\n","protected":false},"author":1,"featured_media":0,"parent":0,"menu_order":0,"comment_status":"closed","ping_status":"closed","template":"","meta":{"footnotes":""},"class_list":["post-1274","page","type-page","status-publish","hentry","post-wrapper","thrv_wrapper"],"_links":{"self":[{"href":"https:\/\/depot-de-marque.com\/en\/wp-json\/wp\/v2\/pages\/1274","targetHints":{"allow":["GET"]}}],"collection":[{"href":"https:\/\/depot-de-marque.com\/en\/wp-json\/wp\/v2\/pages"}],"about":[{"href":"https:\/\/depot-de-marque.com\/en\/wp-json\/wp\/v2\/types\/page"}],"author":[{"embeddable":true,"href":"https:\/\/depot-de-marque.com\/en\/wp-json\/wp\/v2\/users\/1"}],"replies":[{"embeddable":true,"href":"https:\/\/depot-de-marque.com\/en\/wp-json\/wp\/v2\/comments?post=1274"}],"version-history":[{"count":0,"href":"https:\/\/depot-de-marque.com\/en\/wp-json\/wp\/v2\/pages\/1274\/revisions"}],"wp:attachment":[{"href":"https:\/\/depot-de-marque.com\/en\/wp-json\/wp\/v2\/media?parent=1274"}],"curies":[{"name":"wp","href":"https:\/\/api.w.org\/{rel}","templated":true}]}}